{"id":54,"date":"2020-09-10T16:42:52","date_gmt":"2020-09-10T14:42:52","guid":{"rendered":"http:\/\/ecointernational.ch\/?page_id=54"},"modified":"2021-04-13T10:49:59","modified_gmt":"2021-04-13T08:49:59","slug":"pharmaceutical-divisions","status":"publish","type":"page","link":"https:\/\/ecointernational.ch\/it\/pharmaceutical-divisions\/","title":{"rendered":"Farmaceutico - Divisioni"},"content":{"rendered":"<div data-elementor-type=\"wp-page\" data-elementor-id=\"54\" class=\"elementor elementor-54\" data-elementor-post-type=\"page\">\n\t\t\t\t\t\t<section class=\"elementor-section elementor-top-section elementor-element elementor-element-bef61cd elementor-section-full_width elementor-section-height-min-height elementor-section-height-default elementor-section-items-middle\" data-id=\"bef61cd\" data-element_type=\"section\" data-settings=\"{&quot;background_background&quot;:&quot;classic&quot;,&quot;_ha_eqh_enable&quot;:false}\">\n\t\t\t\t\t\t<div class=\"elementor-container elementor-column-gap-default\">\n\t\t\t\t\t<div class=\"elementor-column elementor-col-100 elementor-top-column elementor-element elementor-element-addee0c\" data-id=\"addee0c\" data-element_type=\"column\">\n\t\t\t<div class=\"elementor-widget-wrap elementor-element-populated\">\n\t\t\t\t\t\t<div class=\"elementor-element elementor-element-6f6996f elementor-widget elementor-widget-heading\" data-id=\"6f6996f\" data-element_type=\"widget\" data-widget_type=\"heading.default\">\n\t\t\t\t<div class=\"elementor-widget-container\">\n\t\t\t<h1 class=\"elementor-heading-title elementor-size-default\">FARMACEUTICO<\/h1>\t\t<\/div>\n\t\t\t\t<\/div>\n\t\t\t\t<div class=\"elementor-element elementor-element-c82f981 rigaSliderDivision ha-has-bg-overlay elementor-widget elementor-widget-heading\" data-id=\"c82f981\" data-element_type=\"widget\" data-widget_type=\"heading.default\">\n\t\t\t\t<div class=\"elementor-widget-container\">\n\t\t\t<h2 class=\"elementor-heading-title elementor-size-default\">Progetti chiavi in mano: dalla base fino alla fase di messa in funzione e convalida dell'impianto<\/h2>\t\t<\/div>\n\t\t\t\t<\/div>\n\t\t\t\t\t<\/div>\n\t\t<\/div>\n\t\t\t\t\t<\/div>\n\t\t<\/section>\n\t\t\t\t<section class=\"elementor-section elementor-top-section elementor-element elementor-element-0e955a9 elementor-section-full_width elementor-section-height-default elementor-section-height-default\" data-id=\"0e955a9\" data-element_type=\"section\" data-settings=\"{&quot;_ha_eqh_enable&quot;:false}\">\n\t\t\t\t\t\t<div class=\"elementor-container elementor-column-gap-default\">\n\t\t\t\t\t<div class=\"elementor-column elementor-col-100 elementor-top-column elementor-element elementor-element-2e69267\" data-id=\"2e69267\" data-element_type=\"column\">\n\t\t\t<div class=\"elementor-widget-wrap elementor-element-populated\">\n\t\t\t\t\t\t<div class=\"elementor-element elementor-element-cd1acdd elementor-align-right elementor-widget elementor-widget-breadcrumbs\" data-id=\"cd1acdd\" data-element_type=\"widget\" data-widget_type=\"breadcrumbs.default\">\n\t\t\t\t<div class=\"elementor-widget-container\">\n\t\t\t<p id=\"breadcrumbs\"><span><span><a href=\"https:\/\/ecointernational.ch\/it\/\">Casa<\/a><\/span><\/span><\/p>\t\t<\/div>\n\t\t\t\t<\/div>\n\t\t\t\t<div class=\"elementor-element elementor-element-7d993d3 elementor-widget elementor-widget-text-editor\" data-id=\"7d993d3\" data-element_type=\"widget\" data-widget_type=\"text-editor.default\">\n\t\t\t\t<div class=\"elementor-widget-container\">\n\t\t\t\t\t\t\t<p>Eco International pu\u00f2 fornire progetti chiavi in mano, dalla base fino alla fase di messa in funzione e convalida dell'impianto.<br \/>Fornitura, su base Lump Sum Turn Key, di interi impianti di produzione o parte di essi, comprese le attrezzature di processo. Tutti gli impianti sono convalidati secondo i criteri GMP di EMEA, FDA e agenzie locali. Questo viene fatto avvalendosi di un certo numero di societ\u00e0 di ingegneria e convalida qualificate che sono solitamente partner di Eco International SA. Un elenco degli impianti forniti finora \u00e8 disponibile su richiesta.<br \/>Eco International pu\u00f2 supportare il cliente nell'identificazione di fonti di finanziamento affidabili per nuovi impianti e attivit\u00e0 produttive nei paesi in via di sviluppo.<br \/>I servizi di ingegneria di Eco International iniziano con il Conceptual Design, necessario per capire le questioni tecniche di un nuovo progetto.<br \/>Poi Eco International pu\u00f2 fornire il Facility Planning consiste in interi siti di produzione o nell'analisi di singoli reparti e nel supporto alla progettazione in fase iniziale.<br \/>Il Facility Planning, spesso fase strategica nelle attivit\u00e0 di radicamento o di ristrutturazione, \u00e8 uno studio di fattibilit\u00e0 completo che prende in considerazione non solo i requisiti tecnici ma anche finanziari, di R&amp;S, di acquisto, di trasferimento della produzione e di marketing, per fornire uno strumento di gestione degli investimenti.<br \/>Eco International pu\u00f2 preparare studi di fattibilit\u00e0 secondo gli standard UNIDO Comfar III.<\/p>\t\t\t\t\t\t<\/div>\n\t\t\t\t<\/div>\n\t\t\t\t\t<\/div>\n\t\t<\/div>\n\t\t\t\t\t<\/div>\n\t\t<\/section>\n\t\t\t\t<section class=\"elementor-section elementor-top-section elementor-element elementor-element-539bde5 elementor-section-full_width elementor-section-height-default elementor-section-height-default\" data-id=\"539bde5\" data-element_type=\"section\" data-settings=\"{&quot;background_background&quot;:&quot;classic&quot;,&quot;shape_divider_top&quot;:&quot;tilt&quot;,&quot;_ha_eqh_enable&quot;:false}\">\n\t\t\t\t\t<div class=\"elementor-shape elementor-shape-top\" data-negative=\"false\">\n\t\t\t<svg xmlns=\"http:\/\/www.w3.org\/2000\/svg\" viewbox=\"0 0 1000 100\" preserveaspectratio=\"none\">\n\t<path class=\"elementor-shape-fill\" d=\"M0,6V0h1000v100L0,6z\"\/>\n<\/svg>\t\t<\/div>\n\t\t\t\t\t<div class=\"elementor-container elementor-column-gap-default\">\n\t\t\t\t\t<div data-ha-element-link=\"{&quot;url&quot;:&quot;http:\\\/\\\/ecointernational.ch\\\/pharmaceutical-divisions\\\/epc\\\/&quot;,&quot;is_external&quot;:&quot;&quot;,&quot;nofollow&quot;:&quot;&quot;}\" style=\"cursor: pointer\" class=\"elementor-column elementor-col-33 elementor-top-column elementor-element elementor-element-b326adc boxDivisions\" data-id=\"b326adc\" data-element_type=\"column\" data-settings=\"{&quot;background_background&quot;:&quot;classic&quot;}\">\n\t\t\t<div class=\"elementor-widget-wrap elementor-element-populated\">\n\t\t\t\t\t\t<section class=\"elementor-section elementor-inner-section elementor-element elementor-element-d9152a7 elementor-section-full_width elementor-section-height-default elementor-section-height-default\" data-id=\"d9152a7\" data-element_type=\"section\" data-settings=\"{&quot;_ha_eqh_enable&quot;:false}\">\n\t\t\t\t\t\t<div class=\"elementor-container elementor-column-gap-default\">\n\t\t\t\t\t<div class=\"elementor-column elementor-col-50 elementor-inner-column elementor-element elementor-element-6980a40\" data-id=\"6980a40\" data-element_type=\"column\">\n\t\t\t<div class=\"elementor-widget-wrap elementor-element-populated\">\n\t\t\t\t\t\t<div class=\"elementor-element elementor-element-f619b48 ha-has-bg-overlay elementor-widget elementor-widget-image\" data-id=\"f619b48\" data-element_type=\"widget\" data-widget_type=\"image.default\">\n\t\t\t\t<div class=\"elementor-widget-container\">\n\t\t\t\t\t\t\t\t\t\t\t\t\t\t<a href=\"https:\/\/ecointernational.ch\/it\/pharmaceutical-divisions\/epc\/\">\n\t\t\t\t\t\t\t<img fetchpriority=\"high\" decoding=\"async\" width=\"500\" height=\"500\" src=\"https:\/\/ecointernational.ch\/wp-content\/uploads\/2020\/09\/epc-icona.png\" class=\"attachment-large size-large wp-image-452\" alt=\"\" srcset=\"https:\/\/ecointernational.ch\/wp-content\/uploads\/2020\/09\/epc-icona.png 500w, https:\/\/ecointernational.ch\/wp-content\/uploads\/2020\/09\/epc-icona-300x300.png 300w, https:\/\/ecointernational.ch\/wp-content\/uploads\/2020\/09\/epc-icona-150x150.png 150w\" sizes=\"(max-width: 500px) 100vw, 500px\" \/>\t\t\t\t\t\t\t\t<\/a>\n\t\t\t\t\t\t\t\t\t\t\t\t\t<\/div>\n\t\t\t\t<\/div>\n\t\t\t\t\t<\/div>\n\t\t<\/div>\n\t\t\t\t<div class=\"elementor-column elementor-col-50 elementor-inner-column elementor-element elementor-element-19e9030\" data-id=\"19e9030\" data-element_type=\"column\">\n\t\t\t<div class=\"elementor-widget-wrap elementor-element-populated\">\n\t\t\t\t\t\t<div class=\"elementor-element elementor-element-7386813 elementor-widget elementor-widget-heading\" data-id=\"7386813\" data-element_type=\"widget\" data-widget_type=\"heading.default\">\n\t\t\t\t<div class=\"elementor-widget-container\">\n\t\t\t<h2 class=\"elementor-heading-title elementor-size-default\"><a href=\"https:\/\/ecointernational.ch\/it\/pharmaceutical-divisions\/epc\/\">EPC<\/a><\/h2>\t\t<\/div>\n\t\t\t\t<\/div>\n\t\t\t\t\t<\/div>\n\t\t<\/div>\n\t\t\t\t\t<\/div>\n\t\t<\/section>\n\t\t\t\t<div class=\"elementor-element elementor-element-88e47dc elementor-widget elementor-widget-heading\" data-id=\"88e47dc\" data-element_type=\"widget\" data-widget_type=\"heading.default\">\n\t\t\t\t<div class=\"elementor-widget-container\">\n\t\t\t<h4 class=\"elementor-heading-title elementor-size-default\">Ingegneria, approvvigionamento, costruzione<\/h4>\t\t<\/div>\n\t\t\t\t<\/div>\n\t\t\t\t<div class=\"elementor-element elementor-element-8eb2dee elementor-widget elementor-widget-text-editor\" data-id=\"8eb2dee\" data-element_type=\"widget\" data-widget_type=\"text-editor.default\">\n\t\t\t\t<div class=\"elementor-widget-container\">\n\t\t\t\t\t\t\t<p>Sviluppare il progetto dall'inizio al completamento finale.<\/p>\t\t\t\t\t\t<\/div>\n\t\t\t\t<\/div>\n\t\t\t\t\t<\/div>\n\t\t<\/div>\n\t\t\t\t<div data-ha-element-link=\"{&quot;url&quot;:&quot;http:\\\/\\\/ecointernational.ch\\\/pharmaceutical-divisions\\\/service\\\/&quot;,&quot;is_external&quot;:&quot;&quot;,&quot;nofollow&quot;:&quot;&quot;}\" style=\"cursor: pointer\" class=\"elementor-column elementor-col-33 elementor-top-column elementor-element elementor-element-9d39673 boxDivisions\" data-id=\"9d39673\" data-element_type=\"column\" data-settings=\"{&quot;background_background&quot;:&quot;classic&quot;}\">\n\t\t\t<div class=\"elementor-widget-wrap elementor-element-populated\">\n\t\t\t\t\t\t<section class=\"elementor-section elementor-inner-section elementor-element elementor-element-c8e70bb elementor-section-full_width elementor-section-height-default elementor-section-height-default\" data-id=\"c8e70bb\" data-element_type=\"section\" data-settings=\"{&quot;_ha_eqh_enable&quot;:false}\">\n\t\t\t\t\t\t<div class=\"elementor-container elementor-column-gap-default\">\n\t\t\t\t\t<div class=\"elementor-column elementor-col-50 elementor-inner-column elementor-element elementor-element-2f6d4cf\" data-id=\"2f6d4cf\" data-element_type=\"column\">\n\t\t\t<div class=\"elementor-widget-wrap elementor-element-populated\">\n\t\t\t\t\t\t<div class=\"elementor-element elementor-element-51088f6 ha-has-bg-overlay elementor-widget elementor-widget-image\" data-id=\"51088f6\" data-element_type=\"widget\" data-widget_type=\"image.default\">\n\t\t\t\t<div class=\"elementor-widget-container\">\n\t\t\t\t\t\t\t\t\t\t\t\t\t\t<a href=\"https:\/\/ecointernational.ch\/it\/pharmaceutical-divisions\/service\/\">\n\t\t\t\t\t\t\t<img decoding=\"async\" width=\"500\" height=\"500\" src=\"https:\/\/ecointernational.ch\/wp-content\/uploads\/2020\/09\/services.png\" class=\"attachment-large size-large wp-image-408\" alt=\"\" srcset=\"https:\/\/ecointernational.ch\/wp-content\/uploads\/2020\/09\/services.png 500w, https:\/\/ecointernational.ch\/wp-content\/uploads\/2020\/09\/services-300x300.png 300w, https:\/\/ecointernational.ch\/wp-content\/uploads\/2020\/09\/services-150x150.png 150w\" sizes=\"(max-width: 500px) 100vw, 500px\" \/>\t\t\t\t\t\t\t\t<\/a>\n\t\t\t\t\t\t\t\t\t\t\t\t\t<\/div>\n\t\t\t\t<\/div>\n\t\t\t\t\t<\/div>\n\t\t<\/div>\n\t\t\t\t<div class=\"elementor-column elementor-col-50 elementor-inner-column elementor-element elementor-element-a83973a\" data-id=\"a83973a\" data-element_type=\"column\">\n\t\t\t<div class=\"elementor-widget-wrap elementor-element-populated\">\n\t\t\t\t\t\t<div class=\"elementor-element elementor-element-ed0c062 elementor-widget elementor-widget-heading\" data-id=\"ed0c062\" data-element_type=\"widget\" data-widget_type=\"heading.default\">\n\t\t\t\t<div class=\"elementor-widget-container\">\n\t\t\t<h2 class=\"elementor-heading-title elementor-size-default\"><a href=\"https:\/\/ecointernational.ch\/it\/pharmaceutical-divisions\/service\/\">SERVIZI<\/a><\/h2>\t\t<\/div>\n\t\t\t\t<\/div>\n\t\t\t\t\t<\/div>\n\t\t<\/div>\n\t\t\t\t\t<\/div>\n\t\t<\/section>\n\t\t\t\t<div class=\"elementor-element elementor-element-fea8b94 elementor-widget elementor-widget-text-editor\" data-id=\"fea8b94\" data-element_type=\"widget\" data-widget_type=\"text-editor.default\">\n\t\t\t\t<div class=\"elementor-widget-container\">\n\t\t\t\t\t\t\tSerie di attivit\u00e0 aggiunte a \"Base EPC\" per completare l'offerta a 360 gradi di Eco International.\t\t\t\t\t\t<\/div>\n\t\t\t\t<\/div>\n\t\t\t\t\t<\/div>\n\t\t<\/div>\n\t\t\t\t<div class=\"elementor-column elementor-col-33 elementor-top-column elementor-element elementor-element-9037b1b\" data-id=\"9037b1b\" data-element_type=\"column\">\n\t\t\t<div class=\"elementor-widget-wrap\">\n\t\t\t\t\t\t\t<\/div>\n\t\t<\/div>\n\t\t\t\t\t<\/div>\n\t\t<\/section>\n\t\t\t\t<\/div>","protected":false},"excerpt":{"rendered":"<p>PHARMACEUTICAL Turnkey Projects: from grassroots up to stage of plant commissioning and validation Eco International can provide turnkey projects, from grassroots up to stage of plant commissioning and validation.Supply, on Lump Sum Turn Key basis, of entire production plants or part of them, including process equipment. All the facilities are validated according to EMEA, FDA [&hellip;]<\/p>","protected":false},"author":1,"featured_media":0,"parent":0,"menu_order":0,"comment_status":"closed","ping_status":"closed","template":"elementor_header_footer","meta":{"_acf_changed":false,"_monsterinsights_skip_tracking":false,"_monsterinsights_sitenote_active":false,"_monsterinsights_sitenote_note":"","_monsterinsights_sitenote_category":0,"footnotes":""},"class_list":["post-54","page","type-page","status-publish","hentry"],"acf":[],"yoast_head":"<!-- This site is optimized with the Yoast SEO plugin v23.1 - https:\/\/yoast.com\/wordpress\/plugins\/seo\/ -->\n<title>Pharmaceutical - Divisions - Eco International<\/title>\n<meta name=\"robots\" content=\"index, follow, max-snippet:-1, max-image-preview:large, max-video-preview:-1\" \/>\n<link rel=\"canonical\" href=\"https:\/\/ecointernational.ch\/it\/pharmaceutical-divisions\/\" \/>\n<meta property=\"og:locale\" content=\"it_IT\" \/>\n<meta property=\"og:type\" content=\"article\" \/>\n<meta property=\"og:title\" content=\"Pharmaceutical - Divisions - Eco International\" \/>\n<meta property=\"og:description\" content=\"PHARMACEUTICAL Turnkey Projects: from grassroots up to stage of plant commissioning and validation Eco International can provide turnkey projects, from grassroots up to stage of plant commissioning and validation.Supply, on Lump Sum Turn Key basis, of entire production plants or part of them, including process equipment. All the facilities are validated according to EMEA, FDA [&hellip;]\" \/>\n<meta property=\"og:url\" content=\"https:\/\/ecointernational.ch\/it\/pharmaceutical-divisions\/\" \/>\n<meta property=\"og:site_name\" content=\"Eco International\" \/>\n<meta property=\"article:modified_time\" content=\"2021-04-13T08:49:59+00:00\" \/>\n<meta property=\"og:image\" content=\"http:\/\/ecointernational.ch\/wp-content\/uploads\/2020\/09\/epc-icona.png\" \/>\n<meta name=\"twitter:card\" content=\"summary_large_image\" \/>\n<meta name=\"twitter:label1\" content=\"Tempo di lettura stimato\" \/>\n\t<meta name=\"twitter:data1\" content=\"2 minuti\" \/>\n<script type=\"application\/ld+json\" class=\"yoast-schema-graph\">{\"@context\":\"https:\/\/schema.org\",\"@graph\":[{\"@type\":\"WebPage\",\"@id\":\"https:\/\/ecointernational.ch\/es\/pharmaceutical-divisions\/\",\"url\":\"https:\/\/ecointernational.ch\/es\/pharmaceutical-divisions\/\",\"name\":\"Pharmaceutical - Divisions - Eco International\",\"isPartOf\":{\"@id\":\"https:\/\/ecointernational.ch\/#website\"},\"primaryImageOfPage\":{\"@id\":\"https:\/\/ecointernational.ch\/es\/pharmaceutical-divisions\/#primaryimage\"},\"image\":{\"@id\":\"https:\/\/ecointernational.ch\/es\/pharmaceutical-divisions\/#primaryimage\"},\"thumbnailUrl\":\"http:\/\/ecointernational.ch\/wp-content\/uploads\/2020\/09\/epc-icona.png\",\"datePublished\":\"2020-09-10T14:42:52+00:00\",\"dateModified\":\"2021-04-13T08:49:59+00:00\",\"breadcrumb\":{\"@id\":\"https:\/\/ecointernational.ch\/es\/pharmaceutical-divisions\/#breadcrumb\"},\"inLanguage\":\"it-IT\",\"potentialAction\":[{\"@type\":\"ReadAction\",\"target\":[\"https:\/\/ecointernational.ch\/es\/pharmaceutical-divisions\/\"]}]},{\"@type\":\"ImageObject\",\"inLanguage\":\"it-IT\",\"@id\":\"https:\/\/ecointernational.ch\/es\/pharmaceutical-divisions\/#primaryimage\",\"url\":\"http:\/\/ecointernational.ch\/wp-content\/uploads\/2020\/09\/epc-icona.png\",\"contentUrl\":\"http:\/\/ecointernational.ch\/wp-content\/uploads\/2020\/09\/epc-icona.png\"},{\"@type\":\"BreadcrumbList\",\"@id\":\"https:\/\/ecointernational.ch\/es\/pharmaceutical-divisions\/#breadcrumb\",\"itemListElement\":[{\"@type\":\"ListItem\",\"position\":1,\"name\":\"Home\",\"item\":\"https:\/\/ecointernational.ch\/\"},{\"@type\":\"ListItem\",\"position\":2,\"name\":\"Pharmaceutical &#8211; Divisions\"}]},{\"@type\":\"WebSite\",\"@id\":\"https:\/\/ecointernational.ch\/#website\",\"url\":\"https:\/\/ecointernational.ch\/\",\"name\":\"Eco International\",\"description\":\"\",\"publisher\":{\"@id\":\"https:\/\/ecointernational.ch\/#organization\"},\"potentialAction\":[{\"@type\":\"SearchAction\",\"target\":{\"@type\":\"EntryPoint\",\"urlTemplate\":\"https:\/\/ecointernational.ch\/?s={search_term_string}\"},\"query-input\":\"required name=search_term_string\"}],\"inLanguage\":\"it-IT\"},{\"@type\":\"Organization\",\"@id\":\"https:\/\/ecointernational.ch\/#organization\",\"name\":\"Eco International\",\"url\":\"https:\/\/ecointernational.ch\/\",\"logo\":{\"@type\":\"ImageObject\",\"inLanguage\":\"it-IT\",\"@id\":\"https:\/\/ecointernational.ch\/#\/schema\/logo\/image\/\",\"url\":\"https:\/\/ecointernational.ch\/wp-content\/uploads\/2020\/09\/LOGO-BLU.png\",\"contentUrl\":\"https:\/\/ecointernational.ch\/wp-content\/uploads\/2020\/09\/LOGO-BLU.png\",\"width\":482,\"height\":180,\"caption\":\"Eco International\"},\"image\":{\"@id\":\"https:\/\/ecointernational.ch\/#\/schema\/logo\/image\/\"}}]}<\/script>\n<!-- \/ Yoast SEO plugin. -->","yoast_head_json":{"title":"Pharmaceutical - Divisions - Eco International","robots":{"index":"index","follow":"follow","max-snippet":"max-snippet:-1","max-image-preview":"max-image-preview:large","max-video-preview":"max-video-preview:-1"},"canonical":"https:\/\/ecointernational.ch\/it\/pharmaceutical-divisions\/","og_locale":"it_IT","og_type":"article","og_title":"Pharmaceutical - Divisions - Eco International","og_description":"PHARMACEUTICAL Turnkey Projects: from grassroots up to stage of plant commissioning and validation Eco International can provide turnkey projects, from grassroots up to stage of plant commissioning and validation.Supply, on Lump Sum Turn Key basis, of entire production plants or part of them, including process equipment. All the facilities are validated according to EMEA, FDA [&hellip;]","og_url":"https:\/\/ecointernational.ch\/it\/pharmaceutical-divisions\/","og_site_name":"Eco International","article_modified_time":"2021-04-13T08:49:59+00:00","og_image":[{"url":"http:\/\/ecointernational.ch\/wp-content\/uploads\/2020\/09\/epc-icona.png"}],"twitter_card":"summary_large_image","twitter_misc":{"Tempo di lettura stimato":"2 minuti"},"schema":{"@context":"https:\/\/schema.org","@graph":[{"@type":"WebPage","@id":"https:\/\/ecointernational.ch\/es\/pharmaceutical-divisions\/","url":"https:\/\/ecointernational.ch\/es\/pharmaceutical-divisions\/","name":"Pharmaceutical - Divisions - Eco International","isPartOf":{"@id":"https:\/\/ecointernational.ch\/#website"},"primaryImageOfPage":{"@id":"https:\/\/ecointernational.ch\/es\/pharmaceutical-divisions\/#primaryimage"},"image":{"@id":"https:\/\/ecointernational.ch\/es\/pharmaceutical-divisions\/#primaryimage"},"thumbnailUrl":"http:\/\/ecointernational.ch\/wp-content\/uploads\/2020\/09\/epc-icona.png","datePublished":"2020-09-10T14:42:52+00:00","dateModified":"2021-04-13T08:49:59+00:00","breadcrumb":{"@id":"https:\/\/ecointernational.ch\/es\/pharmaceutical-divisions\/#breadcrumb"},"inLanguage":"it-IT","potentialAction":[{"@type":"ReadAction","target":["https:\/\/ecointernational.ch\/es\/pharmaceutical-divisions\/"]}]},{"@type":"ImageObject","inLanguage":"it-IT","@id":"https:\/\/ecointernational.ch\/es\/pharmaceutical-divisions\/#primaryimage","url":"http:\/\/ecointernational.ch\/wp-content\/uploads\/2020\/09\/epc-icona.png","contentUrl":"http:\/\/ecointernational.ch\/wp-content\/uploads\/2020\/09\/epc-icona.png"},{"@type":"BreadcrumbList","@id":"https:\/\/ecointernational.ch\/es\/pharmaceutical-divisions\/#breadcrumb","itemListElement":[{"@type":"ListItem","position":1,"name":"Home","item":"https:\/\/ecointernational.ch\/"},{"@type":"ListItem","position":2,"name":"Pharmaceutical &#8211; Divisions"}]},{"@type":"WebSite","@id":"https:\/\/ecointernational.ch\/#website","url":"https:\/\/ecointernational.ch\/","name":"Eco International","description":"","publisher":{"@id":"https:\/\/ecointernational.ch\/#organization"},"potentialAction":[{"@type":"SearchAction","target":{"@type":"EntryPoint","urlTemplate":"https:\/\/ecointernational.ch\/?s={search_term_string}"},"query-input":"required name=search_term_string"}],"inLanguage":"it-IT"},{"@type":"Organization","@id":"https:\/\/ecointernational.ch\/#organization","name":"Eco International","url":"https:\/\/ecointernational.ch\/","logo":{"@type":"ImageObject","inLanguage":"it-IT","@id":"https:\/\/ecointernational.ch\/#\/schema\/logo\/image\/","url":"https:\/\/ecointernational.ch\/wp-content\/uploads\/2020\/09\/LOGO-BLU.png","contentUrl":"https:\/\/ecointernational.ch\/wp-content\/uploads\/2020\/09\/LOGO-BLU.png","width":482,"height":180,"caption":"Eco International"},"image":{"@id":"https:\/\/ecointernational.ch\/#\/schema\/logo\/image\/"}}]}},"_links":{"self":[{"href":"https:\/\/ecointernational.ch\/it\/wp-json\/wp\/v2\/pages\/54"}],"collection":[{"href":"https:\/\/ecointernational.ch\/it\/wp-json\/wp\/v2\/pages"}],"about":[{"href":"https:\/\/ecointernational.ch\/it\/wp-json\/wp\/v2\/types\/page"}],"author":[{"embeddable":true,"href":"https:\/\/ecointernational.ch\/it\/wp-json\/wp\/v2\/users\/1"}],"replies":[{"embeddable":true,"href":"https:\/\/ecointernational.ch\/it\/wp-json\/wp\/v2\/comments?post=54"}],"version-history":[{"count":61,"href":"https:\/\/ecointernational.ch\/it\/wp-json\/wp\/v2\/pages\/54\/revisions"}],"predecessor-version":[{"id":2176,"href":"https:\/\/ecointernational.ch\/it\/wp-json\/wp\/v2\/pages\/54\/revisions\/2176"}],"wp:attachment":[{"href":"https:\/\/ecointernational.ch\/it\/wp-json\/wp\/v2\/media?parent=54"}],"curies":[{"name":"wp","href":"https:\/\/api.w.org\/{rel}","templated":true}]}}