{"id":2493,"date":"2021-04-15T10:38:11","date_gmt":"2021-04-15T08:38:11","guid":{"rendered":"http:\/\/ecointernational.ch\/?page_id=2493"},"modified":"2021-07-05T17:30:57","modified_gmt":"2021-07-05T15:30:57","slug":"company-2","status":"publish","type":"page","link":"https:\/\/ecointernational.ch\/it\/company-2\/","title":{"rendered":"Azienda"},"content":{"rendered":"<div data-elementor-type=\"wp-page\" data-elementor-id=\"2493\" class=\"elementor elementor-2493\" data-elementor-post-type=\"page\">\n\t\t\t\t\t\t<section class=\"elementor-section elementor-top-section elementor-element elementor-element-8d6f4fa elementor-section-full_width elementor-section-height-default elementor-section-height-default\" data-id=\"8d6f4fa\" data-element_type=\"section\" data-settings=\"{&quot;_ha_eqh_enable&quot;:false}\">\n\t\t\t\t\t\t<div class=\"elementor-container elementor-column-gap-default\">\n\t\t\t\t\t<div class=\"elementor-column elementor-col-100 elementor-top-column elementor-element elementor-element-83ac8c1\" data-id=\"83ac8c1\" data-element_type=\"column\">\n\t\t\t<div class=\"elementor-widget-wrap elementor-element-populated\">\n\t\t\t\t\t\t<div class=\"elementor-element elementor-element-2d6ca44 elementor--h-position-center elementor--v-position-middle elementor-widget elementor-widget-slides\" data-id=\"2d6ca44\" data-element_type=\"widget\" data-settings=\"{&quot;navigation&quot;:&quot;none&quot;,&quot;autoplay_speed&quot;:3000,&quot;autoplay&quot;:&quot;yes&quot;,&quot;pause_on_hover&quot;:&quot;yes&quot;,&quot;pause_on_interaction&quot;:&quot;yes&quot;,&quot;infinite&quot;:&quot;yes&quot;,&quot;transition&quot;:&quot;slide&quot;,&quot;transition_speed&quot;:500}\" data-widget_type=\"slides.default\">\n\t\t\t\t<div class=\"elementor-widget-container\">\n\t\t\t\t\t<div class=\"elementor-swiper\">\n\t\t\t<div class=\"elementor-slides-wrapper elementor-main-swiper swiper\" dir=\"ltr\" data-animation=\"fadeInUp\">\n\t\t\t\t<div class=\"swiper-wrapper elementor-slides\">\n\t\t\t\t\t\t\t\t\t\t<div class=\"elementor-repeater-item-011f135 swiper-slide\"><div class=\"swiper-slide-bg elementor-ken-burns elementor-ken-burns--in\" role=\"img\"><\/div><div class=\"swiper-slide-inner\" ><div class=\"swiper-slide-contents\"><\/div><\/div><\/div>\t\t\t\t<\/div>\n\t\t\t\t\t\t\t<\/div>\n\t\t<\/div>\n\t\t\t\t<\/div>\n\t\t\t\t<\/div>\n\t\t\t\t\t<\/div>\n\t\t<\/div>\n\t\t\t\t\t<\/div>\n\t\t<\/section>\n\t\t\t\t<section class=\"elementor-section elementor-top-section elementor-element elementor-element-c0c6980 elementor-section-full_width elementor-section-height-default elementor-section-height-default\" data-id=\"c0c6980\" data-element_type=\"section\" data-settings=\"{&quot;_ha_eqh_enable&quot;:false}\">\n\t\t\t\t\t\t<div class=\"elementor-container elementor-column-gap-default\">\n\t\t\t\t\t<div class=\"elementor-column elementor-col-100 elementor-top-column elementor-element elementor-element-ce19434\" data-id=\"ce19434\" data-element_type=\"column\">\n\t\t\t<div class=\"elementor-widget-wrap elementor-element-populated\">\n\t\t\t\t\t\t<div class=\"elementor-element elementor-element-37a4bec elementor-align-right elementor-widget elementor-widget-breadcrumbs\" data-id=\"37a4bec\" data-element_type=\"widget\" data-widget_type=\"breadcrumbs.default\">\n\t\t\t\t<div class=\"elementor-widget-container\">\n\t\t\t<p id=\"breadcrumbs\"><span><span><a href=\"https:\/\/ecointernational.ch\/it\/\">Casa<\/a><\/span><\/span><\/p>\t\t<\/div>\n\t\t\t\t<\/div>\n\t\t\t\t<div class=\"elementor-element elementor-element-a827a2f elementor-widget elementor-widget-heading\" data-id=\"a827a2f\" data-element_type=\"widget\" data-widget_type=\"heading.default\">\n\t\t\t\t<div class=\"elementor-widget-container\">\n\t\t\t<h2 class=\"elementor-heading-title elementor-size-default\">ECO INTERNATIONAL S.A.<\/h2>\t\t<\/div>\n\t\t\t\t<\/div>\n\t\t\t\t<div class=\"elementor-element elementor-element-38e8227 elementor-widget elementor-widget-text-editor\" data-id=\"38e8227\" data-element_type=\"widget\" data-widget_type=\"text-editor.default\">\n\t\t\t\t<div class=\"elementor-widget-container\">\n\t\t\t\t\t\t\t<p>ECO INTERNATIONAL SA. con sede a Lugano Corso Elvezia 27, \u00e8 stata fondata nel 2006 dai suoi principali azionisti, l'ing. Giovanni Pasquino, amministratore delegato della societ\u00e0.<\/p><p>Eco International SA \u00e8 la naturale evoluzione di International Pharmachim S.r.l., fondata nel 2001 dall'Ing. Giovanni Pasquino con il padre Ing. Ennio Pasquino, e di Pharmachim Engineering una societ\u00e0 fondata nel 1980 dall'Ing. Ennio Pasquino e da queste societ\u00e0 ha ereditato conoscenze, know-how, struttura, tecnologie e 40 anni di esperienza. Ennio Pasquino e da queste societ\u00e0 ha ereditato le conoscenze, il know-how, la struttura, le tecnologie e 40 anni di esperienza.<\/p><p>Eco International SA ha potenziato la struttura, i collegamenti e gli investimenti per poter affrontare la crescita del mercato e la richiesta dei suoi clienti.<\/p><p>Eco International SA \u00e8 a capo di un gruppo di aziende collegate situate nei punti strategici del mercato mondiale e stabilite per servire le necessit\u00e0 e gli interessi professionali e tecnici dell'industria farmaceutica, della chimica fine e del settore della salute.<\/p>\t\t\t\t\t\t<\/div>\n\t\t\t\t<\/div>\n\t\t\t\t\t<\/div>\n\t\t<\/div>\n\t\t\t\t\t<\/div>\n\t\t<\/section>\n\t\t\t\t<section class=\"elementor-section elementor-top-section elementor-element elementor-element-548365b elementor-section-full_width elementor-section-height-default elementor-section-height-default\" data-id=\"548365b\" data-element_type=\"section\" data-settings=\"{&quot;background_background&quot;:&quot;classic&quot;,&quot;shape_divider_top&quot;:&quot;tilt&quot;,&quot;_ha_eqh_enable&quot;:false}\">\n\t\t\t\t\t<div class=\"elementor-shape elementor-shape-top\" data-negative=\"false\">\n\t\t\t<svg xmlns=\"http:\/\/www.w3.org\/2000\/svg\" viewbox=\"0 0 1000 100\" preserveaspectratio=\"none\">\n\t<path class=\"elementor-shape-fill\" d=\"M0,6V0h1000v100L0,6z\"\/>\n<\/svg>\t\t<\/div>\n\t\t\t\t\t<div class=\"elementor-container elementor-column-gap-default\">\n\t\t\t\t\t<div class=\"elementor-column elementor-col-50 elementor-top-column elementor-element elementor-element-78d7c66\" data-id=\"78d7c66\" data-element_type=\"column\">\n\t\t\t<div class=\"elementor-widget-wrap elementor-element-populated\">\n\t\t\t\t\t\t<div class=\"elementor-element elementor-element-7f973f3 elementor-widget elementor-widget-image\" data-id=\"7f973f3\" data-element_type=\"widget\" data-widget_type=\"image.default\">\n\t\t\t\t<div class=\"elementor-widget-container\">\n\t\t\t\t\t\t\t\t\t\t\t\t\t<img fetchpriority=\"high\" decoding=\"async\" width=\"800\" height=\"800\" src=\"https:\/\/ecointernational.ch\/wp-content\/uploads\/2021\/04\/foto_pasquino_2-1024x1024.png\" class=\"attachment-large size-large wp-image-2843\" alt=\"Bio Photo Eng. G. Pasquino, CEO Eco International SA\" srcset=\"https:\/\/ecointernational.ch\/wp-content\/uploads\/2021\/04\/foto_pasquino_2-1024x1024.png 1024w, https:\/\/ecointernational.ch\/wp-content\/uploads\/2021\/04\/foto_pasquino_2-300x300.png 300w, https:\/\/ecointernational.ch\/wp-content\/uploads\/2021\/04\/foto_pasquino_2-150x150.png 150w, https:\/\/ecointernational.ch\/wp-content\/uploads\/2021\/04\/foto_pasquino_2-768x768.png 768w, https:\/\/ecointernational.ch\/wp-content\/uploads\/2021\/04\/foto_pasquino_2.png 1524w\" sizes=\"(max-width: 800px) 100vw, 800px\" \/>\t\t\t\t\t\t\t\t\t\t\t\t\t<\/div>\n\t\t\t\t<\/div>\n\t\t\t\t\t<\/div>\n\t\t<\/div>\n\t\t\t\t<div class=\"elementor-column elementor-col-50 elementor-top-column elementor-element elementor-element-2392c21\" data-id=\"2392c21\" data-element_type=\"column\">\n\t\t\t<div class=\"elementor-widget-wrap elementor-element-populated\">\n\t\t\t\t\t\t<div class=\"elementor-element elementor-element-e204dce elementor-widget elementor-widget-heading\" data-id=\"e204dce\" data-element_type=\"widget\" data-widget_type=\"heading.default\">\n\t\t\t\t<div class=\"elementor-widget-container\">\n\t\t\t<h2 class=\"elementor-heading-title elementor-size-default\">ENG. G. PASQUINO<\/h2>\t\t<\/div>\n\t\t\t\t<\/div>\n\t\t\t\t<div class=\"elementor-element elementor-element-2a7e6f2 elementor-widget elementor-widget-text-editor\" data-id=\"2a7e6f2\" data-element_type=\"widget\" data-widget_type=\"text-editor.default\">\n\t\t\t\t<div class=\"elementor-widget-container\">\n\t\t\t\t\t\t\t<p>L'ing. Giovanni Pasquino, CEO e Fondatore della Societ\u00e0, laureato nel 1995 come Ingegnere Chimico con specializzazione in Progetti di Impianti Farmaceutici, ha iniziato a lavorare in questo settore dal 1987 con il suo primo lavoro come Project leader nella costruzione di un Ospedale a Bangkok.<\/p>\n<p>Ha ereditato la passione e l'interesse per il settore farmaceutico da suo padre e nel 1997 \u00e8 diventato il CEO dell'azienda.<\/p>\n<p>Durante questi anni, ha cambiato il core business dell'azienda, spostandosi dal settore Pharma Technologies Transfer trasformando l'azienda in una EPC Company focalizzata su Pharma Plant e Ospedali aprendo nuovi mercati e nuove partnership strategiche al fine di soddisfare a 360 gradi le esigenze dei clienti dell'azienda.<\/p>\n<p>Durante gli ultimi anni, sono state create diverse divisioni all'interno di Eco International Company, per seguire nuovi prodotti tecnologici e nuove tecnologie legate alle attuali esigenze del mercato.<\/p>\t\t\t\t\t\t<\/div>\n\t\t\t\t<\/div>\n\t\t\t\t\t<\/div>\n\t\t<\/div>\n\t\t\t\t\t<\/div>\n\t\t<\/section>\n\t\t\t\t<section class=\"elementor-section elementor-top-section elementor-element elementor-element-8f77117 elementor-section-full_width elementor-section-height-default elementor-section-height-default\" data-id=\"8f77117\" data-element_type=\"section\" data-settings=\"{&quot;background_background&quot;:&quot;classic&quot;,&quot;shape_divider_top&quot;:&quot;tilt&quot;,&quot;_ha_eqh_enable&quot;:false}\">\n\t\t\t\t\t<div class=\"elementor-shape elementor-shape-top\" data-negative=\"false\">\n\t\t\t<svg xmlns=\"http:\/\/www.w3.org\/2000\/svg\" viewbox=\"0 0 1000 100\" preserveaspectratio=\"none\">\n\t<path class=\"elementor-shape-fill\" d=\"M0,6V0h1000v100L0,6z\"\/>\n<\/svg>\t\t<\/div>\n\t\t\t\t\t<div class=\"elementor-container elementor-column-gap-default\">\n\t\t\t\t\t<div class=\"elementor-column elementor-col-100 elementor-top-column elementor-element elementor-element-d7f92e2\" data-id=\"d7f92e2\" data-element_type=\"column\">\n\t\t\t<div class=\"elementor-widget-wrap\">\n\t\t\t\t\t\t\t<\/div>\n\t\t<\/div>\n\t\t\t\t\t<\/div>\n\t\t<\/section>\n\t\t\t\t<section class=\"elementor-section elementor-top-section elementor-element elementor-element-5851bd8 elementor-section-full_width elementor-section-height-default elementor-section-height-default\" data-id=\"5851bd8\" data-element_type=\"section\" data-settings=\"{&quot;background_background&quot;:&quot;classic&quot;,&quot;_ha_eqh_enable&quot;:false}\">\n\t\t\t\t\t\t<div class=\"elementor-container elementor-column-gap-default\">\n\t\t\t\t\t<div class=\"elementor-column elementor-col-20 elementor-top-column elementor-element elementor-element-815c298\" data-id=\"815c298\" data-element_type=\"column\">\n\t\t\t<div class=\"elementor-widget-wrap elementor-element-populated\">\n\t\t\t\t\t\t\t<\/div>\n\t\t<\/div>\n\t\t\t\t<div class=\"elementor-column elementor-col-20 elementor-top-column elementor-element elementor-element-cb13c27\" data-id=\"cb13c27\" data-element_type=\"column\">\n\t\t\t<div class=\"elementor-widget-wrap elementor-element-populated\">\n\t\t\t\t\t\t<div class=\"elementor-element elementor-element-32ed78e elementor-widget elementor-widget-heading\" data-id=\"32ed78e\" data-element_type=\"widget\" data-widget_type=\"heading.default\">\n\t\t\t\t<div class=\"elementor-widget-container\">\n\t\t\t<h2 class=\"elementor-heading-title elementor-size-default\">Corso Elvezia, 27<br>\n6900 Lugano (CH)<br>\nTelefono: +41 91 921 10 17<br>\nPosta: info@ecointernational.ch<\/h2>\t\t<\/div>\n\t\t\t\t<\/div>\n\t\t\t\t\t<\/div>\n\t\t<\/div>\n\t\t\t\t<div class=\"elementor-column elementor-col-20 elementor-top-column elementor-element elementor-element-8981517\" data-id=\"8981517\" data-element_type=\"column\">\n\t\t\t<div class=\"elementor-widget-wrap elementor-element-populated\">\n\t\t\t\t\t\t\t<\/div>\n\t\t<\/div>\n\t\t\t\t<div class=\"elementor-column elementor-col-20 elementor-top-column elementor-element elementor-element-e9a02d1\" data-id=\"e9a02d1\" data-element_type=\"column\">\n\t\t\t<div class=\"elementor-widget-wrap elementor-element-populated\">\n\t\t\t\t\t\t<div class=\"elementor-element elementor-element-7381ea2 elementor-widget elementor-widget-heading\" data-id=\"7381ea2\" data-element_type=\"widget\" data-widget_type=\"heading.default\">\n\t\t\t\t<div class=\"elementor-widget-container\">\n\t\t\t<h2 class=\"elementor-heading-title elementor-size-default\">Via Mario Idiomi, 1\/10<br>\n20057 - Assago (MI)<br>\nPosta: info@ecoint.it<\/h2>\t\t<\/div>\n\t\t\t\t<\/div>\n\t\t\t\t\t<\/div>\n\t\t<\/div>\n\t\t\t\t<div class=\"elementor-column elementor-col-20 elementor-top-column elementor-element elementor-element-6292a96\" data-id=\"6292a96\" data-element_type=\"column\">\n\t\t\t<div class=\"elementor-widget-wrap elementor-element-populated\">\n\t\t\t\t\t\t\t<\/div>\n\t\t<\/div>\n\t\t\t\t\t<\/div>\n\t\t<\/section>\n\t\t\t\t<\/div>","protected":false},"excerpt":{"rendered":"<p>ECO INTERNATIONAL S.A. ECO INTERNATIONAL SA., with its head office in Lugano Corso Elvezia 27, was founded in 2006 by its main shareholders, Eng. Giovanni Pasquino, CEO of the Company. Eco International SA is the natural evolution of International Pharmachim S.r.l. , founded in 2001 by Eng Giovanni Pasquino with it&#8217;s father Eng Ennio Pasquino, [&hellip;]<\/p>","protected":false},"author":2,"featured_media":0,"parent":0,"menu_order":0,"comment_status":"closed","ping_status":"closed","template":"elementor_header_footer","meta":{"_acf_changed":false,"_monsterinsights_skip_tracking":false,"_monsterinsights_sitenote_active":false,"_monsterinsights_sitenote_note":"","_monsterinsights_sitenote_category":0,"footnotes":""},"class_list":["post-2493","page","type-page","status-publish","hentry"],"acf":[],"yoast_head":"<!-- This site is optimized with the Yoast SEO plugin v23.1 - https:\/\/yoast.com\/wordpress\/plugins\/seo\/ -->\n<title>Company - Eco International<\/title>\n<meta name=\"robots\" content=\"index, follow, max-snippet:-1, max-image-preview:large, max-video-preview:-1\" \/>\n<link rel=\"canonical\" href=\"https:\/\/ecointernational.ch\/it\/company-2\/\" \/>\n<meta property=\"og:locale\" content=\"it_IT\" \/>\n<meta property=\"og:type\" content=\"article\" \/>\n<meta property=\"og:title\" content=\"Company - Eco International\" \/>\n<meta property=\"og:description\" content=\"ECO INTERNATIONAL S.A. ECO INTERNATIONAL SA., with its head office in Lugano Corso Elvezia 27, was founded in 2006 by its main shareholders, Eng. Giovanni Pasquino, CEO of the Company. Eco International SA is the natural evolution of International Pharmachim S.r.l. , founded in 2001 by Eng Giovanni Pasquino with it&#8217;s father Eng Ennio Pasquino, [&hellip;]\" \/>\n<meta property=\"og:url\" content=\"https:\/\/ecointernational.ch\/it\/company-2\/\" \/>\n<meta property=\"og:site_name\" content=\"Eco International\" \/>\n<meta property=\"article:modified_time\" content=\"2021-07-05T15:30:57+00:00\" \/>\n<meta property=\"og:image\" content=\"http:\/\/ecointernational.ch\/wp-content\/uploads\/2021\/04\/foto_pasquino_2-1024x1024.png\" \/>\n<meta name=\"twitter:card\" content=\"summary_large_image\" \/>\n<meta name=\"twitter:label1\" content=\"Tempo di lettura stimato\" \/>\n\t<meta name=\"twitter:data1\" content=\"3 minuti\" \/>\n<script type=\"application\/ld+json\" class=\"yoast-schema-graph\">{\"@context\":\"https:\/\/schema.org\",\"@graph\":[{\"@type\":\"WebPage\",\"@id\":\"https:\/\/ecointernational.ch\/company-2\/\",\"url\":\"https:\/\/ecointernational.ch\/company-2\/\",\"name\":\"Company - Eco International\",\"isPartOf\":{\"@id\":\"https:\/\/ecointernational.ch\/#website\"},\"primaryImageOfPage\":{\"@id\":\"https:\/\/ecointernational.ch\/company-2\/#primaryimage\"},\"image\":{\"@id\":\"https:\/\/ecointernational.ch\/company-2\/#primaryimage\"},\"thumbnailUrl\":\"http:\/\/ecointernational.ch\/wp-content\/uploads\/2021\/04\/foto_pasquino_2-1024x1024.png\",\"datePublished\":\"2021-04-15T08:38:11+00:00\",\"dateModified\":\"2021-07-05T15:30:57+00:00\",\"breadcrumb\":{\"@id\":\"https:\/\/ecointernational.ch\/company-2\/#breadcrumb\"},\"inLanguage\":\"it-IT\",\"potentialAction\":[{\"@type\":\"ReadAction\",\"target\":[\"https:\/\/ecointernational.ch\/company-2\/\"]}]},{\"@type\":\"ImageObject\",\"inLanguage\":\"it-IT\",\"@id\":\"https:\/\/ecointernational.ch\/company-2\/#primaryimage\",\"url\":\"http:\/\/ecointernational.ch\/wp-content\/uploads\/2021\/04\/foto_pasquino_2-1024x1024.png\",\"contentUrl\":\"http:\/\/ecointernational.ch\/wp-content\/uploads\/2021\/04\/foto_pasquino_2-1024x1024.png\"},{\"@type\":\"BreadcrumbList\",\"@id\":\"https:\/\/ecointernational.ch\/company-2\/#breadcrumb\",\"itemListElement\":[{\"@type\":\"ListItem\",\"position\":1,\"name\":\"Home\",\"item\":\"https:\/\/ecointernational.ch\/\"},{\"@type\":\"ListItem\",\"position\":2,\"name\":\"Company\"}]},{\"@type\":\"WebSite\",\"@id\":\"https:\/\/ecointernational.ch\/#website\",\"url\":\"https:\/\/ecointernational.ch\/\",\"name\":\"Eco International\",\"description\":\"\",\"publisher\":{\"@id\":\"https:\/\/ecointernational.ch\/#organization\"},\"potentialAction\":[{\"@type\":\"SearchAction\",\"target\":{\"@type\":\"EntryPoint\",\"urlTemplate\":\"https:\/\/ecointernational.ch\/?s={search_term_string}\"},\"query-input\":\"required name=search_term_string\"}],\"inLanguage\":\"it-IT\"},{\"@type\":\"Organization\",\"@id\":\"https:\/\/ecointernational.ch\/#organization\",\"name\":\"Eco International\",\"url\":\"https:\/\/ecointernational.ch\/\",\"logo\":{\"@type\":\"ImageObject\",\"inLanguage\":\"it-IT\",\"@id\":\"https:\/\/ecointernational.ch\/#\/schema\/logo\/image\/\",\"url\":\"https:\/\/ecointernational.ch\/wp-content\/uploads\/2020\/09\/LOGO-BLU.png\",\"contentUrl\":\"https:\/\/ecointernational.ch\/wp-content\/uploads\/2020\/09\/LOGO-BLU.png\",\"width\":482,\"height\":180,\"caption\":\"Eco International\"},\"image\":{\"@id\":\"https:\/\/ecointernational.ch\/#\/schema\/logo\/image\/\"}}]}<\/script>\n<!-- \/ Yoast SEO plugin. -->","yoast_head_json":{"title":"Company - Eco International","robots":{"index":"index","follow":"follow","max-snippet":"max-snippet:-1","max-image-preview":"max-image-preview:large","max-video-preview":"max-video-preview:-1"},"canonical":"https:\/\/ecointernational.ch\/it\/company-2\/","og_locale":"it_IT","og_type":"article","og_title":"Company - Eco International","og_description":"ECO INTERNATIONAL S.A. ECO INTERNATIONAL SA., with its head office in Lugano Corso Elvezia 27, was founded in 2006 by its main shareholders, Eng. Giovanni Pasquino, CEO of the Company. Eco International SA is the natural evolution of International Pharmachim S.r.l. , founded in 2001 by Eng Giovanni Pasquino with it&#8217;s father Eng Ennio Pasquino, [&hellip;]","og_url":"https:\/\/ecointernational.ch\/it\/company-2\/","og_site_name":"Eco International","article_modified_time":"2021-07-05T15:30:57+00:00","og_image":[{"url":"http:\/\/ecointernational.ch\/wp-content\/uploads\/2021\/04\/foto_pasquino_2-1024x1024.png"}],"twitter_card":"summary_large_image","twitter_misc":{"Tempo di lettura stimato":"3 minuti"},"schema":{"@context":"https:\/\/schema.org","@graph":[{"@type":"WebPage","@id":"https:\/\/ecointernational.ch\/company-2\/","url":"https:\/\/ecointernational.ch\/company-2\/","name":"Company - Eco International","isPartOf":{"@id":"https:\/\/ecointernational.ch\/#website"},"primaryImageOfPage":{"@id":"https:\/\/ecointernational.ch\/company-2\/#primaryimage"},"image":{"@id":"https:\/\/ecointernational.ch\/company-2\/#primaryimage"},"thumbnailUrl":"http:\/\/ecointernational.ch\/wp-content\/uploads\/2021\/04\/foto_pasquino_2-1024x1024.png","datePublished":"2021-04-15T08:38:11+00:00","dateModified":"2021-07-05T15:30:57+00:00","breadcrumb":{"@id":"https:\/\/ecointernational.ch\/company-2\/#breadcrumb"},"inLanguage":"it-IT","potentialAction":[{"@type":"ReadAction","target":["https:\/\/ecointernational.ch\/company-2\/"]}]},{"@type":"ImageObject","inLanguage":"it-IT","@id":"https:\/\/ecointernational.ch\/company-2\/#primaryimage","url":"http:\/\/ecointernational.ch\/wp-content\/uploads\/2021\/04\/foto_pasquino_2-1024x1024.png","contentUrl":"http:\/\/ecointernational.ch\/wp-content\/uploads\/2021\/04\/foto_pasquino_2-1024x1024.png"},{"@type":"BreadcrumbList","@id":"https:\/\/ecointernational.ch\/company-2\/#breadcrumb","itemListElement":[{"@type":"ListItem","position":1,"name":"Home","item":"https:\/\/ecointernational.ch\/"},{"@type":"ListItem","position":2,"name":"Company"}]},{"@type":"WebSite","@id":"https:\/\/ecointernational.ch\/#website","url":"https:\/\/ecointernational.ch\/","name":"Eco International","description":"","publisher":{"@id":"https:\/\/ecointernational.ch\/#organization"},"potentialAction":[{"@type":"SearchAction","target":{"@type":"EntryPoint","urlTemplate":"https:\/\/ecointernational.ch\/?s={search_term_string}"},"query-input":"required name=search_term_string"}],"inLanguage":"it-IT"},{"@type":"Organization","@id":"https:\/\/ecointernational.ch\/#organization","name":"Eco International","url":"https:\/\/ecointernational.ch\/","logo":{"@type":"ImageObject","inLanguage":"it-IT","@id":"https:\/\/ecointernational.ch\/#\/schema\/logo\/image\/","url":"https:\/\/ecointernational.ch\/wp-content\/uploads\/2020\/09\/LOGO-BLU.png","contentUrl":"https:\/\/ecointernational.ch\/wp-content\/uploads\/2020\/09\/LOGO-BLU.png","width":482,"height":180,"caption":"Eco International"},"image":{"@id":"https:\/\/ecointernational.ch\/#\/schema\/logo\/image\/"}}]}},"_links":{"self":[{"href":"https:\/\/ecointernational.ch\/it\/wp-json\/wp\/v2\/pages\/2493"}],"collection":[{"href":"https:\/\/ecointernational.ch\/it\/wp-json\/wp\/v2\/pages"}],"about":[{"href":"https:\/\/ecointernational.ch\/it\/wp-json\/wp\/v2\/types\/page"}],"author":[{"embeddable":true,"href":"https:\/\/ecointernational.ch\/it\/wp-json\/wp\/v2\/users\/2"}],"replies":[{"embeddable":true,"href":"https:\/\/ecointernational.ch\/it\/wp-json\/wp\/v2\/comments?post=2493"}],"version-history":[{"count":63,"href":"https:\/\/ecointernational.ch\/it\/wp-json\/wp\/v2\/pages\/2493\/revisions"}],"predecessor-version":[{"id":3488,"href":"https:\/\/ecointernational.ch\/it\/wp-json\/wp\/v2\/pages\/2493\/revisions\/3488"}],"wp:attachment":[{"href":"https:\/\/ecointernational.ch\/it\/wp-json\/wp\/v2\/media?parent=2493"}],"curies":[{"name":"wp","href":"https:\/\/api.w.org\/{rel}","templated":true}]}}