{"id":52,"date":"2020-09-10T16:41:53","date_gmt":"2020-09-10T14:41:53","guid":{"rendered":"http:\/\/ecointernational.ch\/?page_id=52"},"modified":"2021-07-10T10:48:14","modified_gmt":"2021-07-10T08:48:14","slug":"health-and-medical-divisions","status":"publish","type":"page","link":"https:\/\/ecointernational.ch\/fr\/health-and-medical-divisions\/","title":{"rendered":"Sant\u00e9 et m\u00e9decine - Divisions"},"content":{"rendered":"<div data-elementor-type=\"wp-page\" data-elementor-id=\"52\" class=\"elementor elementor-52\" data-elementor-post-type=\"page\">\n\t\t\t\t\t\t<section class=\"elementor-section elementor-top-section elementor-element elementor-element-138a0a7 elementor-section-full_width elementor-section-height-min-height elementor-section-height-default elementor-section-items-middle\" data-id=\"138a0a7\" data-element_type=\"section\" data-settings=\"{&quot;background_background&quot;:&quot;classic&quot;,&quot;_ha_eqh_enable&quot;:false}\">\n\t\t\t\t\t\t<div class=\"elementor-container elementor-column-gap-default\">\n\t\t\t\t\t<div class=\"elementor-column elementor-col-100 elementor-top-column elementor-element elementor-element-268a9b5\" data-id=\"268a9b5\" data-element_type=\"column\">\n\t\t\t<div class=\"elementor-widget-wrap elementor-element-populated\">\n\t\t\t\t\t\t<div class=\"elementor-element elementor-element-41f7220 elementor-widget elementor-widget-heading\" data-id=\"41f7220\" data-element_type=\"widget\" data-widget_type=\"heading.default\">\n\t\t\t\t<div class=\"elementor-widget-container\">\n\t\t\t<h1 class=\"elementor-heading-title elementor-size-default\">SANT\u00c9 ET M\u00c9DECINE<\/h1>\t\t<\/div>\n\t\t\t\t<\/div>\n\t\t\t\t<div class=\"elementor-element elementor-element-5696422 rigaSliderDivision ha-has-bg-overlay elementor-widget elementor-widget-heading\" data-id=\"5696422\" data-element_type=\"widget\" data-widget_type=\"heading.default\">\n\t\t\t\t<div class=\"elementor-widget-container\">\n\t\t\t<h2 class=\"elementor-heading-title elementor-size-default\">LA CONNAISSANCE AU SERVICE DE LA SANT\u00c9<\/h2>\t\t<\/div>\n\t\t\t\t<\/div>\n\t\t\t\t\t<\/div>\n\t\t<\/div>\n\t\t\t\t\t<\/div>\n\t\t<\/section>\n\t\t\t\t<section class=\"elementor-section elementor-top-section elementor-element elementor-element-4dfc33d elementor-section-full_width elementor-section-height-default elementor-section-height-default\" data-id=\"4dfc33d\" data-element_type=\"section\" data-settings=\"{&quot;_ha_eqh_enable&quot;:false}\">\n\t\t\t\t\t\t<div class=\"elementor-container elementor-column-gap-default\">\n\t\t\t\t\t<div class=\"elementor-column elementor-col-100 elementor-top-column elementor-element elementor-element-a56ceb0\" data-id=\"a56ceb0\" data-element_type=\"column\">\n\t\t\t<div class=\"elementor-widget-wrap elementor-element-populated\">\n\t\t\t\t\t\t<div class=\"elementor-element elementor-element-dc700b0 elementor-align-right elementor-widget elementor-widget-breadcrumbs\" data-id=\"dc700b0\" data-element_type=\"widget\" data-widget_type=\"breadcrumbs.default\">\n\t\t\t\t<div class=\"elementor-widget-container\">\n\t\t\t<p id=\"breadcrumbs\"><span><span><a href=\"https:\/\/ecointernational.ch\/fr\/\">Accueil<\/a><\/span><\/span><\/p>\t\t<\/div>\n\t\t\t\t<\/div>\n\t\t\t\t<div class=\"elementor-element elementor-element-6a591b0 elementor-widget elementor-widget-text-editor\" data-id=\"6a591b0\" data-element_type=\"widget\" data-widget_type=\"text-editor.default\">\n\t\t\t\t<div class=\"elementor-widget-container\">\n\t\t\t\t\t\t\t<p>Forte de ses 30 ann\u00e9es d'exp\u00e9rience, de sa pr\u00e9sence internationale et de sa compr\u00e9hension des besoins de ses clients, Eco International est en mesure de proposer les produits et solutions suivants dans le domaine de la pharmacie, de la chimie fine et de l'\u00e9nergie verte :<\/p>\t\t\t\t\t\t<\/div>\n\t\t\t\t<\/div>\n\t\t\t\t\t<\/div>\n\t\t<\/div>\n\t\t\t\t\t<\/div>\n\t\t<\/section>\n\t\t\t\t<section class=\"elementor-section elementor-top-section elementor-element elementor-element-2bc9187 elementor-section-full_width elementor-section-height-default elementor-section-height-default\" data-id=\"2bc9187\" data-element_type=\"section\" data-settings=\"{&quot;background_background&quot;:&quot;classic&quot;,&quot;shape_divider_top&quot;:&quot;tilt&quot;,&quot;_ha_eqh_enable&quot;:false}\">\n\t\t\t\t\t<div class=\"elementor-shape elementor-shape-top\" data-negative=\"false\">\n\t\t\t<svg xmlns=\"http:\/\/www.w3.org\/2000\/svg\" viewbox=\"0 0 1000 100\" preserveaspectratio=\"none\">\n\t<path class=\"elementor-shape-fill\" d=\"M0,6V0h1000v100L0,6z\"\/>\n<\/svg>\t\t<\/div>\n\t\t\t\t\t<div class=\"elementor-container elementor-column-gap-default\">\n\t\t\t\t\t<div data-ha-element-link=\"{&quot;url&quot;:&quot;http:\\\/\\\/ecointernational.ch\\\/health-and-medical-divisions\\\/epc\\\/&quot;,&quot;is_external&quot;:&quot;&quot;,&quot;nofollow&quot;:&quot;&quot;}\" style=\"cursor: pointer\" class=\"elementor-column elementor-col-33 elementor-top-column elementor-element elementor-element-e99f088 boxDivisions\" data-id=\"e99f088\" data-element_type=\"column\" data-settings=\"{&quot;background_background&quot;:&quot;classic&quot;}\">\n\t\t\t<div class=\"elementor-widget-wrap elementor-element-populated\">\n\t\t\t\t\t\t<section class=\"elementor-section elementor-inner-section elementor-element elementor-element-0da1d33 elementor-section-full_width elementor-section-content-middle elementor-section-height-default elementor-section-height-default\" data-id=\"0da1d33\" data-element_type=\"section\" data-settings=\"{&quot;_ha_eqh_enable&quot;:false}\">\n\t\t\t\t\t\t<div class=\"elementor-container elementor-column-gap-default\">\n\t\t\t\t\t<div class=\"elementor-column elementor-col-50 elementor-inner-column elementor-element elementor-element-420b524\" data-id=\"420b524\" data-element_type=\"column\">\n\t\t\t<div class=\"elementor-widget-wrap elementor-element-populated\">\n\t\t\t\t\t\t<div class=\"elementor-element elementor-element-d7a3dfe ha-has-bg-overlay elementor-widget elementor-widget-image\" data-id=\"d7a3dfe\" data-element_type=\"widget\" data-widget_type=\"image.default\">\n\t\t\t\t<div class=\"elementor-widget-container\">\n\t\t\t\t\t\t\t\t\t\t\t\t\t\t<a href=\"https:\/\/ecointernational.ch\/fr\/health-and-medical-divisions\/epc\/\">\n\t\t\t\t\t\t\t<img fetchpriority=\"high\" decoding=\"async\" width=\"500\" height=\"500\" src=\"https:\/\/ecointernational.ch\/wp-content\/uploads\/2020\/09\/epc-icona.png\" class=\"attachment-large size-large wp-image-452\" alt=\"\" srcset=\"https:\/\/ecointernational.ch\/wp-content\/uploads\/2020\/09\/epc-icona.png 500w, https:\/\/ecointernational.ch\/wp-content\/uploads\/2020\/09\/epc-icona-300x300.png 300w, https:\/\/ecointernational.ch\/wp-content\/uploads\/2020\/09\/epc-icona-150x150.png 150w\" sizes=\"(max-width: 500px) 100vw, 500px\" \/>\t\t\t\t\t\t\t\t<\/a>\n\t\t\t\t\t\t\t\t\t\t\t\t\t<\/div>\n\t\t\t\t<\/div>\n\t\t\t\t\t<\/div>\n\t\t<\/div>\n\t\t\t\t<div class=\"elementor-column elementor-col-50 elementor-inner-column elementor-element elementor-element-66a3625\" data-id=\"66a3625\" data-element_type=\"column\">\n\t\t\t<div class=\"elementor-widget-wrap elementor-element-populated\">\n\t\t\t\t\t\t<div class=\"elementor-element elementor-element-47a5ce7 elementor-widget elementor-widget-heading\" data-id=\"47a5ce7\" data-element_type=\"widget\" data-widget_type=\"heading.default\">\n\t\t\t\t<div class=\"elementor-widget-container\">\n\t\t\t<h2 class=\"elementor-heading-title elementor-size-default\"><a href=\"https:\/\/ecointernational.ch\/fr\/health-and-medical-divisions\/epc\/\">EPC<\/a><\/h2>\t\t<\/div>\n\t\t\t\t<\/div>\n\t\t\t\t\t<\/div>\n\t\t<\/div>\n\t\t\t\t\t<\/div>\n\t\t<\/section>\n\t\t\t\t<div class=\"elementor-element elementor-element-8fb9aff elementor-widget elementor-widget-heading\" data-id=\"8fb9aff\" data-element_type=\"widget\" data-widget_type=\"heading.default\">\n\t\t\t\t<div class=\"elementor-widget-container\">\n\t\t\t<h4 class=\"elementor-heading-title elementor-size-default\">Ing\u00e9nierie, approvisionnement et construction<\/h4>\t\t<\/div>\n\t\t\t\t<\/div>\n\t\t\t\t<div class=\"elementor-element elementor-element-65ceb72 elementor-widget elementor-widget-text-editor\" data-id=\"65ceb72\" data-element_type=\"widget\" data-widget_type=\"text-editor.default\">\n\t\t\t\t<div class=\"elementor-widget-container\">\n\t\t\t\t\t\t\t<p>D\u00e9velopper le projet du d\u00e9but \u00e0 la fin.<\/p>\t\t\t\t\t\t<\/div>\n\t\t\t\t<\/div>\n\t\t\t\t\t<\/div>\n\t\t<\/div>\n\t\t\t\t<div data-ha-element-link=\"{&quot;url&quot;:&quot;http:\\\/\\\/ecointernational.ch\\\/health-and-medical-divisions\\\/medical-and-hospital-solution\\\/&quot;,&quot;is_external&quot;:&quot;&quot;,&quot;nofollow&quot;:&quot;&quot;}\" style=\"cursor: pointer\" class=\"elementor-column elementor-col-33 elementor-top-column elementor-element elementor-element-614375f boxDivisions\" data-id=\"614375f\" data-element_type=\"column\" data-settings=\"{&quot;background_background&quot;:&quot;classic&quot;}\">\n\t\t\t<div class=\"elementor-widget-wrap elementor-element-populated\">\n\t\t\t\t\t\t<section class=\"elementor-section elementor-inner-section elementor-element elementor-element-c134f0f elementor-section-full_width elementor-section-content-middle elementor-section-height-default elementor-section-height-default\" data-id=\"c134f0f\" data-element_type=\"section\" data-settings=\"{&quot;_ha_eqh_enable&quot;:false}\">\n\t\t\t\t\t\t<div class=\"elementor-container elementor-column-gap-default\">\n\t\t\t\t\t<div class=\"elementor-column elementor-col-50 elementor-inner-column elementor-element elementor-element-9b54707\" data-id=\"9b54707\" data-element_type=\"column\">\n\t\t\t<div class=\"elementor-widget-wrap elementor-element-populated\">\n\t\t\t\t\t\t<div class=\"elementor-element elementor-element-3cf1b2c ha-has-bg-overlay elementor-widget elementor-widget-image\" data-id=\"3cf1b2c\" data-element_type=\"widget\" data-widget_type=\"image.default\">\n\t\t\t\t<div class=\"elementor-widget-container\">\n\t\t\t\t\t\t\t\t\t\t\t\t\t\t<a href=\"https:\/\/ecointernational.ch\/fr\/health-and-medical-divisions\/medical-and-hospital-solution\/\">\n\t\t\t\t\t\t\t<img decoding=\"async\" width=\"500\" height=\"500\" src=\"https:\/\/ecointernational.ch\/wp-content\/uploads\/2020\/09\/medical-and-hospital-sol.png\" class=\"attachment-large size-large wp-image-407\" alt=\"\" srcset=\"https:\/\/ecointernational.ch\/wp-content\/uploads\/2020\/09\/medical-and-hospital-sol.png 500w, https:\/\/ecointernational.ch\/wp-content\/uploads\/2020\/09\/medical-and-hospital-sol-300x300.png 300w, https:\/\/ecointernational.ch\/wp-content\/uploads\/2020\/09\/medical-and-hospital-sol-150x150.png 150w\" sizes=\"(max-width: 500px) 100vw, 500px\" \/>\t\t\t\t\t\t\t\t<\/a>\n\t\t\t\t\t\t\t\t\t\t\t\t\t<\/div>\n\t\t\t\t<\/div>\n\t\t\t\t\t<\/div>\n\t\t<\/div>\n\t\t\t\t<div class=\"elementor-column elementor-col-50 elementor-inner-column elementor-element elementor-element-f9d404b\" data-id=\"f9d404b\" data-element_type=\"column\">\n\t\t\t<div class=\"elementor-widget-wrap elementor-element-populated\">\n\t\t\t\t\t\t<div class=\"elementor-element elementor-element-0b5fe99 elementor-widget elementor-widget-heading\" data-id=\"0b5fe99\" data-element_type=\"widget\" data-widget_type=\"heading.default\">\n\t\t\t\t<div class=\"elementor-widget-container\">\n\t\t\t<h2 class=\"elementor-heading-title elementor-size-default\"><a href=\"https:\/\/ecointernational.ch\/fr\/health-and-medical-divisions\/medical-and-hospital-solution\/\">SOLUTIONS M\u00c9DICALES ET HOSPITALI\u00c8RES<\/a><\/h2>\t\t<\/div>\n\t\t\t\t<\/div>\n\t\t\t\t\t<\/div>\n\t\t<\/div>\n\t\t\t\t\t<\/div>\n\t\t<\/section>\n\t\t\t\t<div class=\"elementor-element elementor-element-60c0ab3 elementor-widget elementor-widget-text-editor\" data-id=\"60c0ab3\" data-element_type=\"widget\" data-widget_type=\"text-editor.default\">\n\t\t\t\t<div class=\"elementor-widget-container\">\n\t\t\t\t\t\t\t<p>Eco International offre une grande vari\u00e9t\u00e9 de solutions telles que les services hospitaliers de terrain, l'h\u00f4pital mobile, le soutien rapide, les pr\u00e9fabriqu\u00e9s, les conteneurs complets, etc. Des \u00e9l\u00e9ments structurels de base tels que des conteneurs, des tentes, des remorques et des pr\u00e9fabriqu\u00e9s sont disponibles pour r\u00e9pondre aux besoins des b\u00e9n\u00e9ficiaires, changer la m\u00e9thode de construction et la rendre plus stable ou mobile. Des tentes gonflables aux salles d'op\u00e9ration extensibles sont \u00e9galement fournies afin d'offrir des solutions plus mobiles. Dans une optique d'innovation, Eco International utilise diverses techniques de conteneurs, telles que la technologie autolift et la technologie des tentes conteneuris\u00e9es, qui sont tr\u00e8s demand\u00e9es dans toutes les solutions mobiles.<\/p>\t\t\t\t\t\t<\/div>\n\t\t\t\t<\/div>\n\t\t\t\t\t<\/div>\n\t\t<\/div>\n\t\t\t\t<div data-ha-element-link=\"{&quot;url&quot;:&quot;http:\\\/\\\/ecointernational.ch\\\/health-and-medical-divisions\\\/services-2\\\/&quot;,&quot;is_external&quot;:&quot;&quot;,&quot;nofollow&quot;:&quot;&quot;}\" style=\"cursor: pointer\" class=\"elementor-column elementor-col-33 elementor-top-column elementor-element elementor-element-1c13887 boxDivisions\" data-id=\"1c13887\" data-element_type=\"column\" data-settings=\"{&quot;background_background&quot;:&quot;classic&quot;}\">\n\t\t\t<div class=\"elementor-widget-wrap elementor-element-populated\">\n\t\t\t\t\t\t<section class=\"elementor-section elementor-inner-section elementor-element elementor-element-7f30b27 elementor-section-full_width elementor-section-content-middle elementor-section-height-default elementor-section-height-default\" data-id=\"7f30b27\" data-element_type=\"section\" data-settings=\"{&quot;_ha_eqh_enable&quot;:false}\">\n\t\t\t\t\t\t<div class=\"elementor-container elementor-column-gap-default\">\n\t\t\t\t\t<div class=\"elementor-column elementor-col-50 elementor-inner-column elementor-element elementor-element-3ac920b\" data-id=\"3ac920b\" data-element_type=\"column\">\n\t\t\t<div class=\"elementor-widget-wrap elementor-element-populated\">\n\t\t\t\t\t\t<div class=\"elementor-element elementor-element-893bd99 ha-has-bg-overlay elementor-widget elementor-widget-image\" data-id=\"893bd99\" data-element_type=\"widget\" data-widget_type=\"image.default\">\n\t\t\t\t<div class=\"elementor-widget-container\">\n\t\t\t\t\t\t\t\t\t\t\t\t\t<img decoding=\"async\" width=\"500\" height=\"500\" src=\"https:\/\/ecointernational.ch\/wp-content\/uploads\/2020\/09\/equipment.png\" class=\"attachment-large size-large wp-image-442\" alt=\"\" srcset=\"https:\/\/ecointernational.ch\/wp-content\/uploads\/2020\/09\/equipment.png 500w, https:\/\/ecointernational.ch\/wp-content\/uploads\/2020\/09\/equipment-300x300.png 300w, https:\/\/ecointernational.ch\/wp-content\/uploads\/2020\/09\/equipment-150x150.png 150w\" sizes=\"(max-width: 500px) 100vw, 500px\" \/>\t\t\t\t\t\t\t\t\t\t\t\t\t<\/div>\n\t\t\t\t<\/div>\n\t\t\t\t\t<\/div>\n\t\t<\/div>\n\t\t\t\t<div class=\"elementor-column elementor-col-50 elementor-inner-column elementor-element elementor-element-74c5a83\" data-id=\"74c5a83\" data-element_type=\"column\">\n\t\t\t<div class=\"elementor-widget-wrap elementor-element-populated\">\n\t\t\t\t\t\t<div class=\"elementor-element elementor-element-94ee659 elementor-widget elementor-widget-heading\" data-id=\"94ee659\" data-element_type=\"widget\" data-widget_type=\"heading.default\">\n\t\t\t\t<div class=\"elementor-widget-container\">\n\t\t\t<h2 class=\"elementor-heading-title elementor-size-default\">SERVICES<\/h2>\t\t<\/div>\n\t\t\t\t<\/div>\n\t\t\t\t\t<\/div>\n\t\t<\/div>\n\t\t\t\t\t<\/div>\n\t\t<\/section>\n\t\t\t\t<div class=\"elementor-element elementor-element-0fa883d elementor-widget elementor-widget-text-editor\" data-id=\"0fa883d\" data-element_type=\"widget\" data-widget_type=\"text-editor.default\">\n\t\t\t\t<div class=\"elementor-widget-container\">\n\t\t\t\t\t\t\t<p>Avec la collaboration d'un r\u00e9seau \u00e9tendu de partenaires, Eco International fournit un large \u00e9ventail de services li\u00e9s aux soins de sant\u00e9.<\/p>\t\t\t\t\t\t<\/div>\n\t\t\t\t<\/div>\n\t\t\t\t\t<\/div>\n\t\t<\/div>\n\t\t\t\t\t<\/div>\n\t\t<\/section>\n\t\t\t\t<\/div>","protected":false},"excerpt":{"rendered":"<p>HEALTH AND MEDICAL KNOWLEDGE IN THE SERVICE OF HEALTH Based on 30 years experience, international presence and understanding of its customer&#8217;s needs Eco International can offer the following products and solutions in the area of pharmaceutical, fine chemical and green energy: EPC Engineering Procurement Construction Developing the Project from commencement to final completion. MEDICAL &#038; [&hellip;]<\/p>","protected":false},"author":1,"featured_media":0,"parent":0,"menu_order":0,"comment_status":"closed","ping_status":"closed","template":"elementor_header_footer","meta":{"_acf_changed":false,"_monsterinsights_skip_tracking":false,"_monsterinsights_sitenote_active":false,"_monsterinsights_sitenote_note":"","_monsterinsights_sitenote_category":0,"footnotes":""},"class_list":["post-52","page","type-page","status-publish","hentry"],"acf":[],"yoast_head":"<!-- This site is optimized with the Yoast SEO plugin v23.1 - https:\/\/yoast.com\/wordpress\/plugins\/seo\/ -->\n<title>Health and Medical - Divisions - Eco International<\/title>\n<meta name=\"robots\" content=\"index, follow, max-snippet:-1, max-image-preview:large, max-video-preview:-1\" \/>\n<link rel=\"canonical\" href=\"https:\/\/ecointernational.ch\/fr\/health-and-medical-divisions\/\" \/>\n<meta property=\"og:locale\" content=\"fr_FR\" \/>\n<meta property=\"og:type\" content=\"article\" \/>\n<meta property=\"og:title\" content=\"Health and Medical - Divisions - Eco International\" \/>\n<meta property=\"og:description\" content=\"HEALTH AND MEDICAL KNOWLEDGE IN THE SERVICE OF HEALTH Based on 30 years experience, international presence and understanding of its customer&#8217;s needs Eco International can offer the following products and solutions in the area of pharmaceutical, fine chemical and green energy: EPC Engineering Procurement Construction Developing the Project from commencement to final completion. MEDICAL &#038; [&hellip;]\" \/>\n<meta property=\"og:url\" content=\"https:\/\/ecointernational.ch\/fr\/health-and-medical-divisions\/\" \/>\n<meta property=\"og:site_name\" content=\"Eco International\" \/>\n<meta property=\"article:modified_time\" content=\"2021-07-10T08:48:14+00:00\" \/>\n<meta property=\"og:image\" content=\"http:\/\/ecointernational.ch\/wp-content\/uploads\/2020\/09\/epc-icona.png\" \/>\n<meta name=\"twitter:card\" content=\"summary_large_image\" \/>\n<meta name=\"twitter:label1\" content=\"Dur\u00e9e de lecture estim\u00e9e\" \/>\n\t<meta name=\"twitter:data1\" content=\"2 minutes\" \/>\n<script type=\"application\/ld+json\" class=\"yoast-schema-graph\">{\"@context\":\"https:\/\/schema.org\",\"@graph\":[{\"@type\":\"WebPage\",\"@id\":\"https:\/\/ecointernational.ch\/fr\/health-and-medical-divisions\/\",\"url\":\"https:\/\/ecointernational.ch\/fr\/health-and-medical-divisions\/\",\"name\":\"Health and Medical - Divisions - Eco International\",\"isPartOf\":{\"@id\":\"https:\/\/ecointernational.ch\/#website\"},\"primaryImageOfPage\":{\"@id\":\"https:\/\/ecointernational.ch\/fr\/health-and-medical-divisions\/#primaryimage\"},\"image\":{\"@id\":\"https:\/\/ecointernational.ch\/fr\/health-and-medical-divisions\/#primaryimage\"},\"thumbnailUrl\":\"http:\/\/ecointernational.ch\/wp-content\/uploads\/2020\/09\/epc-icona.png\",\"datePublished\":\"2020-09-10T14:41:53+00:00\",\"dateModified\":\"2021-07-10T08:48:14+00:00\",\"breadcrumb\":{\"@id\":\"https:\/\/ecointernational.ch\/fr\/health-and-medical-divisions\/#breadcrumb\"},\"inLanguage\":\"fr-FR\",\"potentialAction\":[{\"@type\":\"ReadAction\",\"target\":[\"https:\/\/ecointernational.ch\/fr\/health-and-medical-divisions\/\"]}]},{\"@type\":\"ImageObject\",\"inLanguage\":\"fr-FR\",\"@id\":\"https:\/\/ecointernational.ch\/fr\/health-and-medical-divisions\/#primaryimage\",\"url\":\"http:\/\/ecointernational.ch\/wp-content\/uploads\/2020\/09\/epc-icona.png\",\"contentUrl\":\"http:\/\/ecointernational.ch\/wp-content\/uploads\/2020\/09\/epc-icona.png\"},{\"@type\":\"BreadcrumbList\",\"@id\":\"https:\/\/ecointernational.ch\/fr\/health-and-medical-divisions\/#breadcrumb\",\"itemListElement\":[{\"@type\":\"ListItem\",\"position\":1,\"name\":\"Home\",\"item\":\"https:\/\/ecointernational.ch\/\"},{\"@type\":\"ListItem\",\"position\":2,\"name\":\"Health and Medical &#8211; Divisions\"}]},{\"@type\":\"WebSite\",\"@id\":\"https:\/\/ecointernational.ch\/#website\",\"url\":\"https:\/\/ecointernational.ch\/\",\"name\":\"Eco International\",\"description\":\"\",\"publisher\":{\"@id\":\"https:\/\/ecointernational.ch\/#organization\"},\"potentialAction\":[{\"@type\":\"SearchAction\",\"target\":{\"@type\":\"EntryPoint\",\"urlTemplate\":\"https:\/\/ecointernational.ch\/?s={search_term_string}\"},\"query-input\":\"required name=search_term_string\"}],\"inLanguage\":\"fr-FR\"},{\"@type\":\"Organization\",\"@id\":\"https:\/\/ecointernational.ch\/#organization\",\"name\":\"Eco International\",\"url\":\"https:\/\/ecointernational.ch\/\",\"logo\":{\"@type\":\"ImageObject\",\"inLanguage\":\"fr-FR\",\"@id\":\"https:\/\/ecointernational.ch\/#\/schema\/logo\/image\/\",\"url\":\"https:\/\/ecointernational.ch\/wp-content\/uploads\/2020\/09\/LOGO-BLU.png\",\"contentUrl\":\"https:\/\/ecointernational.ch\/wp-content\/uploads\/2020\/09\/LOGO-BLU.png\",\"width\":482,\"height\":180,\"caption\":\"Eco International\"},\"image\":{\"@id\":\"https:\/\/ecointernational.ch\/#\/schema\/logo\/image\/\"}}]}<\/script>\n<!-- \/ Yoast SEO plugin. -->","yoast_head_json":{"title":"Health and Medical - Divisions - Eco International","robots":{"index":"index","follow":"follow","max-snippet":"max-snippet:-1","max-image-preview":"max-image-preview:large","max-video-preview":"max-video-preview:-1"},"canonical":"https:\/\/ecointernational.ch\/fr\/health-and-medical-divisions\/","og_locale":"fr_FR","og_type":"article","og_title":"Health and Medical - Divisions - Eco International","og_description":"HEALTH AND MEDICAL KNOWLEDGE IN THE SERVICE OF HEALTH Based on 30 years experience, international presence and understanding of its customer&#8217;s needs Eco International can offer the following products and solutions in the area of pharmaceutical, fine chemical and green energy: EPC Engineering Procurement Construction Developing the Project from commencement to final completion. MEDICAL &#038; [&hellip;]","og_url":"https:\/\/ecointernational.ch\/fr\/health-and-medical-divisions\/","og_site_name":"Eco International","article_modified_time":"2021-07-10T08:48:14+00:00","og_image":[{"url":"http:\/\/ecointernational.ch\/wp-content\/uploads\/2020\/09\/epc-icona.png"}],"twitter_card":"summary_large_image","twitter_misc":{"Dur\u00e9e de lecture estim\u00e9e":"2 minutes"},"schema":{"@context":"https:\/\/schema.org","@graph":[{"@type":"WebPage","@id":"https:\/\/ecointernational.ch\/fr\/health-and-medical-divisions\/","url":"https:\/\/ecointernational.ch\/fr\/health-and-medical-divisions\/","name":"Health and Medical - Divisions - Eco International","isPartOf":{"@id":"https:\/\/ecointernational.ch\/#website"},"primaryImageOfPage":{"@id":"https:\/\/ecointernational.ch\/fr\/health-and-medical-divisions\/#primaryimage"},"image":{"@id":"https:\/\/ecointernational.ch\/fr\/health-and-medical-divisions\/#primaryimage"},"thumbnailUrl":"http:\/\/ecointernational.ch\/wp-content\/uploads\/2020\/09\/epc-icona.png","datePublished":"2020-09-10T14:41:53+00:00","dateModified":"2021-07-10T08:48:14+00:00","breadcrumb":{"@id":"https:\/\/ecointernational.ch\/fr\/health-and-medical-divisions\/#breadcrumb"},"inLanguage":"fr-FR","potentialAction":[{"@type":"ReadAction","target":["https:\/\/ecointernational.ch\/fr\/health-and-medical-divisions\/"]}]},{"@type":"ImageObject","inLanguage":"fr-FR","@id":"https:\/\/ecointernational.ch\/fr\/health-and-medical-divisions\/#primaryimage","url":"http:\/\/ecointernational.ch\/wp-content\/uploads\/2020\/09\/epc-icona.png","contentUrl":"http:\/\/ecointernational.ch\/wp-content\/uploads\/2020\/09\/epc-icona.png"},{"@type":"BreadcrumbList","@id":"https:\/\/ecointernational.ch\/fr\/health-and-medical-divisions\/#breadcrumb","itemListElement":[{"@type":"ListItem","position":1,"name":"Home","item":"https:\/\/ecointernational.ch\/"},{"@type":"ListItem","position":2,"name":"Health and Medical &#8211; Divisions"}]},{"@type":"WebSite","@id":"https:\/\/ecointernational.ch\/#website","url":"https:\/\/ecointernational.ch\/","name":"Eco International","description":"","publisher":{"@id":"https:\/\/ecointernational.ch\/#organization"},"potentialAction":[{"@type":"SearchAction","target":{"@type":"EntryPoint","urlTemplate":"https:\/\/ecointernational.ch\/?s={search_term_string}"},"query-input":"required name=search_term_string"}],"inLanguage":"fr-FR"},{"@type":"Organization","@id":"https:\/\/ecointernational.ch\/#organization","name":"Eco International","url":"https:\/\/ecointernational.ch\/","logo":{"@type":"ImageObject","inLanguage":"fr-FR","@id":"https:\/\/ecointernational.ch\/#\/schema\/logo\/image\/","url":"https:\/\/ecointernational.ch\/wp-content\/uploads\/2020\/09\/LOGO-BLU.png","contentUrl":"https:\/\/ecointernational.ch\/wp-content\/uploads\/2020\/09\/LOGO-BLU.png","width":482,"height":180,"caption":"Eco International"},"image":{"@id":"https:\/\/ecointernational.ch\/#\/schema\/logo\/image\/"}}]}},"_links":{"self":[{"href":"https:\/\/ecointernational.ch\/fr\/wp-json\/wp\/v2\/pages\/52"}],"collection":[{"href":"https:\/\/ecointernational.ch\/fr\/wp-json\/wp\/v2\/pages"}],"about":[{"href":"https:\/\/ecointernational.ch\/fr\/wp-json\/wp\/v2\/types\/page"}],"author":[{"embeddable":true,"href":"https:\/\/ecointernational.ch\/fr\/wp-json\/wp\/v2\/users\/1"}],"replies":[{"embeddable":true,"href":"https:\/\/ecointernational.ch\/fr\/wp-json\/wp\/v2\/comments?post=52"}],"version-history":[{"count":80,"href":"https:\/\/ecointernational.ch\/fr\/wp-json\/wp\/v2\/pages\/52\/revisions"}],"predecessor-version":[{"id":3491,"href":"https:\/\/ecointernational.ch\/fr\/wp-json\/wp\/v2\/pages\/52\/revisions\/3491"}],"wp:attachment":[{"href":"https:\/\/ecointernational.ch\/fr\/wp-json\/wp\/v2\/media?parent=52"}],"curies":[{"name":"wp","href":"https:\/\/api.w.org\/{rel}","templated":true}]}}