{"id":462,"date":"2020-09-30T10:31:31","date_gmt":"2020-09-30T08:31:31","guid":{"rendered":"http:\/\/ecointernational.ch\/?page_id=462"},"modified":"2021-05-21T18:07:47","modified_gmt":"2021-05-21T16:07:47","slug":"services-2","status":"publish","type":"page","link":"https:\/\/ecointernational.ch\/fr\/health-and-medical-divisions\/services-2\/","title":{"rendered":"Services"},"content":{"rendered":"<div data-elementor-type=\"wp-page\" data-elementor-id=\"462\" class=\"elementor elementor-462\" data-elementor-post-type=\"page\">\n\t\t\t\t\t\t<section class=\"elementor-section elementor-top-section elementor-element elementor-element-6ac048e elementor-section-full_width elementor-section-height-min-height elementor-section-height-default elementor-section-items-middle\" data-id=\"6ac048e\" data-element_type=\"section\" data-settings=\"{&quot;background_background&quot;:&quot;classic&quot;,&quot;_ha_eqh_enable&quot;:false}\">\n\t\t\t\t\t\t<div class=\"elementor-container elementor-column-gap-default\">\n\t\t\t\t\t<div class=\"elementor-column elementor-col-100 elementor-top-column elementor-element elementor-element-89e0636\" data-id=\"89e0636\" data-element_type=\"column\">\n\t\t\t<div class=\"elementor-widget-wrap elementor-element-populated\">\n\t\t\t\t\t\t<div class=\"elementor-element elementor-element-4222c9b elementor-widget elementor-widget-heading\" data-id=\"4222c9b\" data-element_type=\"widget\" data-widget_type=\"heading.default\">\n\t\t\t\t<div class=\"elementor-widget-container\">\n\t\t\t<h1 class=\"elementor-heading-title elementor-size-default\">SERVICES<\/h1>\t\t<\/div>\n\t\t\t\t<\/div>\n\t\t\t\t<div class=\"elementor-element elementor-element-8393c56 ha-has-bg-overlay elementor-widget elementor-widget-heading\" data-id=\"8393c56\" data-element_type=\"widget\" data-widget_type=\"heading.default\">\n\t\t\t\t<div class=\"elementor-widget-container\">\n\t\t\t<h2 class=\"elementor-heading-title elementor-size-default\">SERVICES PHARMACEUTIQUES\/M\u00c9DICAUX<\/h2>\t\t<\/div>\n\t\t\t\t<\/div>\n\t\t\t\t\t<\/div>\n\t\t<\/div>\n\t\t\t\t\t<\/div>\n\t\t<\/section>\n\t\t\t\t<section class=\"elementor-section elementor-top-section elementor-element elementor-element-3c40177 elementor-section-full_width elementor-section-height-default elementor-section-height-default\" data-id=\"3c40177\" data-element_type=\"section\" data-settings=\"{&quot;_ha_eqh_enable&quot;:false}\">\n\t\t\t\t\t\t<div class=\"elementor-container elementor-column-gap-default\">\n\t\t\t\t\t<div class=\"elementor-column elementor-col-100 elementor-top-column elementor-element elementor-element-dbd1a17\" data-id=\"dbd1a17\" data-element_type=\"column\">\n\t\t\t<div class=\"elementor-widget-wrap elementor-element-populated\">\n\t\t\t\t\t\t<div class=\"elementor-element elementor-element-217c32a elementor-align-right elementor-widget elementor-widget-breadcrumbs\" data-id=\"217c32a\" data-element_type=\"widget\" data-widget_type=\"breadcrumbs.default\">\n\t\t\t\t<div class=\"elementor-widget-container\">\n\t\t\t<p id=\"breadcrumbs\"><span><span><a href=\"https:\/\/ecointernational.ch\/fr\/\">Accueil<\/a><\/span><\/span><\/p>\t\t<\/div>\n\t\t\t\t<\/div>\n\t\t\t\t<div class=\"elementor-element elementor-element-af87f49 elementor-widget elementor-widget-text-editor\" data-id=\"af87f49\" data-element_type=\"widget\" data-widget_type=\"text-editor.default\">\n\t\t\t\t<div class=\"elementor-widget-container\">\n\t\t\t\t\t\t\t<p>En collaboration avec son vaste r\u00e9seau de partenaires, Eco International est en mesure de proposer un large \u00e9ventail de solutions li\u00e9es \u00e0 la richesse et \u00e0 la sant\u00e9 :<\/p>\t\t\t\t\t\t<\/div>\n\t\t\t\t<\/div>\n\t\t\t\t\t<\/div>\n\t\t<\/div>\n\t\t\t\t\t<\/div>\n\t\t<\/section>\n\t\t\t\t<section class=\"elementor-section elementor-top-section elementor-element elementor-element-fb9673d elementor-section-full_width elementor-section-height-default elementor-section-height-default\" data-id=\"fb9673d\" data-element_type=\"section\" data-settings=\"{&quot;_ha_eqh_enable&quot;:false}\">\n\t\t\t\t\t\t<div class=\"elementor-container elementor-column-gap-default\">\n\t\t\t\t\t<div data-ha-element-link=\"{&quot;url&quot;:&quot;http:\\\/\\\/ecointernational.ch\\\/health-and-medical-divisions\\\/services-2\\\/medical-desk-screening-covid-19\\\/&quot;,&quot;is_external&quot;:&quot;&quot;,&quot;nofollow&quot;:&quot;&quot;}\" style=\"cursor: pointer\" class=\"elementor-column elementor-col-25 elementor-top-column elementor-element elementor-element-9a8d4be boxDivisions\" data-id=\"9a8d4be\" data-element_type=\"column\" data-settings=\"{&quot;background_background&quot;:&quot;classic&quot;}\">\n\t\t\t<div class=\"elementor-widget-wrap elementor-element-populated\">\n\t\t\t\t\t\t<div class=\"elementor-element elementor-element-2adc2d7 elementor-widget elementor-widget-image\" data-id=\"2adc2d7\" data-element_type=\"widget\" data-widget_type=\"image.default\">\n\t\t\t\t<div class=\"elementor-widget-container\">\n\t\t\t\t\t\t\t\t\t\t\t\t\t<img fetchpriority=\"high\" decoding=\"async\" width=\"300\" height=\"232\" src=\"https:\/\/ecointernational.ch\/wp-content\/uploads\/2021\/05\/logo-ecoint-medical-desk.png\" class=\"attachment-medium size-medium wp-image-3290\" alt=\"ecoint-medical desk partnership logo\" \/>\t\t\t\t\t\t\t\t\t\t\t\t\t<\/div>\n\t\t\t\t<\/div>\n\t\t\t\t<div class=\"elementor-element elementor-element-82d68bf elementor-widget elementor-widget-heading\" data-id=\"82d68bf\" data-element_type=\"widget\" data-widget_type=\"heading.default\">\n\t\t\t\t<div class=\"elementor-widget-container\">\n\t\t\t<h2 class=\"elementor-heading-title elementor-size-default\">D\u00c9PISTAGE COVID-19\n<\/h2>\t\t<\/div>\n\t\t\t\t<\/div>\n\t\t\t\t<div class=\"elementor-element elementor-element-4405e20 elementor-widget elementor-widget-text-editor\" data-id=\"4405e20\" data-element_type=\"widget\" data-widget_type=\"text-editor.default\">\n\t\t\t\t<div class=\"elementor-widget-container\">\n\t\t\t\t\t\t\t<p>Pr\u00e9vention et s\u00e9curit\u00e9 dans les entreprises et les zones d'agr\u00e9gation en p\u00e9riode de pand\u00e9mie<\/p>\t\t\t\t\t\t<\/div>\n\t\t\t\t<\/div>\n\t\t\t\t\t<\/div>\n\t\t<\/div>\n\t\t\t\t<div data-ha-element-link=\"{&quot;url&quot;:&quot;http:\\\/\\\/ecointernational.ch\\\/health-and-medical-divisions\\\/services-2\\\/eco-international-srl-medical-desk-covid19-green-pass\\\/&quot;,&quot;is_external&quot;:&quot;&quot;,&quot;nofollow&quot;:&quot;&quot;}\" style=\"cursor: pointer\" class=\"elementor-column elementor-col-25 elementor-top-column elementor-element elementor-element-f7ce398 boxDivisions\" data-id=\"f7ce398\" data-element_type=\"column\" data-settings=\"{&quot;background_background&quot;:&quot;classic&quot;}\">\n\t\t\t<div class=\"elementor-widget-wrap elementor-element-populated\">\n\t\t\t\t\t\t<div class=\"elementor-element elementor-element-ac5daa6 ha-has-bg-overlay elementor-widget elementor-widget-image\" data-id=\"ac5daa6\" data-element_type=\"widget\" data-widget_type=\"image.default\">\n\t\t\t\t<div class=\"elementor-widget-container\">\n\t\t\t\t\t\t\t\t\t\t\t\t\t<img fetchpriority=\"high\" decoding=\"async\" width=\"300\" height=\"232\" src=\"https:\/\/ecointernational.ch\/wp-content\/uploads\/2021\/05\/logo-ecoint-medical-desk.png\" class=\"attachment-medium size-medium wp-image-3290\" alt=\"ecoint-medical desk partnership logo\" \/>\t\t\t\t\t\t\t\t\t\t\t\t\t<\/div>\n\t\t\t\t<\/div>\n\t\t\t\t<div class=\"elementor-element elementor-element-c8ba4b2 elementor-widget elementor-widget-heading\" data-id=\"c8ba4b2\" data-element_type=\"widget\" data-widget_type=\"heading.default\">\n\t\t\t\t<div class=\"elementor-widget-container\">\n\t\t\t<h2 class=\"elementor-heading-title elementor-size-default\">COVID <br>PASSAGE VERT<\/h2>\t\t<\/div>\n\t\t\t\t<\/div>\n\t\t\t\t<div class=\"elementor-element elementor-element-a9baf59 elementor-widget elementor-widget-text-editor\" data-id=\"a9baf59\" data-element_type=\"widget\" data-widget_type=\"text-editor.default\">\n\t\t\t\t<div class=\"elementor-widget-container\">\n\t\t\t\t\t\t\tEventi Covid-Free grazie allo screening veloce ed immediato effettuato a domicilio o presso la location definita.\t\t\t\t\t\t<\/div>\n\t\t\t\t<\/div>\n\t\t\t\t\t<\/div>\n\t\t<\/div>\n\t\t\t\t<div data-ha-element-link=\"{&quot;url&quot;:&quot;http:\\\/\\\/ecointernational.ch\\\/health-and-medical-divisions\\\/services-2\\\/eifec\\\/&quot;,&quot;is_external&quot;:&quot;&quot;,&quot;nofollow&quot;:&quot;&quot;}\" style=\"cursor: pointer\" class=\"elementor-column elementor-col-25 elementor-top-column elementor-element elementor-element-3148d29 boxDivisions\" data-id=\"3148d29\" data-element_type=\"column\" data-settings=\"{&quot;background_background&quot;:&quot;classic&quot;}\">\n\t\t\t<div class=\"elementor-widget-wrap elementor-element-populated\">\n\t\t\t\t\t\t<div class=\"elementor-element elementor-element-19048c1 ha-has-bg-overlay elementor-widget elementor-widget-image\" data-id=\"19048c1\" data-element_type=\"widget\" data-widget_type=\"image.default\">\n\t\t\t\t<div class=\"elementor-widget-container\">\n\t\t\t\t\t\t\t\t\t\t\t\t\t<img decoding=\"async\" src=\"https:\/\/ecointernational.ch\/wp-content\/uploads\/2021\/05\/eifec-orange.png\" title=\"eifec-orange\" alt=\"eifec logo\" loading=\"lazy\" \/>\t\t\t\t\t\t\t\t\t\t\t\t\t<\/div>\n\t\t\t\t<\/div>\n\t\t\t\t<div class=\"elementor-element elementor-element-75b3c4c elementor-widget elementor-widget-heading\" data-id=\"75b3c4c\" data-element_type=\"widget\" data-widget_type=\"heading.default\">\n\t\t\t\t<div class=\"elementor-widget-container\">\n\t\t\t<h2 class=\"elementor-heading-title elementor-size-default\">CERTIFICATION EIFEC\n<\/h2>\t\t<\/div>\n\t\t\t\t<\/div>\n\t\t\t\t<div class=\"elementor-element elementor-element-2746049 elementor-widget elementor-widget-text-editor\" data-id=\"2746049\" data-element_type=\"widget\" data-widget_type=\"text-editor.default\">\n\t\t\t\t<div class=\"elementor-widget-container\">\n\t\t\t\t\t\t\t<p>Plus d'informations sur <strong>EIFEC<\/strong> S\u00e9rie de normes de conformit\u00e9 aux urgences sanitaires internationales\u00a0<br \/>et le syst\u00e8me de certification.<\/p>\t\t\t\t\t\t<\/div>\n\t\t\t\t<\/div>\n\t\t\t\t\t<\/div>\n\t\t<\/div>\n\t\t\t\t<div data-ha-element-link=\"{&quot;url&quot;:&quot;http:\\\/\\\/ecointernational.ch\\\/health-and-medical-divisions\\\/services-2\\\/eifec\\\/&quot;,&quot;is_external&quot;:&quot;&quot;,&quot;nofollow&quot;:&quot;&quot;}\" style=\"cursor: pointer\" class=\"elementor-column elementor-col-25 elementor-top-column elementor-element elementor-element-cda225c boxDivisions\" data-id=\"cda225c\" data-element_type=\"column\">\n\t\t\t<div class=\"elementor-widget-wrap\">\n\t\t\t\t\t\t\t<\/div>\n\t\t<\/div>\n\t\t\t\t\t<\/div>\n\t\t<\/section>\n\t\t\t\t<\/div>","protected":false},"excerpt":{"rendered":"<p>SERVICES PHARMACEUTICAL\/MEDICAL SERVICES In collaboration with its vaste network of partners Eco International is able to offer a wide range of solutions related to wealth and health: SCREENING COVID-19 Prevenzione e sicurezza nelle aziende e aree di aggregazione in tempo di pandemia COVID GREEN PASS Eventi Covid-Free grazie allo screening veloce ed immediato effettuato a [&hellip;]<\/p>","protected":false},"author":1,"featured_media":0,"parent":52,"menu_order":0,"comment_status":"closed","ping_status":"closed","template":"elementor_header_footer","meta":{"_acf_changed":false,"_monsterinsights_skip_tracking":false,"_monsterinsights_sitenote_active":false,"_monsterinsights_sitenote_note":"","_monsterinsights_sitenote_category":0,"footnotes":""},"class_list":["post-462","page","type-page","status-publish","hentry"],"acf":[],"yoast_head":"<!-- This site is optimized with the Yoast SEO plugin v23.1 - https:\/\/yoast.com\/wordpress\/plugins\/seo\/ -->\n<title>Services - Eco International<\/title>\n<meta name=\"robots\" content=\"index, follow, max-snippet:-1, max-image-preview:large, max-video-preview:-1\" \/>\n<link rel=\"canonical\" href=\"https:\/\/ecointernational.ch\/fr\/health-and-medical-divisions\/services-2\/\" \/>\n<meta property=\"og:locale\" content=\"fr_FR\" \/>\n<meta property=\"og:type\" content=\"article\" \/>\n<meta property=\"og:title\" content=\"Services - Eco International\" \/>\n<meta property=\"og:description\" content=\"SERVICES PHARMACEUTICAL\/MEDICAL SERVICES In collaboration with its vaste network of partners Eco International is able to offer a wide range of solutions related to wealth and health: SCREENING COVID-19 Prevenzione e sicurezza nelle aziende e aree di aggregazione in tempo di pandemia COVID GREEN PASS Eventi Covid-Free grazie allo screening veloce ed immediato effettuato a [&hellip;]\" \/>\n<meta property=\"og:url\" content=\"https:\/\/ecointernational.ch\/fr\/health-and-medical-divisions\/services-2\/\" \/>\n<meta property=\"og:site_name\" content=\"Eco International\" \/>\n<meta property=\"article:modified_time\" content=\"2021-05-21T16:07:47+00:00\" \/>\n<meta property=\"og:image\" content=\"http:\/\/ecointernational.ch\/wp-content\/uploads\/2021\/05\/logo-ecoint-medical-desk.png\" \/>\n<meta name=\"twitter:card\" content=\"summary_large_image\" \/>\n<meta name=\"twitter:label1\" content=\"Dur\u00e9e de lecture estim\u00e9e\" \/>\n\t<meta name=\"twitter:data1\" content=\"1 minute\" \/>\n<script type=\"application\/ld+json\" class=\"yoast-schema-graph\">{\"@context\":\"https:\/\/schema.org\",\"@graph\":[{\"@type\":\"WebPage\",\"@id\":\"https:\/\/ecointernational.ch\/es\/health-and-medical-divisions\/services-2\/\",\"url\":\"https:\/\/ecointernational.ch\/es\/health-and-medical-divisions\/services-2\/\",\"name\":\"Services - Eco International\",\"isPartOf\":{\"@id\":\"https:\/\/ecointernational.ch\/#website\"},\"primaryImageOfPage\":{\"@id\":\"https:\/\/ecointernational.ch\/es\/health-and-medical-divisions\/services-2\/#primaryimage\"},\"image\":{\"@id\":\"https:\/\/ecointernational.ch\/es\/health-and-medical-divisions\/services-2\/#primaryimage\"},\"thumbnailUrl\":\"http:\/\/ecointernational.ch\/wp-content\/uploads\/2021\/05\/logo-ecoint-medical-desk.png\",\"datePublished\":\"2020-09-30T08:31:31+00:00\",\"dateModified\":\"2021-05-21T16:07:47+00:00\",\"breadcrumb\":{\"@id\":\"https:\/\/ecointernational.ch\/es\/health-and-medical-divisions\/services-2\/#breadcrumb\"},\"inLanguage\":\"fr-FR\",\"potentialAction\":[{\"@type\":\"ReadAction\",\"target\":[\"https:\/\/ecointernational.ch\/es\/health-and-medical-divisions\/services-2\/\"]}]},{\"@type\":\"ImageObject\",\"inLanguage\":\"fr-FR\",\"@id\":\"https:\/\/ecointernational.ch\/es\/health-and-medical-divisions\/services-2\/#primaryimage\",\"url\":\"http:\/\/ecointernational.ch\/wp-content\/uploads\/2021\/05\/logo-ecoint-medical-desk.png\",\"contentUrl\":\"http:\/\/ecointernational.ch\/wp-content\/uploads\/2021\/05\/logo-ecoint-medical-desk.png\"},{\"@type\":\"BreadcrumbList\",\"@id\":\"https:\/\/ecointernational.ch\/es\/health-and-medical-divisions\/services-2\/#breadcrumb\",\"itemListElement\":[{\"@type\":\"ListItem\",\"position\":1,\"name\":\"Home\",\"item\":\"https:\/\/ecointernational.ch\/\"},{\"@type\":\"ListItem\",\"position\":2,\"name\":\"Health and Medical &#8211; Divisions\",\"item\":\"https:\/\/ecointernational.ch\/fr\/health-and-medical-divisions\/\"},{\"@type\":\"ListItem\",\"position\":3,\"name\":\"Services\"}]},{\"@type\":\"WebSite\",\"@id\":\"https:\/\/ecointernational.ch\/#website\",\"url\":\"https:\/\/ecointernational.ch\/\",\"name\":\"Eco International\",\"description\":\"\",\"publisher\":{\"@id\":\"https:\/\/ecointernational.ch\/#organization\"},\"potentialAction\":[{\"@type\":\"SearchAction\",\"target\":{\"@type\":\"EntryPoint\",\"urlTemplate\":\"https:\/\/ecointernational.ch\/?s={search_term_string}\"},\"query-input\":\"required name=search_term_string\"}],\"inLanguage\":\"fr-FR\"},{\"@type\":\"Organization\",\"@id\":\"https:\/\/ecointernational.ch\/#organization\",\"name\":\"Eco International\",\"url\":\"https:\/\/ecointernational.ch\/\",\"logo\":{\"@type\":\"ImageObject\",\"inLanguage\":\"fr-FR\",\"@id\":\"https:\/\/ecointernational.ch\/#\/schema\/logo\/image\/\",\"url\":\"https:\/\/ecointernational.ch\/wp-content\/uploads\/2020\/09\/LOGO-BLU.png\",\"contentUrl\":\"https:\/\/ecointernational.ch\/wp-content\/uploads\/2020\/09\/LOGO-BLU.png\",\"width\":482,\"height\":180,\"caption\":\"Eco International\"},\"image\":{\"@id\":\"https:\/\/ecointernational.ch\/#\/schema\/logo\/image\/\"}}]}<\/script>\n<!-- \/ Yoast SEO plugin. -->","yoast_head_json":{"title":"Services - Eco International","robots":{"index":"index","follow":"follow","max-snippet":"max-snippet:-1","max-image-preview":"max-image-preview:large","max-video-preview":"max-video-preview:-1"},"canonical":"https:\/\/ecointernational.ch\/fr\/health-and-medical-divisions\/services-2\/","og_locale":"fr_FR","og_type":"article","og_title":"Services - Eco International","og_description":"SERVICES PHARMACEUTICAL\/MEDICAL SERVICES In collaboration with its vaste network of partners Eco International is able to offer a wide range of solutions related to wealth and health: SCREENING COVID-19 Prevenzione e sicurezza nelle aziende e aree di aggregazione in tempo di pandemia COVID GREEN PASS Eventi Covid-Free grazie allo screening veloce ed immediato effettuato a [&hellip;]","og_url":"https:\/\/ecointernational.ch\/fr\/health-and-medical-divisions\/services-2\/","og_site_name":"Eco International","article_modified_time":"2021-05-21T16:07:47+00:00","og_image":[{"url":"http:\/\/ecointernational.ch\/wp-content\/uploads\/2021\/05\/logo-ecoint-medical-desk.png"}],"twitter_card":"summary_large_image","twitter_misc":{"Dur\u00e9e de lecture estim\u00e9e":"1 minute"},"schema":{"@context":"https:\/\/schema.org","@graph":[{"@type":"WebPage","@id":"https:\/\/ecointernational.ch\/es\/health-and-medical-divisions\/services-2\/","url":"https:\/\/ecointernational.ch\/es\/health-and-medical-divisions\/services-2\/","name":"Services - Eco International","isPartOf":{"@id":"https:\/\/ecointernational.ch\/#website"},"primaryImageOfPage":{"@id":"https:\/\/ecointernational.ch\/es\/health-and-medical-divisions\/services-2\/#primaryimage"},"image":{"@id":"https:\/\/ecointernational.ch\/es\/health-and-medical-divisions\/services-2\/#primaryimage"},"thumbnailUrl":"http:\/\/ecointernational.ch\/wp-content\/uploads\/2021\/05\/logo-ecoint-medical-desk.png","datePublished":"2020-09-30T08:31:31+00:00","dateModified":"2021-05-21T16:07:47+00:00","breadcrumb":{"@id":"https:\/\/ecointernational.ch\/es\/health-and-medical-divisions\/services-2\/#breadcrumb"},"inLanguage":"fr-FR","potentialAction":[{"@type":"ReadAction","target":["https:\/\/ecointernational.ch\/es\/health-and-medical-divisions\/services-2\/"]}]},{"@type":"ImageObject","inLanguage":"fr-FR","@id":"https:\/\/ecointernational.ch\/es\/health-and-medical-divisions\/services-2\/#primaryimage","url":"http:\/\/ecointernational.ch\/wp-content\/uploads\/2021\/05\/logo-ecoint-medical-desk.png","contentUrl":"http:\/\/ecointernational.ch\/wp-content\/uploads\/2021\/05\/logo-ecoint-medical-desk.png"},{"@type":"BreadcrumbList","@id":"https:\/\/ecointernational.ch\/es\/health-and-medical-divisions\/services-2\/#breadcrumb","itemListElement":[{"@type":"ListItem","position":1,"name":"Home","item":"https:\/\/ecointernational.ch\/"},{"@type":"ListItem","position":2,"name":"Health and Medical &#8211; Divisions","item":"https:\/\/ecointernational.ch\/fr\/health-and-medical-divisions\/"},{"@type":"ListItem","position":3,"name":"Services"}]},{"@type":"WebSite","@id":"https:\/\/ecointernational.ch\/#website","url":"https:\/\/ecointernational.ch\/","name":"Eco International","description":"","publisher":{"@id":"https:\/\/ecointernational.ch\/#organization"},"potentialAction":[{"@type":"SearchAction","target":{"@type":"EntryPoint","urlTemplate":"https:\/\/ecointernational.ch\/?s={search_term_string}"},"query-input":"required name=search_term_string"}],"inLanguage":"fr-FR"},{"@type":"Organization","@id":"https:\/\/ecointernational.ch\/#organization","name":"Eco International","url":"https:\/\/ecointernational.ch\/","logo":{"@type":"ImageObject","inLanguage":"fr-FR","@id":"https:\/\/ecointernational.ch\/#\/schema\/logo\/image\/","url":"https:\/\/ecointernational.ch\/wp-content\/uploads\/2020\/09\/LOGO-BLU.png","contentUrl":"https:\/\/ecointernational.ch\/wp-content\/uploads\/2020\/09\/LOGO-BLU.png","width":482,"height":180,"caption":"Eco International"},"image":{"@id":"https:\/\/ecointernational.ch\/#\/schema\/logo\/image\/"}}]}},"_links":{"self":[{"href":"https:\/\/ecointernational.ch\/fr\/wp-json\/wp\/v2\/pages\/462"}],"collection":[{"href":"https:\/\/ecointernational.ch\/fr\/wp-json\/wp\/v2\/pages"}],"about":[{"href":"https:\/\/ecointernational.ch\/fr\/wp-json\/wp\/v2\/types\/page"}],"author":[{"embeddable":true,"href":"https:\/\/ecointernational.ch\/fr\/wp-json\/wp\/v2\/users\/1"}],"replies":[{"embeddable":true,"href":"https:\/\/ecointernational.ch\/fr\/wp-json\/wp\/v2\/comments?post=462"}],"version-history":[{"count":67,"href":"https:\/\/ecointernational.ch\/fr\/wp-json\/wp\/v2\/pages\/462\/revisions"}],"predecessor-version":[{"id":3327,"href":"https:\/\/ecointernational.ch\/fr\/wp-json\/wp\/v2\/pages\/462\/revisions\/3327"}],"up":[{"embeddable":true,"href":"https:\/\/ecointernational.ch\/fr\/wp-json\/wp\/v2\/pages\/52"}],"wp:attachment":[{"href":"https:\/\/ecointernational.ch\/fr\/wp-json\/wp\/v2\/media?parent=462"}],"curies":[{"name":"wp","href":"https:\/\/api.w.org\/{rel}","templated":true}]}}