{"id":54,"date":"2020-09-10T16:42:52","date_gmt":"2020-09-10T14:42:52","guid":{"rendered":"http:\/\/ecointernational.ch\/?page_id=54"},"modified":"2021-04-13T10:49:59","modified_gmt":"2021-04-13T08:49:59","slug":"pharmaceutical-divisions","status":"publish","type":"page","link":"https:\/\/ecointernational.ch\/es\/pharmaceutical-divisions\/","title":{"rendered":"Farmac\u00e9utica - Divisiones"},"content":{"rendered":"<div data-elementor-type=\"wp-page\" data-elementor-id=\"54\" class=\"elementor elementor-54\" data-elementor-post-type=\"page\">\n\t\t\t\t\t\t<section class=\"elementor-section elementor-top-section elementor-element elementor-element-bef61cd elementor-section-full_width elementor-section-height-min-height elementor-section-height-default elementor-section-items-middle\" data-id=\"bef61cd\" data-element_type=\"section\" data-settings=\"{&quot;background_background&quot;:&quot;classic&quot;,&quot;_ha_eqh_enable&quot;:false}\">\n\t\t\t\t\t\t<div class=\"elementor-container elementor-column-gap-default\">\n\t\t\t\t\t<div class=\"elementor-column elementor-col-100 elementor-top-column elementor-element elementor-element-addee0c\" data-id=\"addee0c\" data-element_type=\"column\">\n\t\t\t<div class=\"elementor-widget-wrap elementor-element-populated\">\n\t\t\t\t\t\t<div class=\"elementor-element elementor-element-6f6996f elementor-widget elementor-widget-heading\" data-id=\"6f6996f\" data-element_type=\"widget\" data-widget_type=\"heading.default\">\n\t\t\t\t<div class=\"elementor-widget-container\">\n\t\t\t<h1 class=\"elementor-heading-title elementor-size-default\">FARMAC\u00c9UTICO<\/h1>\t\t<\/div>\n\t\t\t\t<\/div>\n\t\t\t\t<div class=\"elementor-element elementor-element-c82f981 rigaSliderDivision ha-has-bg-overlay elementor-widget elementor-widget-heading\" data-id=\"c82f981\" data-element_type=\"widget\" data-widget_type=\"heading.default\">\n\t\t\t\t<div class=\"elementor-widget-container\">\n\t\t\t<h2 class=\"elementor-heading-title elementor-size-default\">Proyectos llave en mano: desde la base hasta la fase de puesta en marcha y validaci\u00f3n de la planta<\/h2>\t\t<\/div>\n\t\t\t\t<\/div>\n\t\t\t\t\t<\/div>\n\t\t<\/div>\n\t\t\t\t\t<\/div>\n\t\t<\/section>\n\t\t\t\t<section class=\"elementor-section elementor-top-section elementor-element elementor-element-0e955a9 elementor-section-full_width elementor-section-height-default elementor-section-height-default\" data-id=\"0e955a9\" data-element_type=\"section\" data-settings=\"{&quot;_ha_eqh_enable&quot;:false}\">\n\t\t\t\t\t\t<div class=\"elementor-container elementor-column-gap-default\">\n\t\t\t\t\t<div class=\"elementor-column elementor-col-100 elementor-top-column elementor-element elementor-element-2e69267\" data-id=\"2e69267\" data-element_type=\"column\">\n\t\t\t<div class=\"elementor-widget-wrap elementor-element-populated\">\n\t\t\t\t\t\t<div class=\"elementor-element elementor-element-cd1acdd elementor-align-right elementor-widget elementor-widget-breadcrumbs\" data-id=\"cd1acdd\" data-element_type=\"widget\" data-widget_type=\"breadcrumbs.default\">\n\t\t\t\t<div class=\"elementor-widget-container\">\n\t\t\t<p id=\"breadcrumbs\"><span><span><a href=\"https:\/\/ecointernational.ch\/es\/\">Inicio<\/a><\/span><\/span><\/p>\t\t<\/div>\n\t\t\t\t<\/div>\n\t\t\t\t<div class=\"elementor-element elementor-element-7d993d3 elementor-widget elementor-widget-text-editor\" data-id=\"7d993d3\" data-element_type=\"widget\" data-widget_type=\"text-editor.default\">\n\t\t\t\t<div class=\"elementor-widget-container\">\n\t\t\t\t\t\t\t<p>Eco International puede ofrecer proyectos llave en mano, desde la base hasta la fase de puesta en marcha y validaci\u00f3n de la planta.<br \/>Suministro, a tanto alzado y llave en mano, de plantas de producci\u00f3n completas o de parte de ellas, incluido el equipo de proceso. Todas las instalaciones est\u00e1n validadas seg\u00fan los criterios de la EMEA, la FDA y las agencias locales de GMP. Para ello se recurre a una serie de empresas de ingenier\u00eda y validaci\u00f3n cualificadas que suelen ser socios de Eco International SA. Una lista de las instalaciones suministradas hasta ahora est\u00e1 disponible bajo petici\u00f3n.<br \/>Eco International puede apoyar al Cliente en la identificaci\u00f3n de fuentes de financiaci\u00f3n fiables de nuevas plantas y actividades de producci\u00f3n en los pa\u00edses en desarrollo.<br \/>Los servicios de ingenier\u00eda de Eco International comienzan con el dise\u00f1o conceptual, necesario para comprender las cuestiones t\u00e9cnicas de un nuevo proyecto.<br \/>A continuaci\u00f3n, Eco International puede proporcionar la planificaci\u00f3n de las instalaciones consiste en centros de fabricaci\u00f3n enteros o el an\u00e1lisis de los departamentos individuales y el apoyo al dise\u00f1o en la fase inicial.<br \/>La planificaci\u00f3n de las instalaciones, a menudo una fase estrat\u00e9gica en las actividades de base o de reestructuraci\u00f3n, es un estudio de viabilidad completo que tiene en cuenta no s\u00f3lo los requisitos t\u00e9cnicos, sino tambi\u00e9n los financieros, de I+D, de compras, de transferencia de la producci\u00f3n y de comercializaci\u00f3n, para proporcionar una herramienta de gesti\u00f3n para la inversi\u00f3n.<br \/>Eco International puede preparar estudios de viabilidad de acuerdo con las normas Comfar III de la ONUDI.<\/p>\t\t\t\t\t\t<\/div>\n\t\t\t\t<\/div>\n\t\t\t\t\t<\/div>\n\t\t<\/div>\n\t\t\t\t\t<\/div>\n\t\t<\/section>\n\t\t\t\t<section class=\"elementor-section elementor-top-section elementor-element elementor-element-539bde5 elementor-section-full_width elementor-section-height-default elementor-section-height-default\" data-id=\"539bde5\" data-element_type=\"section\" data-settings=\"{&quot;background_background&quot;:&quot;classic&quot;,&quot;shape_divider_top&quot;:&quot;tilt&quot;,&quot;_ha_eqh_enable&quot;:false}\">\n\t\t\t\t\t<div class=\"elementor-shape elementor-shape-top\" data-negative=\"false\">\n\t\t\t<svg xmlns=\"http:\/\/www.w3.org\/2000\/svg\" viewbox=\"0 0 1000 100\" preserveaspectratio=\"none\">\n\t<path class=\"elementor-shape-fill\" d=\"M0,6V0h1000v100L0,6z\"\/>\n<\/svg>\t\t<\/div>\n\t\t\t\t\t<div class=\"elementor-container elementor-column-gap-default\">\n\t\t\t\t\t<div data-ha-element-link=\"{&quot;url&quot;:&quot;http:\\\/\\\/ecointernational.ch\\\/pharmaceutical-divisions\\\/epc\\\/&quot;,&quot;is_external&quot;:&quot;&quot;,&quot;nofollow&quot;:&quot;&quot;}\" style=\"cursor: pointer\" class=\"elementor-column elementor-col-33 elementor-top-column elementor-element elementor-element-b326adc boxDivisions\" data-id=\"b326adc\" data-element_type=\"column\" data-settings=\"{&quot;background_background&quot;:&quot;classic&quot;}\">\n\t\t\t<div class=\"elementor-widget-wrap elementor-element-populated\">\n\t\t\t\t\t\t<section class=\"elementor-section elementor-inner-section elementor-element elementor-element-d9152a7 elementor-section-full_width elementor-section-height-default elementor-section-height-default\" data-id=\"d9152a7\" data-element_type=\"section\" data-settings=\"{&quot;_ha_eqh_enable&quot;:false}\">\n\t\t\t\t\t\t<div class=\"elementor-container elementor-column-gap-default\">\n\t\t\t\t\t<div class=\"elementor-column elementor-col-50 elementor-inner-column elementor-element elementor-element-6980a40\" data-id=\"6980a40\" data-element_type=\"column\">\n\t\t\t<div class=\"elementor-widget-wrap elementor-element-populated\">\n\t\t\t\t\t\t<div class=\"elementor-element elementor-element-f619b48 ha-has-bg-overlay elementor-widget elementor-widget-image\" data-id=\"f619b48\" data-element_type=\"widget\" data-widget_type=\"image.default\">\n\t\t\t\t<div class=\"elementor-widget-container\">\n\t\t\t\t\t\t\t\t\t\t\t\t\t\t<a href=\"https:\/\/ecointernational.ch\/es\/pharmaceutical-divisions\/epc\/\">\n\t\t\t\t\t\t\t<img fetchpriority=\"high\" decoding=\"async\" width=\"500\" height=\"500\" src=\"https:\/\/ecointernational.ch\/wp-content\/uploads\/2020\/09\/epc-icona.png\" class=\"attachment-large size-large wp-image-452\" alt=\"\" srcset=\"https:\/\/ecointernational.ch\/wp-content\/uploads\/2020\/09\/epc-icona.png 500w, https:\/\/ecointernational.ch\/wp-content\/uploads\/2020\/09\/epc-icona-300x300.png 300w, https:\/\/ecointernational.ch\/wp-content\/uploads\/2020\/09\/epc-icona-150x150.png 150w\" sizes=\"(max-width: 500px) 100vw, 500px\" \/>\t\t\t\t\t\t\t\t<\/a>\n\t\t\t\t\t\t\t\t\t\t\t\t\t<\/div>\n\t\t\t\t<\/div>\n\t\t\t\t\t<\/div>\n\t\t<\/div>\n\t\t\t\t<div class=\"elementor-column elementor-col-50 elementor-inner-column elementor-element elementor-element-19e9030\" data-id=\"19e9030\" data-element_type=\"column\">\n\t\t\t<div class=\"elementor-widget-wrap elementor-element-populated\">\n\t\t\t\t\t\t<div class=\"elementor-element elementor-element-7386813 elementor-widget elementor-widget-heading\" data-id=\"7386813\" data-element_type=\"widget\" data-widget_type=\"heading.default\">\n\t\t\t\t<div class=\"elementor-widget-container\">\n\t\t\t<h2 class=\"elementor-heading-title elementor-size-default\"><a href=\"https:\/\/ecointernational.ch\/es\/pharmaceutical-divisions\/epc\/\">EPC<\/a><\/h2>\t\t<\/div>\n\t\t\t\t<\/div>\n\t\t\t\t\t<\/div>\n\t\t<\/div>\n\t\t\t\t\t<\/div>\n\t\t<\/section>\n\t\t\t\t<div class=\"elementor-element elementor-element-88e47dc elementor-widget elementor-widget-heading\" data-id=\"88e47dc\" data-element_type=\"widget\" data-widget_type=\"heading.default\">\n\t\t\t\t<div class=\"elementor-widget-container\">\n\t\t\t<h4 class=\"elementor-heading-title elementor-size-default\">Ingenier\u00eda Adquisici\u00f3n Construcci\u00f3n<\/h4>\t\t<\/div>\n\t\t\t\t<\/div>\n\t\t\t\t<div class=\"elementor-element elementor-element-8eb2dee elementor-widget elementor-widget-text-editor\" data-id=\"8eb2dee\" data-element_type=\"widget\" data-widget_type=\"text-editor.default\">\n\t\t\t\t<div class=\"elementor-widget-container\">\n\t\t\t\t\t\t\t<p>Desarrollar el proyecto desde su inicio hasta su finalizaci\u00f3n.<\/p>\t\t\t\t\t\t<\/div>\n\t\t\t\t<\/div>\n\t\t\t\t\t<\/div>\n\t\t<\/div>\n\t\t\t\t<div data-ha-element-link=\"{&quot;url&quot;:&quot;http:\\\/\\\/ecointernational.ch\\\/pharmaceutical-divisions\\\/service\\\/&quot;,&quot;is_external&quot;:&quot;&quot;,&quot;nofollow&quot;:&quot;&quot;}\" style=\"cursor: pointer\" class=\"elementor-column elementor-col-33 elementor-top-column elementor-element elementor-element-9d39673 boxDivisions\" data-id=\"9d39673\" data-element_type=\"column\" data-settings=\"{&quot;background_background&quot;:&quot;classic&quot;}\">\n\t\t\t<div class=\"elementor-widget-wrap elementor-element-populated\">\n\t\t\t\t\t\t<section class=\"elementor-section elementor-inner-section elementor-element elementor-element-c8e70bb elementor-section-full_width elementor-section-height-default elementor-section-height-default\" data-id=\"c8e70bb\" data-element_type=\"section\" data-settings=\"{&quot;_ha_eqh_enable&quot;:false}\">\n\t\t\t\t\t\t<div class=\"elementor-container elementor-column-gap-default\">\n\t\t\t\t\t<div class=\"elementor-column elementor-col-50 elementor-inner-column elementor-element elementor-element-2f6d4cf\" data-id=\"2f6d4cf\" data-element_type=\"column\">\n\t\t\t<div class=\"elementor-widget-wrap elementor-element-populated\">\n\t\t\t\t\t\t<div class=\"elementor-element elementor-element-51088f6 ha-has-bg-overlay elementor-widget elementor-widget-image\" data-id=\"51088f6\" data-element_type=\"widget\" data-widget_type=\"image.default\">\n\t\t\t\t<div class=\"elementor-widget-container\">\n\t\t\t\t\t\t\t\t\t\t\t\t\t\t<a href=\"https:\/\/ecointernational.ch\/es\/pharmaceutical-divisions\/service\/\">\n\t\t\t\t\t\t\t<img decoding=\"async\" width=\"500\" height=\"500\" src=\"https:\/\/ecointernational.ch\/wp-content\/uploads\/2020\/09\/services.png\" class=\"attachment-large size-large wp-image-408\" alt=\"\" srcset=\"https:\/\/ecointernational.ch\/wp-content\/uploads\/2020\/09\/services.png 500w, https:\/\/ecointernational.ch\/wp-content\/uploads\/2020\/09\/services-300x300.png 300w, https:\/\/ecointernational.ch\/wp-content\/uploads\/2020\/09\/services-150x150.png 150w\" sizes=\"(max-width: 500px) 100vw, 500px\" \/>\t\t\t\t\t\t\t\t<\/a>\n\t\t\t\t\t\t\t\t\t\t\t\t\t<\/div>\n\t\t\t\t<\/div>\n\t\t\t\t\t<\/div>\n\t\t<\/div>\n\t\t\t\t<div class=\"elementor-column elementor-col-50 elementor-inner-column elementor-element elementor-element-a83973a\" data-id=\"a83973a\" data-element_type=\"column\">\n\t\t\t<div class=\"elementor-widget-wrap elementor-element-populated\">\n\t\t\t\t\t\t<div class=\"elementor-element elementor-element-ed0c062 elementor-widget elementor-widget-heading\" data-id=\"ed0c062\" data-element_type=\"widget\" data-widget_type=\"heading.default\">\n\t\t\t\t<div class=\"elementor-widget-container\">\n\t\t\t<h2 class=\"elementor-heading-title elementor-size-default\"><a href=\"https:\/\/ecointernational.ch\/es\/pharmaceutical-divisions\/service\/\">SERVICIOS<\/a><\/h2>\t\t<\/div>\n\t\t\t\t<\/div>\n\t\t\t\t\t<\/div>\n\t\t<\/div>\n\t\t\t\t\t<\/div>\n\t\t<\/section>\n\t\t\t\t<div class=\"elementor-element elementor-element-fea8b94 elementor-widget elementor-widget-text-editor\" data-id=\"fea8b94\" data-element_type=\"widget\" data-widget_type=\"text-editor.default\">\n\t\t\t\t<div class=\"elementor-widget-container\">\n\t\t\t\t\t\t\tSerie de actividades a\u00f1adidas a la \"Base EPC\" para completar la oferta de 360 grados de Eco International.\t\t\t\t\t\t<\/div>\n\t\t\t\t<\/div>\n\t\t\t\t\t<\/div>\n\t\t<\/div>\n\t\t\t\t<div class=\"elementor-column elementor-col-33 elementor-top-column elementor-element elementor-element-9037b1b\" data-id=\"9037b1b\" data-element_type=\"column\">\n\t\t\t<div class=\"elementor-widget-wrap\">\n\t\t\t\t\t\t\t<\/div>\n\t\t<\/div>\n\t\t\t\t\t<\/div>\n\t\t<\/section>\n\t\t\t\t<\/div>","protected":false},"excerpt":{"rendered":"<p>PHARMACEUTICAL Turnkey Projects: from grassroots up to stage of plant commissioning and validation Eco International can provide turnkey projects, from grassroots up to stage of plant commissioning and validation.Supply, on Lump Sum Turn Key basis, of entire production plants or part of them, including process equipment. All the facilities are validated according to EMEA, FDA [&hellip;]<\/p>","protected":false},"author":1,"featured_media":0,"parent":0,"menu_order":0,"comment_status":"closed","ping_status":"closed","template":"elementor_header_footer","meta":{"_acf_changed":false,"_monsterinsights_skip_tracking":false,"_monsterinsights_sitenote_active":false,"_monsterinsights_sitenote_note":"","_monsterinsights_sitenote_category":0,"footnotes":""},"class_list":["post-54","page","type-page","status-publish","hentry"],"acf":[],"yoast_head":"<!-- This site is optimized with the Yoast SEO plugin v23.1 - https:\/\/yoast.com\/wordpress\/plugins\/seo\/ -->\n<title>Pharmaceutical - Divisions - Eco International<\/title>\n<meta name=\"robots\" content=\"index, follow, max-snippet:-1, max-image-preview:large, max-video-preview:-1\" \/>\n<link rel=\"canonical\" href=\"https:\/\/ecointernational.ch\/es\/pharmaceutical-divisions\/\" \/>\n<meta property=\"og:locale\" content=\"es_ES\" \/>\n<meta property=\"og:type\" content=\"article\" \/>\n<meta property=\"og:title\" content=\"Pharmaceutical - Divisions - Eco International\" \/>\n<meta property=\"og:description\" content=\"PHARMACEUTICAL Turnkey Projects: from grassroots up to stage of plant commissioning and validation Eco International can provide turnkey projects, from grassroots up to stage of plant commissioning and validation.Supply, on Lump Sum Turn Key basis, of entire production plants or part of them, including process equipment. All the facilities are validated according to EMEA, FDA [&hellip;]\" \/>\n<meta property=\"og:url\" content=\"https:\/\/ecointernational.ch\/es\/pharmaceutical-divisions\/\" \/>\n<meta property=\"og:site_name\" content=\"Eco International\" \/>\n<meta property=\"article:modified_time\" content=\"2021-04-13T08:49:59+00:00\" \/>\n<meta property=\"og:image\" content=\"http:\/\/ecointernational.ch\/wp-content\/uploads\/2020\/09\/epc-icona.png\" \/>\n<meta name=\"twitter:card\" content=\"summary_large_image\" \/>\n<meta name=\"twitter:label1\" content=\"Tiempo de lectura\" \/>\n\t<meta name=\"twitter:data1\" content=\"2 minutos\" \/>\n<script type=\"application\/ld+json\" class=\"yoast-schema-graph\">{\"@context\":\"https:\/\/schema.org\",\"@graph\":[{\"@type\":\"WebPage\",\"@id\":\"https:\/\/ecointernational.ch\/es\/pharmaceutical-divisions\/\",\"url\":\"https:\/\/ecointernational.ch\/es\/pharmaceutical-divisions\/\",\"name\":\"Pharmaceutical - Divisions - Eco International\",\"isPartOf\":{\"@id\":\"https:\/\/ecointernational.ch\/#website\"},\"primaryImageOfPage\":{\"@id\":\"https:\/\/ecointernational.ch\/es\/pharmaceutical-divisions\/#primaryimage\"},\"image\":{\"@id\":\"https:\/\/ecointernational.ch\/es\/pharmaceutical-divisions\/#primaryimage\"},\"thumbnailUrl\":\"http:\/\/ecointernational.ch\/wp-content\/uploads\/2020\/09\/epc-icona.png\",\"datePublished\":\"2020-09-10T14:42:52+00:00\",\"dateModified\":\"2021-04-13T08:49:59+00:00\",\"breadcrumb\":{\"@id\":\"https:\/\/ecointernational.ch\/es\/pharmaceutical-divisions\/#breadcrumb\"},\"inLanguage\":\"es\",\"potentialAction\":[{\"@type\":\"ReadAction\",\"target\":[\"https:\/\/ecointernational.ch\/es\/pharmaceutical-divisions\/\"]}]},{\"@type\":\"ImageObject\",\"inLanguage\":\"es\",\"@id\":\"https:\/\/ecointernational.ch\/es\/pharmaceutical-divisions\/#primaryimage\",\"url\":\"http:\/\/ecointernational.ch\/wp-content\/uploads\/2020\/09\/epc-icona.png\",\"contentUrl\":\"http:\/\/ecointernational.ch\/wp-content\/uploads\/2020\/09\/epc-icona.png\"},{\"@type\":\"BreadcrumbList\",\"@id\":\"https:\/\/ecointernational.ch\/es\/pharmaceutical-divisions\/#breadcrumb\",\"itemListElement\":[{\"@type\":\"ListItem\",\"position\":1,\"name\":\"Home\",\"item\":\"https:\/\/ecointernational.ch\/\"},{\"@type\":\"ListItem\",\"position\":2,\"name\":\"Pharmaceutical &#8211; Divisions\"}]},{\"@type\":\"WebSite\",\"@id\":\"https:\/\/ecointernational.ch\/#website\",\"url\":\"https:\/\/ecointernational.ch\/\",\"name\":\"Eco International\",\"description\":\"\",\"publisher\":{\"@id\":\"https:\/\/ecointernational.ch\/#organization\"},\"potentialAction\":[{\"@type\":\"SearchAction\",\"target\":{\"@type\":\"EntryPoint\",\"urlTemplate\":\"https:\/\/ecointernational.ch\/?s={search_term_string}\"},\"query-input\":\"required name=search_term_string\"}],\"inLanguage\":\"es\"},{\"@type\":\"Organization\",\"@id\":\"https:\/\/ecointernational.ch\/#organization\",\"name\":\"Eco International\",\"url\":\"https:\/\/ecointernational.ch\/\",\"logo\":{\"@type\":\"ImageObject\",\"inLanguage\":\"es\",\"@id\":\"https:\/\/ecointernational.ch\/#\/schema\/logo\/image\/\",\"url\":\"https:\/\/ecointernational.ch\/wp-content\/uploads\/2020\/09\/LOGO-BLU.png\",\"contentUrl\":\"https:\/\/ecointernational.ch\/wp-content\/uploads\/2020\/09\/LOGO-BLU.png\",\"width\":482,\"height\":180,\"caption\":\"Eco International\"},\"image\":{\"@id\":\"https:\/\/ecointernational.ch\/#\/schema\/logo\/image\/\"}}]}<\/script>\n<!-- \/ Yoast SEO plugin. -->","yoast_head_json":{"title":"Pharmaceutical - Divisions - Eco International","robots":{"index":"index","follow":"follow","max-snippet":"max-snippet:-1","max-image-preview":"max-image-preview:large","max-video-preview":"max-video-preview:-1"},"canonical":"https:\/\/ecointernational.ch\/es\/pharmaceutical-divisions\/","og_locale":"es_ES","og_type":"article","og_title":"Pharmaceutical - Divisions - Eco International","og_description":"PHARMACEUTICAL Turnkey Projects: from grassroots up to stage of plant commissioning and validation Eco International can provide turnkey projects, from grassroots up to stage of plant commissioning and validation.Supply, on Lump Sum Turn Key basis, of entire production plants or part of them, including process equipment. All the facilities are validated according to EMEA, FDA [&hellip;]","og_url":"https:\/\/ecointernational.ch\/es\/pharmaceutical-divisions\/","og_site_name":"Eco International","article_modified_time":"2021-04-13T08:49:59+00:00","og_image":[{"url":"http:\/\/ecointernational.ch\/wp-content\/uploads\/2020\/09\/epc-icona.png"}],"twitter_card":"summary_large_image","twitter_misc":{"Tiempo de lectura":"2 minutos"},"schema":{"@context":"https:\/\/schema.org","@graph":[{"@type":"WebPage","@id":"https:\/\/ecointernational.ch\/es\/pharmaceutical-divisions\/","url":"https:\/\/ecointernational.ch\/es\/pharmaceutical-divisions\/","name":"Pharmaceutical - Divisions - Eco International","isPartOf":{"@id":"https:\/\/ecointernational.ch\/#website"},"primaryImageOfPage":{"@id":"https:\/\/ecointernational.ch\/es\/pharmaceutical-divisions\/#primaryimage"},"image":{"@id":"https:\/\/ecointernational.ch\/es\/pharmaceutical-divisions\/#primaryimage"},"thumbnailUrl":"http:\/\/ecointernational.ch\/wp-content\/uploads\/2020\/09\/epc-icona.png","datePublished":"2020-09-10T14:42:52+00:00","dateModified":"2021-04-13T08:49:59+00:00","breadcrumb":{"@id":"https:\/\/ecointernational.ch\/es\/pharmaceutical-divisions\/#breadcrumb"},"inLanguage":"es","potentialAction":[{"@type":"ReadAction","target":["https:\/\/ecointernational.ch\/es\/pharmaceutical-divisions\/"]}]},{"@type":"ImageObject","inLanguage":"es","@id":"https:\/\/ecointernational.ch\/es\/pharmaceutical-divisions\/#primaryimage","url":"http:\/\/ecointernational.ch\/wp-content\/uploads\/2020\/09\/epc-icona.png","contentUrl":"http:\/\/ecointernational.ch\/wp-content\/uploads\/2020\/09\/epc-icona.png"},{"@type":"BreadcrumbList","@id":"https:\/\/ecointernational.ch\/es\/pharmaceutical-divisions\/#breadcrumb","itemListElement":[{"@type":"ListItem","position":1,"name":"Home","item":"https:\/\/ecointernational.ch\/"},{"@type":"ListItem","position":2,"name":"Pharmaceutical &#8211; Divisions"}]},{"@type":"WebSite","@id":"https:\/\/ecointernational.ch\/#website","url":"https:\/\/ecointernational.ch\/","name":"Eco International","description":"","publisher":{"@id":"https:\/\/ecointernational.ch\/#organization"},"potentialAction":[{"@type":"SearchAction","target":{"@type":"EntryPoint","urlTemplate":"https:\/\/ecointernational.ch\/?s={search_term_string}"},"query-input":"required name=search_term_string"}],"inLanguage":"es"},{"@type":"Organization","@id":"https:\/\/ecointernational.ch\/#organization","name":"Eco International","url":"https:\/\/ecointernational.ch\/","logo":{"@type":"ImageObject","inLanguage":"es","@id":"https:\/\/ecointernational.ch\/#\/schema\/logo\/image\/","url":"https:\/\/ecointernational.ch\/wp-content\/uploads\/2020\/09\/LOGO-BLU.png","contentUrl":"https:\/\/ecointernational.ch\/wp-content\/uploads\/2020\/09\/LOGO-BLU.png","width":482,"height":180,"caption":"Eco International"},"image":{"@id":"https:\/\/ecointernational.ch\/#\/schema\/logo\/image\/"}}]}},"_links":{"self":[{"href":"https:\/\/ecointernational.ch\/es\/wp-json\/wp\/v2\/pages\/54"}],"collection":[{"href":"https:\/\/ecointernational.ch\/es\/wp-json\/wp\/v2\/pages"}],"about":[{"href":"https:\/\/ecointernational.ch\/es\/wp-json\/wp\/v2\/types\/page"}],"author":[{"embeddable":true,"href":"https:\/\/ecointernational.ch\/es\/wp-json\/wp\/v2\/users\/1"}],"replies":[{"embeddable":true,"href":"https:\/\/ecointernational.ch\/es\/wp-json\/wp\/v2\/comments?post=54"}],"version-history":[{"count":61,"href":"https:\/\/ecointernational.ch\/es\/wp-json\/wp\/v2\/pages\/54\/revisions"}],"predecessor-version":[{"id":2176,"href":"https:\/\/ecointernational.ch\/es\/wp-json\/wp\/v2\/pages\/54\/revisions\/2176"}],"wp:attachment":[{"href":"https:\/\/ecointernational.ch\/es\/wp-json\/wp\/v2\/media?parent=54"}],"curies":[{"name":"wp","href":"https:\/\/api.w.org\/{rel}","templated":true}]}}