{"id":52,"date":"2020-09-10T16:41:53","date_gmt":"2020-09-10T14:41:53","guid":{"rendered":"http:\/\/ecointernational.ch\/?page_id=52"},"modified":"2021-07-10T10:48:14","modified_gmt":"2021-07-10T08:48:14","slug":"health-and-medical-divisions","status":"publish","type":"page","link":"https:\/\/ecointernational.ch\/es\/health-and-medical-divisions\/","title":{"rendered":"Salud y medicina - Divisiones"},"content":{"rendered":"<div data-elementor-type=\"wp-page\" data-elementor-id=\"52\" class=\"elementor elementor-52\" data-elementor-post-type=\"page\">\n\t\t\t\t\t\t<section class=\"elementor-section elementor-top-section elementor-element elementor-element-138a0a7 elementor-section-full_width elementor-section-height-min-height elementor-section-height-default elementor-section-items-middle\" data-id=\"138a0a7\" data-element_type=\"section\" data-settings=\"{&quot;background_background&quot;:&quot;classic&quot;,&quot;_ha_eqh_enable&quot;:false}\">\n\t\t\t\t\t\t<div class=\"elementor-container elementor-column-gap-default\">\n\t\t\t\t\t<div class=\"elementor-column elementor-col-100 elementor-top-column elementor-element elementor-element-268a9b5\" data-id=\"268a9b5\" data-element_type=\"column\">\n\t\t\t<div class=\"elementor-widget-wrap elementor-element-populated\">\n\t\t\t\t\t\t<div class=\"elementor-element elementor-element-41f7220 elementor-widget elementor-widget-heading\" data-id=\"41f7220\" data-element_type=\"widget\" data-widget_type=\"heading.default\">\n\t\t\t\t<div class=\"elementor-widget-container\">\n\t\t\t<h1 class=\"elementor-heading-title elementor-size-default\">SALUD Y MEDICINA<\/h1>\t\t<\/div>\n\t\t\t\t<\/div>\n\t\t\t\t<div class=\"elementor-element elementor-element-5696422 rigaSliderDivision ha-has-bg-overlay elementor-widget elementor-widget-heading\" data-id=\"5696422\" data-element_type=\"widget\" data-widget_type=\"heading.default\">\n\t\t\t\t<div class=\"elementor-widget-container\">\n\t\t\t<h2 class=\"elementor-heading-title elementor-size-default\">EL CONOCIMIENTO AL SERVICIO DE LA SALUD<\/h2>\t\t<\/div>\n\t\t\t\t<\/div>\n\t\t\t\t\t<\/div>\n\t\t<\/div>\n\t\t\t\t\t<\/div>\n\t\t<\/section>\n\t\t\t\t<section class=\"elementor-section elementor-top-section elementor-element elementor-element-4dfc33d elementor-section-full_width elementor-section-height-default elementor-section-height-default\" data-id=\"4dfc33d\" data-element_type=\"section\" data-settings=\"{&quot;_ha_eqh_enable&quot;:false}\">\n\t\t\t\t\t\t<div class=\"elementor-container elementor-column-gap-default\">\n\t\t\t\t\t<div class=\"elementor-column elementor-col-100 elementor-top-column elementor-element elementor-element-a56ceb0\" data-id=\"a56ceb0\" data-element_type=\"column\">\n\t\t\t<div class=\"elementor-widget-wrap elementor-element-populated\">\n\t\t\t\t\t\t<div class=\"elementor-element elementor-element-dc700b0 elementor-align-right elementor-widget elementor-widget-breadcrumbs\" data-id=\"dc700b0\" data-element_type=\"widget\" data-widget_type=\"breadcrumbs.default\">\n\t\t\t\t<div class=\"elementor-widget-container\">\n\t\t\t<p id=\"breadcrumbs\"><span><span><a href=\"https:\/\/ecointernational.ch\/es\/\">Inicio<\/a><\/span><\/span><\/p>\t\t<\/div>\n\t\t\t\t<\/div>\n\t\t\t\t<div class=\"elementor-element elementor-element-6a591b0 elementor-widget elementor-widget-text-editor\" data-id=\"6a591b0\" data-element_type=\"widget\" data-widget_type=\"text-editor.default\">\n\t\t\t\t<div class=\"elementor-widget-container\">\n\t\t\t\t\t\t\t<p>Gracias a sus 30 a\u00f1os de experiencia, su presencia internacional y su comprensi\u00f3n de las necesidades de sus clientes, Eco International puede ofrecer los siguientes productos y soluciones en el \u00e1mbito de la industria farmac\u00e9utica, la qu\u00edmica fina y la energ\u00eda verde:<\/p>\t\t\t\t\t\t<\/div>\n\t\t\t\t<\/div>\n\t\t\t\t\t<\/div>\n\t\t<\/div>\n\t\t\t\t\t<\/div>\n\t\t<\/section>\n\t\t\t\t<section class=\"elementor-section elementor-top-section elementor-element elementor-element-2bc9187 elementor-section-full_width elementor-section-height-default elementor-section-height-default\" data-id=\"2bc9187\" data-element_type=\"section\" data-settings=\"{&quot;background_background&quot;:&quot;classic&quot;,&quot;shape_divider_top&quot;:&quot;tilt&quot;,&quot;_ha_eqh_enable&quot;:false}\">\n\t\t\t\t\t<div class=\"elementor-shape elementor-shape-top\" data-negative=\"false\">\n\t\t\t<svg xmlns=\"http:\/\/www.w3.org\/2000\/svg\" viewbox=\"0 0 1000 100\" preserveaspectratio=\"none\">\n\t<path class=\"elementor-shape-fill\" d=\"M0,6V0h1000v100L0,6z\"\/>\n<\/svg>\t\t<\/div>\n\t\t\t\t\t<div class=\"elementor-container elementor-column-gap-default\">\n\t\t\t\t\t<div data-ha-element-link=\"{&quot;url&quot;:&quot;http:\\\/\\\/ecointernational.ch\\\/health-and-medical-divisions\\\/epc\\\/&quot;,&quot;is_external&quot;:&quot;&quot;,&quot;nofollow&quot;:&quot;&quot;}\" style=\"cursor: pointer\" class=\"elementor-column elementor-col-33 elementor-top-column elementor-element elementor-element-e99f088 boxDivisions\" data-id=\"e99f088\" data-element_type=\"column\" data-settings=\"{&quot;background_background&quot;:&quot;classic&quot;}\">\n\t\t\t<div class=\"elementor-widget-wrap elementor-element-populated\">\n\t\t\t\t\t\t<section class=\"elementor-section elementor-inner-section elementor-element elementor-element-0da1d33 elementor-section-full_width elementor-section-content-middle elementor-section-height-default elementor-section-height-default\" data-id=\"0da1d33\" data-element_type=\"section\" data-settings=\"{&quot;_ha_eqh_enable&quot;:false}\">\n\t\t\t\t\t\t<div class=\"elementor-container elementor-column-gap-default\">\n\t\t\t\t\t<div class=\"elementor-column elementor-col-50 elementor-inner-column elementor-element elementor-element-420b524\" data-id=\"420b524\" data-element_type=\"column\">\n\t\t\t<div class=\"elementor-widget-wrap elementor-element-populated\">\n\t\t\t\t\t\t<div class=\"elementor-element elementor-element-d7a3dfe ha-has-bg-overlay elementor-widget elementor-widget-image\" data-id=\"d7a3dfe\" data-element_type=\"widget\" data-widget_type=\"image.default\">\n\t\t\t\t<div class=\"elementor-widget-container\">\n\t\t\t\t\t\t\t\t\t\t\t\t\t\t<a href=\"https:\/\/ecointernational.ch\/es\/health-and-medical-divisions\/epc\/\">\n\t\t\t\t\t\t\t<img fetchpriority=\"high\" decoding=\"async\" width=\"500\" height=\"500\" src=\"https:\/\/ecointernational.ch\/wp-content\/uploads\/2020\/09\/epc-icona.png\" class=\"attachment-large size-large wp-image-452\" alt=\"\" srcset=\"https:\/\/ecointernational.ch\/wp-content\/uploads\/2020\/09\/epc-icona.png 500w, https:\/\/ecointernational.ch\/wp-content\/uploads\/2020\/09\/epc-icona-300x300.png 300w, https:\/\/ecointernational.ch\/wp-content\/uploads\/2020\/09\/epc-icona-150x150.png 150w\" sizes=\"(max-width: 500px) 100vw, 500px\" \/>\t\t\t\t\t\t\t\t<\/a>\n\t\t\t\t\t\t\t\t\t\t\t\t\t<\/div>\n\t\t\t\t<\/div>\n\t\t\t\t\t<\/div>\n\t\t<\/div>\n\t\t\t\t<div class=\"elementor-column elementor-col-50 elementor-inner-column elementor-element elementor-element-66a3625\" data-id=\"66a3625\" data-element_type=\"column\">\n\t\t\t<div class=\"elementor-widget-wrap elementor-element-populated\">\n\t\t\t\t\t\t<div class=\"elementor-element elementor-element-47a5ce7 elementor-widget elementor-widget-heading\" data-id=\"47a5ce7\" data-element_type=\"widget\" data-widget_type=\"heading.default\">\n\t\t\t\t<div class=\"elementor-widget-container\">\n\t\t\t<h2 class=\"elementor-heading-title elementor-size-default\"><a href=\"https:\/\/ecointernational.ch\/es\/health-and-medical-divisions\/epc\/\">EPC<\/a><\/h2>\t\t<\/div>\n\t\t\t\t<\/div>\n\t\t\t\t\t<\/div>\n\t\t<\/div>\n\t\t\t\t\t<\/div>\n\t\t<\/section>\n\t\t\t\t<div class=\"elementor-element elementor-element-8fb9aff elementor-widget elementor-widget-heading\" data-id=\"8fb9aff\" data-element_type=\"widget\" data-widget_type=\"heading.default\">\n\t\t\t\t<div class=\"elementor-widget-container\">\n\t\t\t<h4 class=\"elementor-heading-title elementor-size-default\">Ingenier\u00eda Adquisici\u00f3n Construcci\u00f3n<\/h4>\t\t<\/div>\n\t\t\t\t<\/div>\n\t\t\t\t<div class=\"elementor-element elementor-element-65ceb72 elementor-widget elementor-widget-text-editor\" data-id=\"65ceb72\" data-element_type=\"widget\" data-widget_type=\"text-editor.default\">\n\t\t\t\t<div class=\"elementor-widget-container\">\n\t\t\t\t\t\t\t<p>Desarrollar el proyecto desde su inicio hasta su finalizaci\u00f3n.<\/p>\t\t\t\t\t\t<\/div>\n\t\t\t\t<\/div>\n\t\t\t\t\t<\/div>\n\t\t<\/div>\n\t\t\t\t<div data-ha-element-link=\"{&quot;url&quot;:&quot;http:\\\/\\\/ecointernational.ch\\\/health-and-medical-divisions\\\/medical-and-hospital-solution\\\/&quot;,&quot;is_external&quot;:&quot;&quot;,&quot;nofollow&quot;:&quot;&quot;}\" style=\"cursor: pointer\" class=\"elementor-column elementor-col-33 elementor-top-column elementor-element elementor-element-614375f boxDivisions\" data-id=\"614375f\" data-element_type=\"column\" data-settings=\"{&quot;background_background&quot;:&quot;classic&quot;}\">\n\t\t\t<div class=\"elementor-widget-wrap elementor-element-populated\">\n\t\t\t\t\t\t<section class=\"elementor-section elementor-inner-section elementor-element elementor-element-c134f0f elementor-section-full_width elementor-section-content-middle elementor-section-height-default elementor-section-height-default\" data-id=\"c134f0f\" data-element_type=\"section\" data-settings=\"{&quot;_ha_eqh_enable&quot;:false}\">\n\t\t\t\t\t\t<div class=\"elementor-container elementor-column-gap-default\">\n\t\t\t\t\t<div class=\"elementor-column elementor-col-50 elementor-inner-column elementor-element elementor-element-9b54707\" data-id=\"9b54707\" data-element_type=\"column\">\n\t\t\t<div class=\"elementor-widget-wrap elementor-element-populated\">\n\t\t\t\t\t\t<div class=\"elementor-element elementor-element-3cf1b2c ha-has-bg-overlay elementor-widget elementor-widget-image\" data-id=\"3cf1b2c\" data-element_type=\"widget\" data-widget_type=\"image.default\">\n\t\t\t\t<div class=\"elementor-widget-container\">\n\t\t\t\t\t\t\t\t\t\t\t\t\t\t<a href=\"https:\/\/ecointernational.ch\/es\/health-and-medical-divisions\/medical-and-hospital-solution\/\">\n\t\t\t\t\t\t\t<img decoding=\"async\" width=\"500\" height=\"500\" src=\"https:\/\/ecointernational.ch\/wp-content\/uploads\/2020\/09\/medical-and-hospital-sol.png\" class=\"attachment-large size-large wp-image-407\" alt=\"\" srcset=\"https:\/\/ecointernational.ch\/wp-content\/uploads\/2020\/09\/medical-and-hospital-sol.png 500w, https:\/\/ecointernational.ch\/wp-content\/uploads\/2020\/09\/medical-and-hospital-sol-300x300.png 300w, https:\/\/ecointernational.ch\/wp-content\/uploads\/2020\/09\/medical-and-hospital-sol-150x150.png 150w\" sizes=\"(max-width: 500px) 100vw, 500px\" \/>\t\t\t\t\t\t\t\t<\/a>\n\t\t\t\t\t\t\t\t\t\t\t\t\t<\/div>\n\t\t\t\t<\/div>\n\t\t\t\t\t<\/div>\n\t\t<\/div>\n\t\t\t\t<div class=\"elementor-column elementor-col-50 elementor-inner-column elementor-element elementor-element-f9d404b\" data-id=\"f9d404b\" data-element_type=\"column\">\n\t\t\t<div class=\"elementor-widget-wrap elementor-element-populated\">\n\t\t\t\t\t\t<div class=\"elementor-element elementor-element-0b5fe99 elementor-widget elementor-widget-heading\" data-id=\"0b5fe99\" data-element_type=\"widget\" data-widget_type=\"heading.default\">\n\t\t\t\t<div class=\"elementor-widget-container\">\n\t\t\t<h2 class=\"elementor-heading-title elementor-size-default\"><a href=\"https:\/\/ecointernational.ch\/es\/health-and-medical-divisions\/medical-and-hospital-solution\/\">SOLUCIONES M\u00c9DICAS Y HOSPITALARIAS<\/a><\/h2>\t\t<\/div>\n\t\t\t\t<\/div>\n\t\t\t\t\t<\/div>\n\t\t<\/div>\n\t\t\t\t\t<\/div>\n\t\t<\/section>\n\t\t\t\t<div class=\"elementor-element elementor-element-60c0ab3 elementor-widget elementor-widget-text-editor\" data-id=\"60c0ab3\" data-element_type=\"widget\" data-widget_type=\"text-editor.default\">\n\t\t\t\t<div class=\"elementor-widget-container\">\n\t\t\t\t\t\t\t<p>Eco International ofrece una amplia variedad de soluciones, como servicios de hospital de campa\u00f1a, hospital m\u00f3vil, apoyo r\u00e1pido, prefabricados, contenedores completos, etc. Disponemos de elementos estructurales b\u00e1sicos como contenedores, tiendas de campa\u00f1a, remolques y prefabricados para satisfacer las necesidades de los beneficiarios, cambiar el m\u00e9todo de construcci\u00f3n y hacerlo m\u00e1s estable o m\u00f3vil. Tambi\u00e9n se ofrecen desde tiendas de campa\u00f1a hinchables hasta quir\u00f3fanos ampliables, con el fin de ofrecer soluciones m\u00e1s m\u00f3viles. Con su perspectiva innovadora, Eco International utiliza diversas t\u00e9cnicas de contenedores, como la tecnolog\u00eda de autolift, la tecnolog\u00eda de carpas contenedoras, que son muy demandadas en todas las soluciones m\u00f3viles.<\/p>\t\t\t\t\t\t<\/div>\n\t\t\t\t<\/div>\n\t\t\t\t\t<\/div>\n\t\t<\/div>\n\t\t\t\t<div data-ha-element-link=\"{&quot;url&quot;:&quot;http:\\\/\\\/ecointernational.ch\\\/health-and-medical-divisions\\\/services-2\\\/&quot;,&quot;is_external&quot;:&quot;&quot;,&quot;nofollow&quot;:&quot;&quot;}\" style=\"cursor: pointer\" class=\"elementor-column elementor-col-33 elementor-top-column elementor-element elementor-element-1c13887 boxDivisions\" data-id=\"1c13887\" data-element_type=\"column\" data-settings=\"{&quot;background_background&quot;:&quot;classic&quot;}\">\n\t\t\t<div class=\"elementor-widget-wrap elementor-element-populated\">\n\t\t\t\t\t\t<section class=\"elementor-section elementor-inner-section elementor-element elementor-element-7f30b27 elementor-section-full_width elementor-section-content-middle elementor-section-height-default elementor-section-height-default\" data-id=\"7f30b27\" data-element_type=\"section\" data-settings=\"{&quot;_ha_eqh_enable&quot;:false}\">\n\t\t\t\t\t\t<div class=\"elementor-container elementor-column-gap-default\">\n\t\t\t\t\t<div class=\"elementor-column elementor-col-50 elementor-inner-column elementor-element elementor-element-3ac920b\" data-id=\"3ac920b\" data-element_type=\"column\">\n\t\t\t<div class=\"elementor-widget-wrap elementor-element-populated\">\n\t\t\t\t\t\t<div class=\"elementor-element elementor-element-893bd99 ha-has-bg-overlay elementor-widget elementor-widget-image\" data-id=\"893bd99\" data-element_type=\"widget\" data-widget_type=\"image.default\">\n\t\t\t\t<div class=\"elementor-widget-container\">\n\t\t\t\t\t\t\t\t\t\t\t\t\t<img decoding=\"async\" width=\"500\" height=\"500\" src=\"https:\/\/ecointernational.ch\/wp-content\/uploads\/2020\/09\/equipment.png\" class=\"attachment-large size-large wp-image-442\" alt=\"\" srcset=\"https:\/\/ecointernational.ch\/wp-content\/uploads\/2020\/09\/equipment.png 500w, https:\/\/ecointernational.ch\/wp-content\/uploads\/2020\/09\/equipment-300x300.png 300w, https:\/\/ecointernational.ch\/wp-content\/uploads\/2020\/09\/equipment-150x150.png 150w\" sizes=\"(max-width: 500px) 100vw, 500px\" \/>\t\t\t\t\t\t\t\t\t\t\t\t\t<\/div>\n\t\t\t\t<\/div>\n\t\t\t\t\t<\/div>\n\t\t<\/div>\n\t\t\t\t<div class=\"elementor-column elementor-col-50 elementor-inner-column elementor-element elementor-element-74c5a83\" data-id=\"74c5a83\" data-element_type=\"column\">\n\t\t\t<div class=\"elementor-widget-wrap elementor-element-populated\">\n\t\t\t\t\t\t<div class=\"elementor-element elementor-element-94ee659 elementor-widget elementor-widget-heading\" data-id=\"94ee659\" data-element_type=\"widget\" data-widget_type=\"heading.default\">\n\t\t\t\t<div class=\"elementor-widget-container\">\n\t\t\t<h2 class=\"elementor-heading-title elementor-size-default\">SERVICIOS<\/h2>\t\t<\/div>\n\t\t\t\t<\/div>\n\t\t\t\t\t<\/div>\n\t\t<\/div>\n\t\t\t\t\t<\/div>\n\t\t<\/section>\n\t\t\t\t<div class=\"elementor-element elementor-element-0fa883d elementor-widget elementor-widget-text-editor\" data-id=\"0fa883d\" data-element_type=\"widget\" data-widget_type=\"text-editor.default\">\n\t\t\t\t<div class=\"elementor-widget-container\">\n\t\t\t\t\t\t\t<p>Con la colaboraci\u00f3n de una extensa red de socios, Eco International ofrece un amplio espectro de servicios relacionados con la sanidad.<\/p>\t\t\t\t\t\t<\/div>\n\t\t\t\t<\/div>\n\t\t\t\t\t<\/div>\n\t\t<\/div>\n\t\t\t\t\t<\/div>\n\t\t<\/section>\n\t\t\t\t<\/div>","protected":false},"excerpt":{"rendered":"<p>HEALTH AND MEDICAL KNOWLEDGE IN THE SERVICE OF HEALTH Based on 30 years experience, international presence and understanding of its customer&#8217;s needs Eco International can offer the following products and solutions in the area of pharmaceutical, fine chemical and green energy: EPC Engineering Procurement Construction Developing the Project from commencement to final completion. MEDICAL &#038; [&hellip;]<\/p>","protected":false},"author":1,"featured_media":0,"parent":0,"menu_order":0,"comment_status":"closed","ping_status":"closed","template":"elementor_header_footer","meta":{"_acf_changed":false,"_monsterinsights_skip_tracking":false,"_monsterinsights_sitenote_active":false,"_monsterinsights_sitenote_note":"","_monsterinsights_sitenote_category":0,"footnotes":""},"class_list":["post-52","page","type-page","status-publish","hentry"],"acf":[],"yoast_head":"<!-- This site is optimized with the Yoast SEO plugin v23.1 - https:\/\/yoast.com\/wordpress\/plugins\/seo\/ -->\n<title>Health and Medical - Divisions - Eco International<\/title>\n<meta name=\"robots\" content=\"index, follow, max-snippet:-1, max-image-preview:large, max-video-preview:-1\" \/>\n<link rel=\"canonical\" href=\"https:\/\/ecointernational.ch\/es\/health-and-medical-divisions\/\" \/>\n<meta property=\"og:locale\" content=\"es_ES\" \/>\n<meta property=\"og:type\" content=\"article\" \/>\n<meta property=\"og:title\" content=\"Health and Medical - Divisions - Eco International\" \/>\n<meta property=\"og:description\" content=\"HEALTH AND MEDICAL KNOWLEDGE IN THE SERVICE OF HEALTH Based on 30 years experience, international presence and understanding of its customer&#8217;s needs Eco International can offer the following products and solutions in the area of pharmaceutical, fine chemical and green energy: EPC Engineering Procurement Construction Developing the Project from commencement to final completion. MEDICAL &#038; [&hellip;]\" \/>\n<meta property=\"og:url\" content=\"https:\/\/ecointernational.ch\/es\/health-and-medical-divisions\/\" \/>\n<meta property=\"og:site_name\" content=\"Eco International\" \/>\n<meta property=\"article:modified_time\" content=\"2021-07-10T08:48:14+00:00\" \/>\n<meta property=\"og:image\" content=\"http:\/\/ecointernational.ch\/wp-content\/uploads\/2020\/09\/epc-icona.png\" \/>\n<meta name=\"twitter:card\" content=\"summary_large_image\" \/>\n<meta name=\"twitter:label1\" content=\"Tiempo de lectura\" \/>\n\t<meta name=\"twitter:data1\" content=\"2 minutos\" \/>\n<script type=\"application\/ld+json\" class=\"yoast-schema-graph\">{\"@context\":\"https:\/\/schema.org\",\"@graph\":[{\"@type\":\"WebPage\",\"@id\":\"https:\/\/ecointernational.ch\/fr\/health-and-medical-divisions\/\",\"url\":\"https:\/\/ecointernational.ch\/fr\/health-and-medical-divisions\/\",\"name\":\"Health and Medical - Divisions - Eco International\",\"isPartOf\":{\"@id\":\"https:\/\/ecointernational.ch\/#website\"},\"primaryImageOfPage\":{\"@id\":\"https:\/\/ecointernational.ch\/fr\/health-and-medical-divisions\/#primaryimage\"},\"image\":{\"@id\":\"https:\/\/ecointernational.ch\/fr\/health-and-medical-divisions\/#primaryimage\"},\"thumbnailUrl\":\"http:\/\/ecointernational.ch\/wp-content\/uploads\/2020\/09\/epc-icona.png\",\"datePublished\":\"2020-09-10T14:41:53+00:00\",\"dateModified\":\"2021-07-10T08:48:14+00:00\",\"breadcrumb\":{\"@id\":\"https:\/\/ecointernational.ch\/fr\/health-and-medical-divisions\/#breadcrumb\"},\"inLanguage\":\"es\",\"potentialAction\":[{\"@type\":\"ReadAction\",\"target\":[\"https:\/\/ecointernational.ch\/fr\/health-and-medical-divisions\/\"]}]},{\"@type\":\"ImageObject\",\"inLanguage\":\"es\",\"@id\":\"https:\/\/ecointernational.ch\/fr\/health-and-medical-divisions\/#primaryimage\",\"url\":\"http:\/\/ecointernational.ch\/wp-content\/uploads\/2020\/09\/epc-icona.png\",\"contentUrl\":\"http:\/\/ecointernational.ch\/wp-content\/uploads\/2020\/09\/epc-icona.png\"},{\"@type\":\"BreadcrumbList\",\"@id\":\"https:\/\/ecointernational.ch\/fr\/health-and-medical-divisions\/#breadcrumb\",\"itemListElement\":[{\"@type\":\"ListItem\",\"position\":1,\"name\":\"Home\",\"item\":\"https:\/\/ecointernational.ch\/\"},{\"@type\":\"ListItem\",\"position\":2,\"name\":\"Health and Medical &#8211; Divisions\"}]},{\"@type\":\"WebSite\",\"@id\":\"https:\/\/ecointernational.ch\/#website\",\"url\":\"https:\/\/ecointernational.ch\/\",\"name\":\"Eco International\",\"description\":\"\",\"publisher\":{\"@id\":\"https:\/\/ecointernational.ch\/#organization\"},\"potentialAction\":[{\"@type\":\"SearchAction\",\"target\":{\"@type\":\"EntryPoint\",\"urlTemplate\":\"https:\/\/ecointernational.ch\/?s={search_term_string}\"},\"query-input\":\"required name=search_term_string\"}],\"inLanguage\":\"es\"},{\"@type\":\"Organization\",\"@id\":\"https:\/\/ecointernational.ch\/#organization\",\"name\":\"Eco International\",\"url\":\"https:\/\/ecointernational.ch\/\",\"logo\":{\"@type\":\"ImageObject\",\"inLanguage\":\"es\",\"@id\":\"https:\/\/ecointernational.ch\/#\/schema\/logo\/image\/\",\"url\":\"https:\/\/ecointernational.ch\/wp-content\/uploads\/2020\/09\/LOGO-BLU.png\",\"contentUrl\":\"https:\/\/ecointernational.ch\/wp-content\/uploads\/2020\/09\/LOGO-BLU.png\",\"width\":482,\"height\":180,\"caption\":\"Eco International\"},\"image\":{\"@id\":\"https:\/\/ecointernational.ch\/#\/schema\/logo\/image\/\"}}]}<\/script>\n<!-- \/ Yoast SEO plugin. -->","yoast_head_json":{"title":"Health and Medical - Divisions - Eco International","robots":{"index":"index","follow":"follow","max-snippet":"max-snippet:-1","max-image-preview":"max-image-preview:large","max-video-preview":"max-video-preview:-1"},"canonical":"https:\/\/ecointernational.ch\/es\/health-and-medical-divisions\/","og_locale":"es_ES","og_type":"article","og_title":"Health and Medical - Divisions - Eco International","og_description":"HEALTH AND MEDICAL KNOWLEDGE IN THE SERVICE OF HEALTH Based on 30 years experience, international presence and understanding of its customer&#8217;s needs Eco International can offer the following products and solutions in the area of pharmaceutical, fine chemical and green energy: EPC Engineering Procurement Construction Developing the Project from commencement to final completion. MEDICAL &#038; [&hellip;]","og_url":"https:\/\/ecointernational.ch\/es\/health-and-medical-divisions\/","og_site_name":"Eco International","article_modified_time":"2021-07-10T08:48:14+00:00","og_image":[{"url":"http:\/\/ecointernational.ch\/wp-content\/uploads\/2020\/09\/epc-icona.png"}],"twitter_card":"summary_large_image","twitter_misc":{"Tiempo de lectura":"2 minutos"},"schema":{"@context":"https:\/\/schema.org","@graph":[{"@type":"WebPage","@id":"https:\/\/ecointernational.ch\/fr\/health-and-medical-divisions\/","url":"https:\/\/ecointernational.ch\/fr\/health-and-medical-divisions\/","name":"Health and Medical - Divisions - Eco International","isPartOf":{"@id":"https:\/\/ecointernational.ch\/#website"},"primaryImageOfPage":{"@id":"https:\/\/ecointernational.ch\/fr\/health-and-medical-divisions\/#primaryimage"},"image":{"@id":"https:\/\/ecointernational.ch\/fr\/health-and-medical-divisions\/#primaryimage"},"thumbnailUrl":"http:\/\/ecointernational.ch\/wp-content\/uploads\/2020\/09\/epc-icona.png","datePublished":"2020-09-10T14:41:53+00:00","dateModified":"2021-07-10T08:48:14+00:00","breadcrumb":{"@id":"https:\/\/ecointernational.ch\/fr\/health-and-medical-divisions\/#breadcrumb"},"inLanguage":"es","potentialAction":[{"@type":"ReadAction","target":["https:\/\/ecointernational.ch\/fr\/health-and-medical-divisions\/"]}]},{"@type":"ImageObject","inLanguage":"es","@id":"https:\/\/ecointernational.ch\/fr\/health-and-medical-divisions\/#primaryimage","url":"http:\/\/ecointernational.ch\/wp-content\/uploads\/2020\/09\/epc-icona.png","contentUrl":"http:\/\/ecointernational.ch\/wp-content\/uploads\/2020\/09\/epc-icona.png"},{"@type":"BreadcrumbList","@id":"https:\/\/ecointernational.ch\/fr\/health-and-medical-divisions\/#breadcrumb","itemListElement":[{"@type":"ListItem","position":1,"name":"Home","item":"https:\/\/ecointernational.ch\/"},{"@type":"ListItem","position":2,"name":"Health and Medical &#8211; Divisions"}]},{"@type":"WebSite","@id":"https:\/\/ecointernational.ch\/#website","url":"https:\/\/ecointernational.ch\/","name":"Eco International","description":"","publisher":{"@id":"https:\/\/ecointernational.ch\/#organization"},"potentialAction":[{"@type":"SearchAction","target":{"@type":"EntryPoint","urlTemplate":"https:\/\/ecointernational.ch\/?s={search_term_string}"},"query-input":"required name=search_term_string"}],"inLanguage":"es"},{"@type":"Organization","@id":"https:\/\/ecointernational.ch\/#organization","name":"Eco International","url":"https:\/\/ecointernational.ch\/","logo":{"@type":"ImageObject","inLanguage":"es","@id":"https:\/\/ecointernational.ch\/#\/schema\/logo\/image\/","url":"https:\/\/ecointernational.ch\/wp-content\/uploads\/2020\/09\/LOGO-BLU.png","contentUrl":"https:\/\/ecointernational.ch\/wp-content\/uploads\/2020\/09\/LOGO-BLU.png","width":482,"height":180,"caption":"Eco International"},"image":{"@id":"https:\/\/ecointernational.ch\/#\/schema\/logo\/image\/"}}]}},"_links":{"self":[{"href":"https:\/\/ecointernational.ch\/es\/wp-json\/wp\/v2\/pages\/52"}],"collection":[{"href":"https:\/\/ecointernational.ch\/es\/wp-json\/wp\/v2\/pages"}],"about":[{"href":"https:\/\/ecointernational.ch\/es\/wp-json\/wp\/v2\/types\/page"}],"author":[{"embeddable":true,"href":"https:\/\/ecointernational.ch\/es\/wp-json\/wp\/v2\/users\/1"}],"replies":[{"embeddable":true,"href":"https:\/\/ecointernational.ch\/es\/wp-json\/wp\/v2\/comments?post=52"}],"version-history":[{"count":80,"href":"https:\/\/ecointernational.ch\/es\/wp-json\/wp\/v2\/pages\/52\/revisions"}],"predecessor-version":[{"id":3491,"href":"https:\/\/ecointernational.ch\/es\/wp-json\/wp\/v2\/pages\/52\/revisions\/3491"}],"wp:attachment":[{"href":"https:\/\/ecointernational.ch\/es\/wp-json\/wp\/v2\/media?parent=52"}],"curies":[{"name":"wp","href":"https:\/\/api.w.org\/{rel}","templated":true}]}}