{"id":2493,"date":"2021-04-15T10:38:11","date_gmt":"2021-04-15T08:38:11","guid":{"rendered":"http:\/\/ecointernational.ch\/?page_id=2493"},"modified":"2021-07-05T17:30:57","modified_gmt":"2021-07-05T15:30:57","slug":"company-2","status":"publish","type":"page","link":"https:\/\/ecointernational.ch\/es\/company-2\/","title":{"rendered":"Empresa"},"content":{"rendered":"<div data-elementor-type=\"wp-page\" data-elementor-id=\"2493\" class=\"elementor elementor-2493\" data-elementor-post-type=\"page\">\n\t\t\t\t\t\t<section class=\"elementor-section elementor-top-section elementor-element elementor-element-8d6f4fa elementor-section-full_width elementor-section-height-default elementor-section-height-default\" data-id=\"8d6f4fa\" data-element_type=\"section\" data-settings=\"{&quot;_ha_eqh_enable&quot;:false}\">\n\t\t\t\t\t\t<div class=\"elementor-container elementor-column-gap-default\">\n\t\t\t\t\t<div class=\"elementor-column elementor-col-100 elementor-top-column elementor-element elementor-element-83ac8c1\" data-id=\"83ac8c1\" data-element_type=\"column\">\n\t\t\t<div class=\"elementor-widget-wrap elementor-element-populated\">\n\t\t\t\t\t\t<div class=\"elementor-element elementor-element-2d6ca44 elementor--h-position-center elementor--v-position-middle elementor-widget elementor-widget-slides\" data-id=\"2d6ca44\" data-element_type=\"widget\" data-settings=\"{&quot;navigation&quot;:&quot;none&quot;,&quot;autoplay_speed&quot;:3000,&quot;autoplay&quot;:&quot;yes&quot;,&quot;pause_on_hover&quot;:&quot;yes&quot;,&quot;pause_on_interaction&quot;:&quot;yes&quot;,&quot;infinite&quot;:&quot;yes&quot;,&quot;transition&quot;:&quot;slide&quot;,&quot;transition_speed&quot;:500}\" data-widget_type=\"slides.default\">\n\t\t\t\t<div class=\"elementor-widget-container\">\n\t\t\t\t\t<div class=\"elementor-swiper\">\n\t\t\t<div class=\"elementor-slides-wrapper elementor-main-swiper swiper\" dir=\"ltr\" data-animation=\"fadeInUp\">\n\t\t\t\t<div class=\"swiper-wrapper elementor-slides\">\n\t\t\t\t\t\t\t\t\t\t<div class=\"elementor-repeater-item-011f135 swiper-slide\"><div class=\"swiper-slide-bg elementor-ken-burns elementor-ken-burns--in\" role=\"img\"><\/div><div class=\"swiper-slide-inner\" ><div class=\"swiper-slide-contents\"><\/div><\/div><\/div>\t\t\t\t<\/div>\n\t\t\t\t\t\t\t<\/div>\n\t\t<\/div>\n\t\t\t\t<\/div>\n\t\t\t\t<\/div>\n\t\t\t\t\t<\/div>\n\t\t<\/div>\n\t\t\t\t\t<\/div>\n\t\t<\/section>\n\t\t\t\t<section class=\"elementor-section elementor-top-section elementor-element elementor-element-c0c6980 elementor-section-full_width elementor-section-height-default elementor-section-height-default\" data-id=\"c0c6980\" data-element_type=\"section\" data-settings=\"{&quot;_ha_eqh_enable&quot;:false}\">\n\t\t\t\t\t\t<div class=\"elementor-container elementor-column-gap-default\">\n\t\t\t\t\t<div class=\"elementor-column elementor-col-100 elementor-top-column elementor-element elementor-element-ce19434\" data-id=\"ce19434\" data-element_type=\"column\">\n\t\t\t<div class=\"elementor-widget-wrap elementor-element-populated\">\n\t\t\t\t\t\t<div class=\"elementor-element elementor-element-37a4bec elementor-align-right elementor-widget elementor-widget-breadcrumbs\" data-id=\"37a4bec\" data-element_type=\"widget\" data-widget_type=\"breadcrumbs.default\">\n\t\t\t\t<div class=\"elementor-widget-container\">\n\t\t\t<p id=\"breadcrumbs\"><span><span><a href=\"https:\/\/ecointernational.ch\/es\/\">Inicio<\/a><\/span><\/span><\/p>\t\t<\/div>\n\t\t\t\t<\/div>\n\t\t\t\t<div class=\"elementor-element elementor-element-a827a2f elementor-widget elementor-widget-heading\" data-id=\"a827a2f\" data-element_type=\"widget\" data-widget_type=\"heading.default\">\n\t\t\t\t<div class=\"elementor-widget-container\">\n\t\t\t<h2 class=\"elementor-heading-title elementor-size-default\">ECO INTERNATIONAL S.A.<\/h2>\t\t<\/div>\n\t\t\t\t<\/div>\n\t\t\t\t<div class=\"elementor-element elementor-element-38e8227 elementor-widget elementor-widget-text-editor\" data-id=\"38e8227\" data-element_type=\"widget\" data-widget_type=\"text-editor.default\">\n\t\t\t\t<div class=\"elementor-widget-container\">\n\t\t\t\t\t\t\t<p>ECO INTERNATIONAL SA., con sede en Lugano Corso Elvezia 27, fue fundada en 2006 por sus principales accionistas, el ing. Giovanni Pasquino, director general de la empresa.<\/p><p>Eco International SA es la evoluci\u00f3n natural de International Pharmachim S.r.l., fundada en 2001 por el Ing. Giovanni Pasquino con su padre el Ing. Ennio Pasquino, y de Pharmachim Engineering una empresa fundada en 1980 por el Ing. Ennio Pasquino. Ennio Pasquino y de estas empresas ha heredado el conocimiento, el know-how, la estructura, las tecnolog\u00edas y 40 a\u00f1os de experiencia.<\/p><p>Eco International SA ha potenciado la estructura, las conexiones y las inversiones para poder hacer frente al crecimiento del mercado y a la demanda de sus clientes.<\/p><p>Eco International SA lidera un Grupo de Empresas afines ubicadas en los puntos estrat\u00e9gicos del mercado mundial y establecidas para servir a las necesidades e intereses profesionales y t\u00e9cnicos de las industrias farmac\u00e9uticas, de qu\u00edmica fina y del Sector Salud.<\/p>\t\t\t\t\t\t<\/div>\n\t\t\t\t<\/div>\n\t\t\t\t\t<\/div>\n\t\t<\/div>\n\t\t\t\t\t<\/div>\n\t\t<\/section>\n\t\t\t\t<section class=\"elementor-section elementor-top-section elementor-element elementor-element-548365b elementor-section-full_width elementor-section-height-default elementor-section-height-default\" data-id=\"548365b\" data-element_type=\"section\" data-settings=\"{&quot;background_background&quot;:&quot;classic&quot;,&quot;shape_divider_top&quot;:&quot;tilt&quot;,&quot;_ha_eqh_enable&quot;:false}\">\n\t\t\t\t\t<div class=\"elementor-shape elementor-shape-top\" data-negative=\"false\">\n\t\t\t<svg xmlns=\"http:\/\/www.w3.org\/2000\/svg\" viewbox=\"0 0 1000 100\" preserveaspectratio=\"none\">\n\t<path class=\"elementor-shape-fill\" d=\"M0,6V0h1000v100L0,6z\"\/>\n<\/svg>\t\t<\/div>\n\t\t\t\t\t<div class=\"elementor-container elementor-column-gap-default\">\n\t\t\t\t\t<div class=\"elementor-column elementor-col-50 elementor-top-column elementor-element elementor-element-78d7c66\" data-id=\"78d7c66\" data-element_type=\"column\">\n\t\t\t<div class=\"elementor-widget-wrap elementor-element-populated\">\n\t\t\t\t\t\t<div class=\"elementor-element elementor-element-7f973f3 elementor-widget elementor-widget-image\" data-id=\"7f973f3\" data-element_type=\"widget\" data-widget_type=\"image.default\">\n\t\t\t\t<div class=\"elementor-widget-container\">\n\t\t\t\t\t\t\t\t\t\t\t\t\t<img fetchpriority=\"high\" decoding=\"async\" width=\"800\" height=\"800\" src=\"https:\/\/ecointernational.ch\/wp-content\/uploads\/2021\/04\/foto_pasquino_2-1024x1024.png\" class=\"attachment-large size-large wp-image-2843\" alt=\"Bio Photo Eng. G. Pasquino, CEO Eco International SA\" srcset=\"https:\/\/ecointernational.ch\/wp-content\/uploads\/2021\/04\/foto_pasquino_2-1024x1024.png 1024w, https:\/\/ecointernational.ch\/wp-content\/uploads\/2021\/04\/foto_pasquino_2-300x300.png 300w, https:\/\/ecointernational.ch\/wp-content\/uploads\/2021\/04\/foto_pasquino_2-150x150.png 150w, https:\/\/ecointernational.ch\/wp-content\/uploads\/2021\/04\/foto_pasquino_2-768x768.png 768w, https:\/\/ecointernational.ch\/wp-content\/uploads\/2021\/04\/foto_pasquino_2.png 1524w\" sizes=\"(max-width: 800px) 100vw, 800px\" \/>\t\t\t\t\t\t\t\t\t\t\t\t\t<\/div>\n\t\t\t\t<\/div>\n\t\t\t\t\t<\/div>\n\t\t<\/div>\n\t\t\t\t<div class=\"elementor-column elementor-col-50 elementor-top-column elementor-element elementor-element-2392c21\" data-id=\"2392c21\" data-element_type=\"column\">\n\t\t\t<div class=\"elementor-widget-wrap elementor-element-populated\">\n\t\t\t\t\t\t<div class=\"elementor-element elementor-element-e204dce elementor-widget elementor-widget-heading\" data-id=\"e204dce\" data-element_type=\"widget\" data-widget_type=\"heading.default\">\n\t\t\t\t<div class=\"elementor-widget-container\">\n\t\t\t<h2 class=\"elementor-heading-title elementor-size-default\">ENG. G. PASQUINO<\/h2>\t\t<\/div>\n\t\t\t\t<\/div>\n\t\t\t\t<div class=\"elementor-element elementor-element-2a7e6f2 elementor-widget elementor-widget-text-editor\" data-id=\"2a7e6f2\" data-element_type=\"widget\" data-widget_type=\"text-editor.default\">\n\t\t\t\t<div class=\"elementor-widget-container\">\n\t\t\t\t\t\t\t<p>El Ing. Giovanni Pasquino, Director General y Fundador de la empresa, graduado en 1995 como Ingeniero Qu\u00edmico con especializaci\u00f3n en Proyectos de Plantas Farmac\u00e9uticas, ha comenzado a trabajar en este sector desde 1987 con su primer trabajo como jefe de proyecto en la construcci\u00f3n de un Hospital en Bangkok.<\/p>\n<p>Ha heredado de su padre la pasi\u00f3n y el inter\u00e9s por el sector farmac\u00e9utico y en 1997 se convirti\u00f3 en el director general de la empresa<\/p>\n<p>Durante estos a\u00f1os, cambi\u00f3 el negocio principal de la empresa, pasando del sector de la transferencia de tecnolog\u00edas farmac\u00e9uticas a una empresa de EPC centrada en plantas farmac\u00e9uticas y hospitales, abriendo nuevos mercados y nuevas asociaciones estrat\u00e9gicas con el fin de satisfacer en 360 grados las necesidades de los clientes de la empresa.<\/p>\n<p>Durante los \u00faltimos a\u00f1os, se han creado diferentes divisiones dentro de Eco International Company, para seguir los nuevos productos tecnol\u00f3gicos y las nuevas tecnolog\u00edas relacionadas con los requisitos actuales del mercado.<\/p>\t\t\t\t\t\t<\/div>\n\t\t\t\t<\/div>\n\t\t\t\t\t<\/div>\n\t\t<\/div>\n\t\t\t\t\t<\/div>\n\t\t<\/section>\n\t\t\t\t<section class=\"elementor-section elementor-top-section elementor-element elementor-element-8f77117 elementor-section-full_width elementor-section-height-default elementor-section-height-default\" data-id=\"8f77117\" data-element_type=\"section\" data-settings=\"{&quot;background_background&quot;:&quot;classic&quot;,&quot;shape_divider_top&quot;:&quot;tilt&quot;,&quot;_ha_eqh_enable&quot;:false}\">\n\t\t\t\t\t<div class=\"elementor-shape elementor-shape-top\" data-negative=\"false\">\n\t\t\t<svg xmlns=\"http:\/\/www.w3.org\/2000\/svg\" viewbox=\"0 0 1000 100\" preserveaspectratio=\"none\">\n\t<path class=\"elementor-shape-fill\" d=\"M0,6V0h1000v100L0,6z\"\/>\n<\/svg>\t\t<\/div>\n\t\t\t\t\t<div class=\"elementor-container elementor-column-gap-default\">\n\t\t\t\t\t<div class=\"elementor-column elementor-col-100 elementor-top-column elementor-element elementor-element-d7f92e2\" data-id=\"d7f92e2\" data-element_type=\"column\">\n\t\t\t<div class=\"elementor-widget-wrap\">\n\t\t\t\t\t\t\t<\/div>\n\t\t<\/div>\n\t\t\t\t\t<\/div>\n\t\t<\/section>\n\t\t\t\t<section class=\"elementor-section elementor-top-section elementor-element elementor-element-5851bd8 elementor-section-full_width elementor-section-height-default elementor-section-height-default\" data-id=\"5851bd8\" data-element_type=\"section\" data-settings=\"{&quot;background_background&quot;:&quot;classic&quot;,&quot;_ha_eqh_enable&quot;:false}\">\n\t\t\t\t\t\t<div class=\"elementor-container elementor-column-gap-default\">\n\t\t\t\t\t<div class=\"elementor-column elementor-col-20 elementor-top-column elementor-element elementor-element-815c298\" data-id=\"815c298\" data-element_type=\"column\">\n\t\t\t<div class=\"elementor-widget-wrap elementor-element-populated\">\n\t\t\t\t\t\t\t<\/div>\n\t\t<\/div>\n\t\t\t\t<div class=\"elementor-column elementor-col-20 elementor-top-column elementor-element elementor-element-cb13c27\" data-id=\"cb13c27\" data-element_type=\"column\">\n\t\t\t<div class=\"elementor-widget-wrap elementor-element-populated\">\n\t\t\t\t\t\t<div class=\"elementor-element elementor-element-32ed78e elementor-widget elementor-widget-heading\" data-id=\"32ed78e\" data-element_type=\"widget\" data-widget_type=\"heading.default\">\n\t\t\t\t<div class=\"elementor-widget-container\">\n\t\t\t<h2 class=\"elementor-heading-title elementor-size-default\">Corso Elvezia, 27<br>\n6900 Lugano (CH)<br>\nTel\u00e9fono: +41 91 921 10 17<br>\nCorreo: info@ecointernational.ch<\/h2>\t\t<\/div>\n\t\t\t\t<\/div>\n\t\t\t\t\t<\/div>\n\t\t<\/div>\n\t\t\t\t<div class=\"elementor-column elementor-col-20 elementor-top-column elementor-element elementor-element-8981517\" data-id=\"8981517\" data-element_type=\"column\">\n\t\t\t<div class=\"elementor-widget-wrap elementor-element-populated\">\n\t\t\t\t\t\t\t<\/div>\n\t\t<\/div>\n\t\t\t\t<div class=\"elementor-column elementor-col-20 elementor-top-column elementor-element elementor-element-e9a02d1\" data-id=\"e9a02d1\" data-element_type=\"column\">\n\t\t\t<div class=\"elementor-widget-wrap elementor-element-populated\">\n\t\t\t\t\t\t<div class=\"elementor-element elementor-element-7381ea2 elementor-widget elementor-widget-heading\" data-id=\"7381ea2\" data-element_type=\"widget\" data-widget_type=\"heading.default\">\n\t\t\t\t<div class=\"elementor-widget-container\">\n\t\t\t<h2 class=\"elementor-heading-title elementor-size-default\">V\u00eda Mario Idiomi, 1\/10<br>\n20057 - Assago (MI)<br>\nCorreo: info@ecoint.it<\/h2>\t\t<\/div>\n\t\t\t\t<\/div>\n\t\t\t\t\t<\/div>\n\t\t<\/div>\n\t\t\t\t<div class=\"elementor-column elementor-col-20 elementor-top-column elementor-element elementor-element-6292a96\" data-id=\"6292a96\" data-element_type=\"column\">\n\t\t\t<div class=\"elementor-widget-wrap elementor-element-populated\">\n\t\t\t\t\t\t\t<\/div>\n\t\t<\/div>\n\t\t\t\t\t<\/div>\n\t\t<\/section>\n\t\t\t\t<\/div>","protected":false},"excerpt":{"rendered":"<p>ECO INTERNATIONAL S.A. ECO INTERNATIONAL SA., with its head office in Lugano Corso Elvezia 27, was founded in 2006 by its main shareholders, Eng. Giovanni Pasquino, CEO of the Company. Eco International SA is the natural evolution of International Pharmachim S.r.l. , founded in 2001 by Eng Giovanni Pasquino with it&#8217;s father Eng Ennio Pasquino, [&hellip;]<\/p>","protected":false},"author":2,"featured_media":0,"parent":0,"menu_order":0,"comment_status":"closed","ping_status":"closed","template":"elementor_header_footer","meta":{"_acf_changed":false,"_monsterinsights_skip_tracking":false,"_monsterinsights_sitenote_active":false,"_monsterinsights_sitenote_note":"","_monsterinsights_sitenote_category":0,"footnotes":""},"class_list":["post-2493","page","type-page","status-publish","hentry"],"acf":[],"yoast_head":"<!-- This site is optimized with the Yoast SEO plugin v23.1 - https:\/\/yoast.com\/wordpress\/plugins\/seo\/ -->\n<title>Company - Eco International<\/title>\n<meta name=\"robots\" content=\"index, follow, max-snippet:-1, max-image-preview:large, max-video-preview:-1\" \/>\n<link rel=\"canonical\" href=\"https:\/\/ecointernational.ch\/es\/company-2\/\" \/>\n<meta property=\"og:locale\" content=\"es_ES\" \/>\n<meta property=\"og:type\" content=\"article\" \/>\n<meta property=\"og:title\" content=\"Company - Eco International\" \/>\n<meta property=\"og:description\" content=\"ECO INTERNATIONAL S.A. ECO INTERNATIONAL SA., with its head office in Lugano Corso Elvezia 27, was founded in 2006 by its main shareholders, Eng. Giovanni Pasquino, CEO of the Company. Eco International SA is the natural evolution of International Pharmachim S.r.l. , founded in 2001 by Eng Giovanni Pasquino with it&#8217;s father Eng Ennio Pasquino, [&hellip;]\" \/>\n<meta property=\"og:url\" content=\"https:\/\/ecointernational.ch\/es\/company-2\/\" \/>\n<meta property=\"og:site_name\" content=\"Eco International\" \/>\n<meta property=\"article:modified_time\" content=\"2021-07-05T15:30:57+00:00\" \/>\n<meta property=\"og:image\" content=\"http:\/\/ecointernational.ch\/wp-content\/uploads\/2021\/04\/foto_pasquino_2-1024x1024.png\" \/>\n<meta name=\"twitter:card\" content=\"summary_large_image\" \/>\n<meta name=\"twitter:label1\" content=\"Tiempo de lectura\" \/>\n\t<meta name=\"twitter:data1\" content=\"3 minutos\" \/>\n<script type=\"application\/ld+json\" class=\"yoast-schema-graph\">{\"@context\":\"https:\/\/schema.org\",\"@graph\":[{\"@type\":\"WebPage\",\"@id\":\"https:\/\/ecointernational.ch\/company-2\/\",\"url\":\"https:\/\/ecointernational.ch\/company-2\/\",\"name\":\"Company - Eco International\",\"isPartOf\":{\"@id\":\"https:\/\/ecointernational.ch\/#website\"},\"primaryImageOfPage\":{\"@id\":\"https:\/\/ecointernational.ch\/company-2\/#primaryimage\"},\"image\":{\"@id\":\"https:\/\/ecointernational.ch\/company-2\/#primaryimage\"},\"thumbnailUrl\":\"http:\/\/ecointernational.ch\/wp-content\/uploads\/2021\/04\/foto_pasquino_2-1024x1024.png\",\"datePublished\":\"2021-04-15T08:38:11+00:00\",\"dateModified\":\"2021-07-05T15:30:57+00:00\",\"breadcrumb\":{\"@id\":\"https:\/\/ecointernational.ch\/company-2\/#breadcrumb\"},\"inLanguage\":\"es\",\"potentialAction\":[{\"@type\":\"ReadAction\",\"target\":[\"https:\/\/ecointernational.ch\/company-2\/\"]}]},{\"@type\":\"ImageObject\",\"inLanguage\":\"es\",\"@id\":\"https:\/\/ecointernational.ch\/company-2\/#primaryimage\",\"url\":\"http:\/\/ecointernational.ch\/wp-content\/uploads\/2021\/04\/foto_pasquino_2-1024x1024.png\",\"contentUrl\":\"http:\/\/ecointernational.ch\/wp-content\/uploads\/2021\/04\/foto_pasquino_2-1024x1024.png\"},{\"@type\":\"BreadcrumbList\",\"@id\":\"https:\/\/ecointernational.ch\/company-2\/#breadcrumb\",\"itemListElement\":[{\"@type\":\"ListItem\",\"position\":1,\"name\":\"Home\",\"item\":\"https:\/\/ecointernational.ch\/\"},{\"@type\":\"ListItem\",\"position\":2,\"name\":\"Company\"}]},{\"@type\":\"WebSite\",\"@id\":\"https:\/\/ecointernational.ch\/#website\",\"url\":\"https:\/\/ecointernational.ch\/\",\"name\":\"Eco International\",\"description\":\"\",\"publisher\":{\"@id\":\"https:\/\/ecointernational.ch\/#organization\"},\"potentialAction\":[{\"@type\":\"SearchAction\",\"target\":{\"@type\":\"EntryPoint\",\"urlTemplate\":\"https:\/\/ecointernational.ch\/?s={search_term_string}\"},\"query-input\":\"required name=search_term_string\"}],\"inLanguage\":\"es\"},{\"@type\":\"Organization\",\"@id\":\"https:\/\/ecointernational.ch\/#organization\",\"name\":\"Eco International\",\"url\":\"https:\/\/ecointernational.ch\/\",\"logo\":{\"@type\":\"ImageObject\",\"inLanguage\":\"es\",\"@id\":\"https:\/\/ecointernational.ch\/#\/schema\/logo\/image\/\",\"url\":\"https:\/\/ecointernational.ch\/wp-content\/uploads\/2020\/09\/LOGO-BLU.png\",\"contentUrl\":\"https:\/\/ecointernational.ch\/wp-content\/uploads\/2020\/09\/LOGO-BLU.png\",\"width\":482,\"height\":180,\"caption\":\"Eco International\"},\"image\":{\"@id\":\"https:\/\/ecointernational.ch\/#\/schema\/logo\/image\/\"}}]}<\/script>\n<!-- \/ Yoast SEO plugin. -->","yoast_head_json":{"title":"Company - Eco International","robots":{"index":"index","follow":"follow","max-snippet":"max-snippet:-1","max-image-preview":"max-image-preview:large","max-video-preview":"max-video-preview:-1"},"canonical":"https:\/\/ecointernational.ch\/es\/company-2\/","og_locale":"es_ES","og_type":"article","og_title":"Company - Eco International","og_description":"ECO INTERNATIONAL S.A. ECO INTERNATIONAL SA., with its head office in Lugano Corso Elvezia 27, was founded in 2006 by its main shareholders, Eng. Giovanni Pasquino, CEO of the Company. Eco International SA is the natural evolution of International Pharmachim S.r.l. , founded in 2001 by Eng Giovanni Pasquino with it&#8217;s father Eng Ennio Pasquino, [&hellip;]","og_url":"https:\/\/ecointernational.ch\/es\/company-2\/","og_site_name":"Eco International","article_modified_time":"2021-07-05T15:30:57+00:00","og_image":[{"url":"http:\/\/ecointernational.ch\/wp-content\/uploads\/2021\/04\/foto_pasquino_2-1024x1024.png"}],"twitter_card":"summary_large_image","twitter_misc":{"Tiempo de lectura":"3 minutos"},"schema":{"@context":"https:\/\/schema.org","@graph":[{"@type":"WebPage","@id":"https:\/\/ecointernational.ch\/company-2\/","url":"https:\/\/ecointernational.ch\/company-2\/","name":"Company - Eco International","isPartOf":{"@id":"https:\/\/ecointernational.ch\/#website"},"primaryImageOfPage":{"@id":"https:\/\/ecointernational.ch\/company-2\/#primaryimage"},"image":{"@id":"https:\/\/ecointernational.ch\/company-2\/#primaryimage"},"thumbnailUrl":"http:\/\/ecointernational.ch\/wp-content\/uploads\/2021\/04\/foto_pasquino_2-1024x1024.png","datePublished":"2021-04-15T08:38:11+00:00","dateModified":"2021-07-05T15:30:57+00:00","breadcrumb":{"@id":"https:\/\/ecointernational.ch\/company-2\/#breadcrumb"},"inLanguage":"es","potentialAction":[{"@type":"ReadAction","target":["https:\/\/ecointernational.ch\/company-2\/"]}]},{"@type":"ImageObject","inLanguage":"es","@id":"https:\/\/ecointernational.ch\/company-2\/#primaryimage","url":"http:\/\/ecointernational.ch\/wp-content\/uploads\/2021\/04\/foto_pasquino_2-1024x1024.png","contentUrl":"http:\/\/ecointernational.ch\/wp-content\/uploads\/2021\/04\/foto_pasquino_2-1024x1024.png"},{"@type":"BreadcrumbList","@id":"https:\/\/ecointernational.ch\/company-2\/#breadcrumb","itemListElement":[{"@type":"ListItem","position":1,"name":"Home","item":"https:\/\/ecointernational.ch\/"},{"@type":"ListItem","position":2,"name":"Company"}]},{"@type":"WebSite","@id":"https:\/\/ecointernational.ch\/#website","url":"https:\/\/ecointernational.ch\/","name":"Eco International","description":"","publisher":{"@id":"https:\/\/ecointernational.ch\/#organization"},"potentialAction":[{"@type":"SearchAction","target":{"@type":"EntryPoint","urlTemplate":"https:\/\/ecointernational.ch\/?s={search_term_string}"},"query-input":"required name=search_term_string"}],"inLanguage":"es"},{"@type":"Organization","@id":"https:\/\/ecointernational.ch\/#organization","name":"Eco International","url":"https:\/\/ecointernational.ch\/","logo":{"@type":"ImageObject","inLanguage":"es","@id":"https:\/\/ecointernational.ch\/#\/schema\/logo\/image\/","url":"https:\/\/ecointernational.ch\/wp-content\/uploads\/2020\/09\/LOGO-BLU.png","contentUrl":"https:\/\/ecointernational.ch\/wp-content\/uploads\/2020\/09\/LOGO-BLU.png","width":482,"height":180,"caption":"Eco International"},"image":{"@id":"https:\/\/ecointernational.ch\/#\/schema\/logo\/image\/"}}]}},"_links":{"self":[{"href":"https:\/\/ecointernational.ch\/es\/wp-json\/wp\/v2\/pages\/2493"}],"collection":[{"href":"https:\/\/ecointernational.ch\/es\/wp-json\/wp\/v2\/pages"}],"about":[{"href":"https:\/\/ecointernational.ch\/es\/wp-json\/wp\/v2\/types\/page"}],"author":[{"embeddable":true,"href":"https:\/\/ecointernational.ch\/es\/wp-json\/wp\/v2\/users\/2"}],"replies":[{"embeddable":true,"href":"https:\/\/ecointernational.ch\/es\/wp-json\/wp\/v2\/comments?post=2493"}],"version-history":[{"count":63,"href":"https:\/\/ecointernational.ch\/es\/wp-json\/wp\/v2\/pages\/2493\/revisions"}],"predecessor-version":[{"id":3488,"href":"https:\/\/ecointernational.ch\/es\/wp-json\/wp\/v2\/pages\/2493\/revisions\/3488"}],"wp:attachment":[{"href":"https:\/\/ecointernational.ch\/es\/wp-json\/wp\/v2\/media?parent=2493"}],"curies":[{"name":"wp","href":"https:\/\/api.w.org\/{rel}","templated":true}]}}